{"id":10818,"date":"1970-01-01T00:00:00","date_gmt":"1969-12-31T23:00:00","guid":{"rendered":"http:\/\/univet.hu\/oktatas\/kurzusok\/gyogynovenyismeret\/"},"modified":"2025-09-02T13:27:39","modified_gmt":"2025-09-02T11:27:39","slug":"gyogynovenyismeret","status":"publish","type":"page","link":"https:\/\/univet.hu\/hu\/oktatas\/kurzusok\/gyogynovenyismeret\/","title":{"rendered":"Gy\u00f3gyn\u00f6v\u00e9nyismeret"},"content":{"rendered":"<h4>Kreditpontok<\/h4> <p><span style=\"color: #0000ff\">Biol\u00f3gusokn\u00e1l &#8222;B&#8221; t\u00edpus\u00fa t\u00e1rgyk\u00e9nt 2<\/span><\/p> <p><span style=\"color: #0000ff\">\u00c1llatorvosokn\u00e1l &#8222;C&#8221; t\u00edpus\u00fa t\u00e1rgyk\u00e9nt 1<\/span><\/p> <p>&nbsp;<\/p> <p>Tant\u00e1rgyfelel\u0151s oktat\u00f3 (e-mail):\u00a0Dr. Cserhalmi D\u00e1niel, <a class=\"decrypt\" rel=\"dtfsibmnj\/ebojfmAvojwfu\/iv\" href=\"javascript:void(0);\">[Kattintson az emailc\u00edmhez]<\/a><\/p> <p><strong>Oktat\u00e1sban r\u00e9sztvev\u0151 tan\u00e1r: Dr. Gerencs\u00e9r Ferencn\u00e9 (<a class=\"decrypt\" rel=\"Hfsfodtfsof\/Tfjem\/LbubmjoAvojwfu\/iv\" href=\"javascript:void(0);\">[Kattintson az emailc\u00edmhez]<\/a>)<\/strong><\/p> <p><strong>El\u0151ad\u00e1sok helysz\u00ednei: 1077. Bp. Rottenbiller u. 50. 1. emelet<\/strong><\/p> <p>A t\u00e1rgy c\u00e9lja, hogy bemutassa a legfontosabb gy\u00f3gy\u00edt\u00f3 hat\u00e1s\u00fa n\u00f6v\u00e9nyeket, valamint azon vegy\u00fcleteiket, melyekkel a gy\u00f3gyhat\u00e1s \u00f6sszef\u00fcgg. Ismerteti a gy\u00f3gyhat\u00e1sokat \u00e9s esetleges felhaszn\u00e1l\u00e1si lehet\u0151s\u00e9geiket is.<\/p> <p><strong><u>Aj\u00e1nlott irodalom:<\/u><\/strong><\/p> <p>Csupor, D. &#8211; Szendrei, K.: Gy\u00f3gyn\u00f6v\u00e9nyt\u00e1r. Medicina K\u00f6nyvkiad\u00f3, Budapest, 2012.<\/p> <p>D\u00e1nos, B.: Gy\u00f3gyn\u00f6v\u00e9nyismeret I-III. Semmelweis Kiad\u00f3, Budapest, 1992.<\/p> <p>Szab\u00f3, Gy. L.: Fitoter\u00e1piai \u00fatmutat\u00f3. Melius, P\u00e9cs, 1991.<\/p> <p><u><strong>K\u00f6telez\u0151 irodalom:\u00a0<\/strong><\/u><\/p> <p>Az el\u0151ad\u00e1sok anyaga.<\/p> <p>&nbsp;<\/p> <p>&nbsp;<\/p>","protected":false},"excerpt":{"rendered":"<p>Kreditpontok Biol\u00f3gusokn\u00e1l &#8222;B&#8221; t\u00edpus\u00fa t\u00e1rgyk\u00e9nt 2 \u00c1llatorvosokn\u00e1l &#8222;C&#8221; t\u00edpus\u00fa t\u00e1rgyk\u00e9nt 1 &nbsp; Tant\u00e1rgyfelel\u0151s oktat\u00f3 (e-mail):\u00a0Dr. Cserhalmi D\u00e1niel, [Kattintson az emailc\u00edmhez] Oktat\u00e1sban r\u00e9sztvev\u0151 tan\u00e1r: Dr. Gerencs\u00e9r Ferencn\u00e9 ([Kattintson az emailc\u00edmhez]) El\u0151ad\u00e1sok helysz\u00ednei: 1077. Bp. Rottenbiller u. 50. 1. emelet A t\u00e1rgy c\u00e9lja, hogy bemutassa a legfontosabb gy\u00f3gy\u00edt\u00f3 hat\u00e1s\u00fa n\u00f6v\u00e9nyeket, valamint azon vegy\u00fcleteiket, melyekkel a gy\u00f3gyhat\u00e1s \u00f6sszef\u00fcgg.<\/p>\n","protected":false},"author":3837,"featured_media":0,"parent":677,"menu_order":164,"comment_status":"closed","ping_status":"closed","template":"","meta":{"_acf_changed":false,"footnotes":""},"categories":[],"tags":[],"class_list":["post-10818","page","type-page","status-publish","hentry"],"acf":[],"_links":{"self":[{"href":"https:\/\/univet.hu\/hu\/wp-json\/wp\/v2\/pages\/10818","targetHints":{"allow":["GET"]}}],"collection":[{"href":"https:\/\/univet.hu\/hu\/wp-json\/wp\/v2\/pages"}],"about":[{"href":"https:\/\/univet.hu\/hu\/wp-json\/wp\/v2\/types\/page"}],"author":[{"embeddable":true,"href":"https:\/\/univet.hu\/hu\/wp-json\/wp\/v2\/users\/3837"}],"replies":[{"embeddable":true,"href":"https:\/\/univet.hu\/hu\/wp-json\/wp\/v2\/comments?post=10818"}],"version-history":[{"count":2,"href":"https:\/\/univet.hu\/hu\/wp-json\/wp\/v2\/pages\/10818\/revisions"}],"predecessor-version":[{"id":189872,"href":"https:\/\/univet.hu\/hu\/wp-json\/wp\/v2\/pages\/10818\/revisions\/189872"}],"up":[{"embeddable":true,"href":"https:\/\/univet.hu\/hu\/wp-json\/wp\/v2\/pages\/677"}],"wp:attachment":[{"href":"https:\/\/univet.hu\/hu\/wp-json\/wp\/v2\/media?parent=10818"}],"wp:term":[{"taxonomy":"category","embeddable":true,"href":"https:\/\/univet.hu\/hu\/wp-json\/wp\/v2\/categories?post=10818"},{"taxonomy":"post_tag","embeddable":true,"href":"https:\/\/univet.hu\/hu\/wp-json\/wp\/v2\/tags?post=10818"}],"curies":[{"name":"wp","href":"https:\/\/api.w.org\/{rel}","templated":true}]}}