{"id":10821,"date":"1970-01-01T00:00:00","date_gmt":"1969-12-31T23:00:00","guid":{"rendered":"http:\/\/univet.hu\/oktatas\/kurzusok\/halegeszsegugy\/"},"modified":"2025-04-23T12:02:18","modified_gmt":"2025-04-23T10:02:18","slug":"halegeszsegugy","status":"publish","type":"page","link":"https:\/\/univet.hu\/hu\/oktatas\/kurzusok\/halegeszsegugy\/","title":{"rendered":"Haleg\u00e9szs\u00e9g\u00fcgy"},"content":{"rendered":"<p>Az el\u0151\u00edrt 24 \u00f3ra elm\u00e9leti oktat\u00e1s keret\u00e9ben felk\u00e9sz\u00edteni a leend\u0151 \u00e1llatorvosokat a gyakorlati halk\u00f3rtani munk\u00e1ra. A \u201eT\u00f3gazdas\u00e1gi ismeretek\u201d c. fakultat\u00edv tant\u00e1rgy megalapoz\u00e1sa.<\/p> <p>&nbsp;<\/p> <p>&nbsp;<\/p> <p><strong>K\u00f6telez\u0151 szakirodalom:<\/strong><\/p> <p>El\u0151ad\u00e1sok ppt f\u00e1jljaiban kiadott anyag<\/p> <p>Baska,F.: Elektronikus jegyzet<\/p> <p>Moln\u00e1r-Baska: Halbetegs\u00e9gek, 2017.<\/p> <p>&nbsp;<\/p> <p><strong>Aj\u00e1nlott szakirodalom:<\/strong><\/p> <p>Roberts (2000): Fish pathology<\/p> <p>Kabata (1990) Tropical fish diseases<\/p> <p>Stosskopf (1990) Fish Medicine<\/p>","protected":false},"excerpt":{"rendered":"<p>Az el\u0151\u00edrt 24 \u00f3ra elm\u00e9leti oktat\u00e1s keret\u00e9ben felk\u00e9sz\u00edteni a leend\u0151 \u00e1llatorvosokat a gyakorlati halk\u00f3rtani munk\u00e1ra. A \u201eT\u00f3gazdas\u00e1gi ismeretek\u201d c. fakultat\u00edv tant\u00e1rgy megalapoz\u00e1sa. &nbsp; &nbsp; K\u00f6telez\u0151 szakirodalom: El\u0151ad\u00e1sok ppt f\u00e1jljaiban kiadott anyag Baska,F.: Elektronikus jegyzet Moln\u00e1r-Baska: Halbetegs\u00e9gek, 2017. &nbsp; Aj\u00e1nlott szakirodalom: Roberts (2000): Fish pathology Kabata (1990) Tropical fish diseases Stosskopf (1990) Fish Medicine<\/p>\n","protected":false},"author":3837,"featured_media":0,"parent":677,"menu_order":164,"comment_status":"closed","ping_status":"closed","template":"","meta":{"_acf_changed":false,"footnotes":""},"categories":[],"tags":[],"class_list":["post-10821","page","type-page","status-publish","hentry"],"acf":[],"_links":{"self":[{"href":"https:\/\/univet.hu\/hu\/wp-json\/wp\/v2\/pages\/10821","targetHints":{"allow":["GET"]}}],"collection":[{"href":"https:\/\/univet.hu\/hu\/wp-json\/wp\/v2\/pages"}],"about":[{"href":"https:\/\/univet.hu\/hu\/wp-json\/wp\/v2\/types\/page"}],"author":[{"embeddable":true,"href":"https:\/\/univet.hu\/hu\/wp-json\/wp\/v2\/users\/3837"}],"replies":[{"embeddable":true,"href":"https:\/\/univet.hu\/hu\/wp-json\/wp\/v2\/comments?post=10821"}],"version-history":[{"count":3,"href":"https:\/\/univet.hu\/hu\/wp-json\/wp\/v2\/pages\/10821\/revisions"}],"predecessor-version":[{"id":179041,"href":"https:\/\/univet.hu\/hu\/wp-json\/wp\/v2\/pages\/10821\/revisions\/179041"}],"up":[{"embeddable":true,"href":"https:\/\/univet.hu\/hu\/wp-json\/wp\/v2\/pages\/677"}],"wp:attachment":[{"href":"https:\/\/univet.hu\/hu\/wp-json\/wp\/v2\/media?parent=10821"}],"wp:term":[{"taxonomy":"category","embeddable":true,"href":"https:\/\/univet.hu\/hu\/wp-json\/wp\/v2\/categories?post=10821"},{"taxonomy":"post_tag","embeddable":true,"href":"https:\/\/univet.hu\/hu\/wp-json\/wp\/v2\/tags?post=10821"}],"curies":[{"name":"wp","href":"https:\/\/api.w.org\/{rel}","templated":true}]}}