{"id":10830,"date":"1970-01-01T00:00:00","date_gmt":"1969-12-31T23:00:00","guid":{"rendered":"http:\/\/univet.hu\/oktatas\/kurzusok\/igazsagugyi-allatgenetika-b\/"},"modified":"2023-08-29T19:58:56","modified_gmt":"2023-08-29T17:58:56","slug":"igazsagugyi-allatgenetika-b","status":"publish","type":"page","link":"https:\/\/univet.hu\/hu\/oktatas\/kurzusok\/igazsagugyi-allatgenetika-b\/","title":{"rendered":"Igazs\u00e1g\u00fcgyi \u00e1llatgenetika"},"content":{"rendered":"<p>\u00c9l\u0151k\u00f6vetelm\u00e9nyek: \u00c1llatorvosi genetika \u00e9s \u00e1llatteny\u00e9szt\u00e9stan<\/p> <p>Az el\u0151ad\u00e1sok t\u00e9m\u00e1i (5 h\u00e9ten \u00e1t 5&#215;3 \u00f3r\u00e1ban):<\/p> <table width=\"101%\"> <tbody> <tr> <td width=\"47%\"><strong>T\u00e9mak\u00f6r\u00f6k<\/strong><\/td> <\/tr> <tr> <td width=\"47%\">\u00d6sszehasonl\u00edt\u00f3 igazs\u00e1g\u00fcgyi orvostan \u00e9s az igazs\u00e1g\u00fcgyi genetika t\u00f6rt\u00e9neti-, t\u00f6rv\u00e9nyi- \u00e9s etikai h\u00e1tter\u00e9nek \u00e1ttekint\u00e9se, \u00e1llati jogok, b\u0171ncselekm\u00e9nyek \u00e9s helysz\u00ednek. Tudom\u00e1nyos alap\u00fa helysz\u00ednel\u00e9s, mintat\u00edpusok.<\/td> <\/tr> <tr> <td width=\"47%\">Igazs\u00e1g\u00fcgyi genetikai vizsg\u00e1latok ragadoz\u00f3 madarakon<\/td> <\/tr> <tr> <td width=\"47%\">Genetikai alapok, genetikai polimorfizmusok a sejtmagi- \u00e9s mitokondri\u00e1lis genomban, a gyakori \u00e9rintett \u00e1llatfajok genetikai alapismerete, technol\u00f3gia \u00e9s m\u00f3dszertan, val\u00f3sz\u00edn\u0171s\u00edt\u0151 \u00e9s igazol\u00f3 vizsg\u00e1latok.<\/td> <\/tr> <tr> <td width=\"47%\">Popul\u00e1ci\u00f3 genetikai alapok, statisztika, a genetikai profil, egyedis\u00e9g, lesz\u00e1rmaz\u00e1s. Igazs\u00e1g\u00fcgyi genetika a gyakorlatban, \u201ewildlife forensics\u201d, esettanulm\u00e1nyok<\/td> <\/tr> <tr> <td width=\"47%\">Bevezet\u00e9s a forenzikus gondolkod\u00e1sba, esettanulm\u00e1nyok<\/td> <\/tr> <tr> <td width=\"47%\">Konzult\u00e1ci\u00f3, vizsga<\/td> <\/tr> <\/tbody> <\/table> <p>&nbsp;<\/p> <p>A sz\u00e1monk\u00e9r\u00e9s form\u00e1ja: \u00cdr\u00e1sbeli vizsga (teszt)<\/p> <p>Felel\u0151s tan\u00e1r: Dr. Zenke Petra<\/p> <p>El\u0151ad\u00f3k: Dr. Zenke Petra, Dr. P\u00e1d\u00e1r Zsolt, Dr. Szab\u00f3 Kriszti\u00e1n, Zork\u00f3czy Orsolya<\/p>","protected":false},"excerpt":{"rendered":"<p>\u00c9l\u0151k\u00f6vetelm\u00e9nyek: \u00c1llatorvosi genetika \u00e9s \u00e1llatteny\u00e9szt\u00e9stan Az el\u0151ad\u00e1sok t\u00e9m\u00e1i (5 h\u00e9ten \u00e1t 5&#215;3 \u00f3r\u00e1ban): T\u00e9mak\u00f6r\u00f6k \u00d6sszehasonl\u00edt\u00f3 igazs\u00e1g\u00fcgyi orvostan \u00e9s az igazs\u00e1g\u00fcgyi genetika t\u00f6rt\u00e9neti-, t\u00f6rv\u00e9nyi- \u00e9s etikai h\u00e1tter\u00e9nek \u00e1ttekint\u00e9se, \u00e1llati jogok, b\u0171ncselekm\u00e9nyek \u00e9s helysz\u00ednek. Tudom\u00e1nyos alap\u00fa helysz\u00ednel\u00e9s, mintat\u00edpusok. Igazs\u00e1g\u00fcgyi genetikai vizsg\u00e1latok ragadoz\u00f3 madarakon Genetikai alapok, genetikai polimorfizmusok a sejtmagi- \u00e9s mitokondri\u00e1lis genomban, a gyakori \u00e9rintett \u00e1llatfajok genetikai<\/p>\n","protected":false},"author":3837,"featured_media":0,"parent":677,"menu_order":164,"comment_status":"closed","ping_status":"closed","template":"","meta":{"_acf_changed":false,"footnotes":""},"categories":[],"tags":[],"class_list":["post-10830","page","type-page","status-publish","hentry"],"acf":[],"_links":{"self":[{"href":"https:\/\/univet.hu\/hu\/wp-json\/wp\/v2\/pages\/10830","targetHints":{"allow":["GET"]}}],"collection":[{"href":"https:\/\/univet.hu\/hu\/wp-json\/wp\/v2\/pages"}],"about":[{"href":"https:\/\/univet.hu\/hu\/wp-json\/wp\/v2\/types\/page"}],"author":[{"embeddable":true,"href":"https:\/\/univet.hu\/hu\/wp-json\/wp\/v2\/users\/3837"}],"replies":[{"embeddable":true,"href":"https:\/\/univet.hu\/hu\/wp-json\/wp\/v2\/comments?post=10830"}],"version-history":[{"count":0,"href":"https:\/\/univet.hu\/hu\/wp-json\/wp\/v2\/pages\/10830\/revisions"}],"up":[{"embeddable":true,"href":"https:\/\/univet.hu\/hu\/wp-json\/wp\/v2\/pages\/677"}],"wp:attachment":[{"href":"https:\/\/univet.hu\/hu\/wp-json\/wp\/v2\/media?parent=10830"}],"wp:term":[{"taxonomy":"category","embeddable":true,"href":"https:\/\/univet.hu\/hu\/wp-json\/wp\/v2\/categories?post=10830"},{"taxonomy":"post_tag","embeddable":true,"href":"https:\/\/univet.hu\/hu\/wp-json\/wp\/v2\/tags?post=10830"}],"curies":[{"name":"wp","href":"https:\/\/api.w.org\/{rel}","templated":true}]}}