{"id":10831,"date":"1970-01-01T00:00:00","date_gmt":"1969-12-31T23:00:00","guid":{"rendered":"http:\/\/univet.hu\/oktatas\/kurzusok\/igazsagugyi-allatorvostan\/"},"modified":"2026-01-12T16:46:30","modified_gmt":"2026-01-12T15:46:30","slug":"igazsagugyi-allatorvostan","status":"publish","type":"page","link":"https:\/\/univet.hu\/hu\/oktatas\/kurzusok\/igazsagugyi-allatorvostan\/","title":{"rendered":"T\u00f6rv\u00e9nysz\u00e9ki (Igazs\u00e1g\u00fcgyi) \u00e1llatorvostan"},"content":{"rendered":"<p style=\"text-align: left\">Tant\u00e1rgyfelel\u0151s: Dr. Csintalan Csaba<\/p> <p style=\"text-align: left\">Az \u00e1llatorvosok felk\u00e9sz\u00edt\u00e9se az \u00e1llatok ad\u00e1s-v\u00e9tel\u00e9vek \u00e9s a k\u00e1rt\u00e9r\u00edt\u00e9si felel\u0151ss\u00e9ggel kapcsolatos jogvit\u00e1k megel\u0151z\u00e9sre, illetve jogvit\u00e1k eset\u00e9n a szak\u00e9rt\u0151i tev\u00e9kenys\u00e9gre<\/p> <p>&nbsp;<\/p> <p>&nbsp;<\/p> <p>&nbsp;<\/p>","protected":false},"excerpt":{"rendered":"<p>Tant\u00e1rgyfelel\u0151s: Dr. Csintalan Csaba Az \u00e1llatorvosok felk\u00e9sz\u00edt\u00e9se az \u00e1llatok ad\u00e1s-v\u00e9tel\u00e9vek \u00e9s a k\u00e1rt\u00e9r\u00edt\u00e9si felel\u0151ss\u00e9ggel kapcsolatos jogvit\u00e1k megel\u0151z\u00e9sre, illetve jogvit\u00e1k eset\u00e9n a szak\u00e9rt\u0151i tev\u00e9kenys\u00e9gre &nbsp; &nbsp; &nbsp;<\/p>\n","protected":false},"author":3837,"featured_media":0,"parent":677,"menu_order":164,"comment_status":"closed","ping_status":"closed","template":"","meta":{"_acf_changed":false,"footnotes":""},"categories":[],"tags":[],"class_list":["post-10831","page","type-page","status-publish","hentry"],"acf":[],"_links":{"self":[{"href":"https:\/\/univet.hu\/hu\/wp-json\/wp\/v2\/pages\/10831","targetHints":{"allow":["GET"]}}],"collection":[{"href":"https:\/\/univet.hu\/hu\/wp-json\/wp\/v2\/pages"}],"about":[{"href":"https:\/\/univet.hu\/hu\/wp-json\/wp\/v2\/types\/page"}],"author":[{"embeddable":true,"href":"https:\/\/univet.hu\/hu\/wp-json\/wp\/v2\/users\/3837"}],"replies":[{"embeddable":true,"href":"https:\/\/univet.hu\/hu\/wp-json\/wp\/v2\/comments?post=10831"}],"version-history":[{"count":3,"href":"https:\/\/univet.hu\/hu\/wp-json\/wp\/v2\/pages\/10831\/revisions"}],"predecessor-version":[{"id":197784,"href":"https:\/\/univet.hu\/hu\/wp-json\/wp\/v2\/pages\/10831\/revisions\/197784"}],"up":[{"embeddable":true,"href":"https:\/\/univet.hu\/hu\/wp-json\/wp\/v2\/pages\/677"}],"wp:attachment":[{"href":"https:\/\/univet.hu\/hu\/wp-json\/wp\/v2\/media?parent=10831"}],"wp:term":[{"taxonomy":"category","embeddable":true,"href":"https:\/\/univet.hu\/hu\/wp-json\/wp\/v2\/categories?post=10831"},{"taxonomy":"post_tag","embeddable":true,"href":"https:\/\/univet.hu\/hu\/wp-json\/wp\/v2\/tags?post=10831"}],"curies":[{"name":"wp","href":"https:\/\/api.w.org\/{rel}","templated":true}]}}