{"id":10832,"date":"1970-01-01T00:00:00","date_gmt":"1969-12-31T23:00:00","guid":{"rendered":"http:\/\/univet.hu\/oktatas\/kurzusok\/immunologia-alapjai-biologia-bsc\/"},"modified":"2022-08-31T13:03:26","modified_gmt":"2022-08-31T11:03:26","slug":"immunologia-alapjai-biologia-bsc","status":"publish","type":"page","link":"https:\/\/univet.hu\/hu\/oktatas\/kurzusok\/immunologia-alapjai-biologia-bsc\/","title":{"rendered":"Immunol\u00f3gia alapjai (Biol\u00f3gia BSc)"},"content":{"rendered":"<p>Tant\u00e1rgyfelel\u0151s: Dr. L\u0151rincz M\u00e1rta<\/p> <p>El\u0151tanulm\u00e1nyi k\u00f6vetelm\u00e9ny: Bevezet\u00e9s a biol\u00f3gi\u00e1ba<\/p> <p>A tant\u00e1rgy k\u00e9pz\u00e9si c\u00e9lja: Immunol\u00f3gia alapismereteinek elsaj\u00e1t\u00edt\u00e1sa<\/p> <p>Aj\u00e1nlott irodalom:<\/p> <p>Valk\u00f3 A. \u00e9s L\u0151rincz M.: Immunol\u00f3giai illusztr\u00e1ci\u00f3k k\u00f6nyve. A\/3 Nyomdaipari \u00e9s Kiad\u00f3i Szolg\u00e1ltat\u00f3 Kft, 2020.<\/p> <p>Erdei Anna &#8211; S\u00e1rmay Gabriella &#8211; Prechl J\u00f3zsef: Immunol\u00f3gia. 4. \u00e1tdolg. kiad. Medicina, 2012.<\/p> <p>&nbsp;<\/p>","protected":false},"excerpt":{"rendered":"<p>Tant\u00e1rgyfelel\u0151s: Dr. L\u0151rincz M\u00e1rta El\u0151tanulm\u00e1nyi k\u00f6vetelm\u00e9ny: Bevezet\u00e9s a biol\u00f3gi\u00e1ba A tant\u00e1rgy k\u00e9pz\u00e9si c\u00e9lja: Immunol\u00f3gia alapismereteinek elsaj\u00e1t\u00edt\u00e1sa Aj\u00e1nlott irodalom: Valk\u00f3 A. \u00e9s L\u0151rincz M.: Immunol\u00f3giai illusztr\u00e1ci\u00f3k k\u00f6nyve. A\/3 Nyomdaipari \u00e9s Kiad\u00f3i Szolg\u00e1ltat\u00f3 Kft, 2020. Erdei Anna &#8211; S\u00e1rmay Gabriella &#8211; Prechl J\u00f3zsef: Immunol\u00f3gia. 4. \u00e1tdolg. kiad. Medicina, 2012. &nbsp;<\/p>\n","protected":false},"author":3837,"featured_media":0,"parent":677,"menu_order":164,"comment_status":"closed","ping_status":"closed","template":"","meta":{"_acf_changed":false,"footnotes":""},"categories":[],"tags":[],"class_list":["post-10832","page","type-page","status-publish","hentry"],"acf":[],"_links":{"self":[{"href":"https:\/\/univet.hu\/hu\/wp-json\/wp\/v2\/pages\/10832","targetHints":{"allow":["GET"]}}],"collection":[{"href":"https:\/\/univet.hu\/hu\/wp-json\/wp\/v2\/pages"}],"about":[{"href":"https:\/\/univet.hu\/hu\/wp-json\/wp\/v2\/types\/page"}],"author":[{"embeddable":true,"href":"https:\/\/univet.hu\/hu\/wp-json\/wp\/v2\/users\/3837"}],"replies":[{"embeddable":true,"href":"https:\/\/univet.hu\/hu\/wp-json\/wp\/v2\/comments?post=10832"}],"version-history":[{"count":0,"href":"https:\/\/univet.hu\/hu\/wp-json\/wp\/v2\/pages\/10832\/revisions"}],"up":[{"embeddable":true,"href":"https:\/\/univet.hu\/hu\/wp-json\/wp\/v2\/pages\/677"}],"wp:attachment":[{"href":"https:\/\/univet.hu\/hu\/wp-json\/wp\/v2\/media?parent=10832"}],"wp:term":[{"taxonomy":"category","embeddable":true,"href":"https:\/\/univet.hu\/hu\/wp-json\/wp\/v2\/categories?post=10832"},{"taxonomy":"post_tag","embeddable":true,"href":"https:\/\/univet.hu\/hu\/wp-json\/wp\/v2\/tags?post=10832"}],"curies":[{"name":"wp","href":"https:\/\/api.w.org\/{rel}","templated":true}]}}