{"id":10833,"date":"1970-01-01T00:00:00","date_gmt":"1969-12-31T23:00:00","guid":{"rendered":"http:\/\/univet.hu\/oktatas\/kurzusok\/immunszabalyozas-biologia-msc\/"},"modified":"2021-08-29T23:31:06","modified_gmt":"2021-08-29T21:31:06","slug":"immunszabalyozas-biologia-msc","status":"publish","type":"page","link":"https:\/\/univet.hu\/hu\/oktatas\/kurzusok\/immunszabalyozas-biologia-msc\/","title":{"rendered":"Immunszab\u00e1lyoz\u00e1s (Biol\u00f3gia MSc)"},"content":{"rendered":"<p>Tant\u00e1rgyfelel\u0151s: Dr. L\u0151rincz M\u00e1rta<\/p> <p>El\u0151tanulm\u00e1nyi k\u00f6vetelm\u00e9ny: mikrobiol\u00f3gia, immunol\u00f3gia alapjai<\/p> <p>Aj\u00e1nlott irodalom:<\/p> <p>Valk\u00f3 A. \u00e9s L\u0151rincz M.: Immunol\u00f3giai illusztr\u00e1ci\u00f3k k\u00f6nyve. A\/3 Nyomdaipari \u00e9s Kiad\u00f3i Szolg\u00e1ltat\u00f3 Kft, 2020.<\/p> <p>Gergely, J., \u00e9s Erdei A. 2000. Immunbiol\u00f3gia. 2. kiad\u00e1s Medicina K\u00f6nyvkiad\u00f3 Rt., Budapest.<br \/> Janeway Jr., C. A., P. Travers, M. Walport, and M. J. Shlomchik. 2001. Immunobiology: the immune system in health and disease. Garland Publishing, New York, NY.<\/p> <p>&nbsp;<\/p>","protected":false},"excerpt":{"rendered":"<p>Tant\u00e1rgyfelel\u0151s: Dr. L\u0151rincz M\u00e1rta El\u0151tanulm\u00e1nyi k\u00f6vetelm\u00e9ny: mikrobiol\u00f3gia, immunol\u00f3gia alapjai Aj\u00e1nlott irodalom: Valk\u00f3 A. \u00e9s L\u0151rincz M.: Immunol\u00f3giai illusztr\u00e1ci\u00f3k k\u00f6nyve. A\/3 Nyomdaipari \u00e9s Kiad\u00f3i Szolg\u00e1ltat\u00f3 Kft, 2020. Gergely, J., \u00e9s Erdei A. 2000. Immunbiol\u00f3gia. 2. kiad\u00e1s Medicina K\u00f6nyvkiad\u00f3 Rt., Budapest. Janeway Jr., C. A., P. Travers, M. Walport, and M. J. Shlomchik. 2001. Immunobiology: the immune<\/p>\n","protected":false},"author":3837,"featured_media":0,"parent":677,"menu_order":164,"comment_status":"closed","ping_status":"closed","template":"","meta":{"_acf_changed":false,"footnotes":""},"categories":[],"tags":[],"class_list":["post-10833","page","type-page","status-publish","hentry"],"acf":[],"_links":{"self":[{"href":"https:\/\/univet.hu\/hu\/wp-json\/wp\/v2\/pages\/10833","targetHints":{"allow":["GET"]}}],"collection":[{"href":"https:\/\/univet.hu\/hu\/wp-json\/wp\/v2\/pages"}],"about":[{"href":"https:\/\/univet.hu\/hu\/wp-json\/wp\/v2\/types\/page"}],"author":[{"embeddable":true,"href":"https:\/\/univet.hu\/hu\/wp-json\/wp\/v2\/users\/3837"}],"replies":[{"embeddable":true,"href":"https:\/\/univet.hu\/hu\/wp-json\/wp\/v2\/comments?post=10833"}],"version-history":[{"count":0,"href":"https:\/\/univet.hu\/hu\/wp-json\/wp\/v2\/pages\/10833\/revisions"}],"up":[{"embeddable":true,"href":"https:\/\/univet.hu\/hu\/wp-json\/wp\/v2\/pages\/677"}],"wp:attachment":[{"href":"https:\/\/univet.hu\/hu\/wp-json\/wp\/v2\/media?parent=10833"}],"wp:term":[{"taxonomy":"category","embeddable":true,"href":"https:\/\/univet.hu\/hu\/wp-json\/wp\/v2\/categories?post=10833"},{"taxonomy":"post_tag","embeddable":true,"href":"https:\/\/univet.hu\/hu\/wp-json\/wp\/v2\/tags?post=10833"}],"curies":[{"name":"wp","href":"https:\/\/api.w.org\/{rel}","templated":true}]}}