{"id":10835,"date":"1970-01-01T00:00:00","date_gmt":"1969-12-31T23:00:00","guid":{"rendered":"http:\/\/univet.hu\/oktatas\/kurzusok\/informatika-i-ao\/"},"modified":"2024-10-08T14:44:01","modified_gmt":"2024-10-08T12:44:01","slug":"informatika-i-ao","status":"publish","type":"page","link":"https:\/\/univet.hu\/hu\/oktatas\/kurzusok\/informatika-i-ao\/","title":{"rendered":"Informatika (\u00e1llatorvosoknak)"},"content":{"rendered":"<p>Tananyagok helye: <a href=\"https:\/\/biomat.univet.hu\/moodle\/course\/index.php?categoryid=56\">E-LEARNING SZERVER<\/a><\/p> <p>A t\u00e1rgy oktat\u00e1s\u00e1nak c\u00e9lja, hogy a hallgat\u00f3k naprak\u00e9sz inform\u00e1ci\u00f3t kapjanak az informatika aktu\u00e1lis, felhaszn\u00e1l\u00f3i szint\u0171 k\u00e9rd\u00e9seiben.<\/p> <h5>Oktat\u00f3k<\/h5> <p><strong>El\u0151ad\u00e1s:<\/strong><\/p> <p>I. H\u00e9tf\u0151 12:15-13:00\u00a0 Magyary-Kossa Gy. el\u0151ad\u00f3, Abonyi-T\u00f3th Zsolt<br \/> II. Cs\u00fct\u00f6rt\u00f6k 14:15-15:00 Tormay B. el\u0151ad\u00f3, Abonyi-T\u00f3th Zsolt<\/p> <table style=\"height: 290px; width: 413px;\" width=\"437\"> <thead> <tr style=\"height: 24px;\"> <th style=\"width: 80.4062px; height: 24px;\">Csoport<\/th> <th style=\"width: 54.2812px; height: 24px;\">Terem<\/th> <th style=\"width: 119.609px; height: 24px;\">Id\u0151pont<\/th> <th style=\"width: 130.703px; height: 24px;\">Oktat\u00f3<\/th> <\/tr> <\/thead> <tbody> <tr style=\"height: 24px;\"> <td style=\"width: 80.4062px; height: 24px;\">I\/1<\/td> <td style=\"width: 54.2812px; height: 24px;\">H2<\/td> <td style=\"width: 119.609px; height: 24px;\">K 12:15<\/td> <td style=\"width: 130.703px; height: 24px;\">Paszerbovics Bettina<\/td> <\/tr> <tr style=\"height: 24px;\"> <td style=\"width: 80.4062px; height: 24px;\">I\/2<\/td> <td style=\"width: 54.2812px; height: 24px;\">H2<\/td> <td style=\"width: 119.609px; height: 24px;\">K 14:15<\/td> <td style=\"width: 130.703px; height: 24px;\">Paszerbovics Bettina<\/td> <\/tr> <tr style=\"height: 24px;\"> <td style=\"width: 80.4062px; height: 24px;\">I\/3<\/td> <td style=\"width: 54.2812px; height: 24px;\">H1<\/td> <td style=\"width: 119.609px; height: 24px;\">Sz 10:15<\/td> <td style=\"width: 130.703px; height: 24px;\">Elek Zolt\u00e1n<\/td> <\/tr> <tr style=\"height: 24px;\"> <td style=\"width: 80.4062px; height: 24px;\">I\/4<\/td> <td style=\"width: 54.2812px; height: 24px;\">H2<\/td> <td style=\"width: 119.609px; height: 24px;\">Cs 10:15<\/td> <td style=\"width: 130.703px; height: 24px;\">Kov\u00e1cs \u00c1gnes<\/td> <\/tr> <tr style=\"height: 24px;\"> <td style=\"width: 80.4062px; height: 24px;\">I\/5<\/td> <td style=\"width: 54.2812px; height: 24px;\">H2<\/td> <td style=\"width: 119.609px; height: 24px;\">Cs 10:15<\/td> <td style=\"width: 130.703px; height: 24px;\">Feh\u00e9rv\u00e1ri P\u00e9ter<\/td> <\/tr> <tr style=\"height: 24px;\"> <td style=\"width: 80.4062px; height: 24px;\">I\/6<\/td> <td style=\"width: 54.2812px; height: 24px;\">N3<\/td> <td style=\"width: 119.609px; height: 24px;\">Cs 10:15<\/td> <td style=\"width: 130.703px; height: 24px;\">Abonyi-T\u00f3th Zsolt<\/td> <\/tr> <tr style=\"height: 24px;\"> <td style=\"width: 80.4062px; height: 24px;\">I\/7<\/td> <td style=\"width: 54.2812px; height: 24px;\">H1<\/td> <td style=\"width: 119.609px; height: 24px;\">Sz 8:15<\/td> <td style=\"width: 130.703px; height: 24px;\">Elek Zolt\u00e1n<\/td> <\/tr> <tr style=\"height: 24px;\"> <td style=\"width: 80.4062px; height: 24px;\">I\/8<\/td> <td style=\"width: 54.2812px; height: 24px;\">H2<\/td> <td style=\"width: 119.609px; height: 24px;\">Sz 12:15<\/td> <td style=\"width: 130.703px; height: 24px;\">Kov\u00e1cs \u00c1gnes<\/td> <\/tr> <tr style=\"height: 24px;\"> <td style=\"width: 80.4062px; height: 10px;\">I\/9<\/td> <td style=\"width: 54.2812px; height: 10px;\">N4<\/td> <td style=\"width: 119.609px; height: 10px;\">H 15:15<\/td> <td style=\"width: 130.703px; height: 10px;\"> <p>Abonyi-T\u00f3th Zsolt<\/p> <p>&nbsp;<\/td> <\/tr> <tr style=\"height: 64px;\"> <td style=\"width: 80.4062px; height: 64px;\">I\/10<\/td> <td style=\"width: 54.2812px; height: 64px;\">H2<\/td> <td style=\"width: 119.609px; height: 64px;\">\u00a0Cs 12:15<\/td> <td style=\"width: 130.703px; height: 64px;\">\u00a0 Feh\u00e9rv\u00e1ri P\u00e9ter<\/td> <\/tr> <\/tbody> <\/table> <h5><\/h5> <h5>Tantermek<\/h5> <p>Magyary-Kossa Gy. el\u0151ad\u00f3: R \u00e9p\u00fclet<\/p> <p>Tormay B. el\u0151ad\u00f3<\/p> <p>&nbsp;<\/p> <p>H1 (HEFOP1): N \u00e9p\u00fclet 3. emelet balra<\/p> <p>N4: N \u00e9p\u00fclet 3. emelet balra<\/p> <p><a href=\"https:\/\/univet.hu\/wp-content\/uploads\/2019\/03\/NN.gif\" data-replaced=\"true\"><img loading=\"lazy\" decoding=\"async\" class=\"alignnone wp-image-35976\" src=\"https:\/\/univet.hu\/wp-content\/uploads\/2019\/03\/NN.gif\" alt=\"\" width=\"400\" height=\"400\" data-replaced=\"true\" \/><\/a><\/p> <p>H2 (HEFOP2): N \u00e9p\u00fclet 3. emelet jobbra<br \/> N3 (vagy I3): N \u00e9p\u00fclet 3. emelet jobbra<\/p> <p>&nbsp;<\/p> <p><a href=\"https:\/\/univet.hu\/wp-content\/uploads\/2019\/03\/NK.gif\" data-replaced=\"true\"><img loading=\"lazy\" decoding=\"async\" class=\"alignnone wp-image-35975\" src=\"https:\/\/univet.hu\/wp-content\/uploads\/2019\/03\/NK.gif\" alt=\"\" width=\"400\" height=\"400\" data-replaced=\"true\" \/><\/a><\/p>","protected":false},"excerpt":{"rendered":"<p>Tananyagok helye: E-LEARNING SZERVER A t\u00e1rgy oktat\u00e1s\u00e1nak c\u00e9lja, hogy a hallgat\u00f3k naprak\u00e9sz inform\u00e1ci\u00f3t kapjanak az informatika aktu\u00e1lis, felhaszn\u00e1l\u00f3i szint\u0171 k\u00e9rd\u00e9seiben. Oktat\u00f3k El\u0151ad\u00e1s: I. H\u00e9tf\u0151 12:15-13:00\u00a0 Magyary-Kossa Gy. el\u0151ad\u00f3, Abonyi-T\u00f3th Zsolt II. Cs\u00fct\u00f6rt\u00f6k 14:15-15:00 Tormay B. el\u0151ad\u00f3, Abonyi-T\u00f3th Zsolt Csoport Terem Id\u0151pont Oktat\u00f3 I\/1 H2 K 12:15 Paszerbovics Bettina I\/2 H2 K 14:15 Paszerbovics Bettina I\/3<\/p>\n","protected":false},"author":3837,"featured_media":0,"parent":677,"menu_order":164,"comment_status":"closed","ping_status":"closed","template":"","meta":{"_acf_changed":false,"footnotes":""},"categories":[],"tags":[],"class_list":["post-10835","page","type-page","status-publish","hentry"],"acf":[],"_links":{"self":[{"href":"https:\/\/univet.hu\/hu\/wp-json\/wp\/v2\/pages\/10835","targetHints":{"allow":["GET"]}}],"collection":[{"href":"https:\/\/univet.hu\/hu\/wp-json\/wp\/v2\/pages"}],"about":[{"href":"https:\/\/univet.hu\/hu\/wp-json\/wp\/v2\/types\/page"}],"author":[{"embeddable":true,"href":"https:\/\/univet.hu\/hu\/wp-json\/wp\/v2\/users\/3837"}],"replies":[{"embeddable":true,"href":"https:\/\/univet.hu\/hu\/wp-json\/wp\/v2\/comments?post=10835"}],"version-history":[{"count":0,"href":"https:\/\/univet.hu\/hu\/wp-json\/wp\/v2\/pages\/10835\/revisions"}],"up":[{"embeddable":true,"href":"https:\/\/univet.hu\/hu\/wp-json\/wp\/v2\/pages\/677"}],"wp:attachment":[{"href":"https:\/\/univet.hu\/hu\/wp-json\/wp\/v2\/media?parent=10835"}],"wp:term":[{"taxonomy":"category","embeddable":true,"href":"https:\/\/univet.hu\/hu\/wp-json\/wp\/v2\/categories?post=10835"},{"taxonomy":"post_tag","embeddable":true,"href":"https:\/\/univet.hu\/hu\/wp-json\/wp\/v2\/tags?post=10835"}],"curies":[{"name":"wp","href":"https:\/\/api.w.org\/{rel}","templated":true}]}}