{"id":10837,"date":"1970-01-01T00:00:00","date_gmt":"1969-12-31T23:00:00","guid":{"rendered":"http:\/\/univet.hu\/oktatas\/kurzusok\/invaziv-fajok-okologiaja-biologus-msc\/"},"modified":"2018-09-07T15:38:33","modified_gmt":"2018-09-07T13:38:33","slug":"invaziv-fajok-okologiaja-biologus-msc","status":"publish","type":"page","link":"https:\/\/univet.hu\/hu\/oktatas\/kurzusok\/invaziv-fajok-okologiaja-biologus-msc\/","title":{"rendered":"Invaz\u00edv fajok \u00f6kol\u00f3gi\u00e1ja &#8211; biol\u00f3gus MSc"},"content":{"rendered":"<p>tant\u00e1rgyfelel\u0151s: Dr. Hornung Erzs\u00e9bet<\/p> <p>t\u00e1rsel\u0151ad\u00f3: Dr. Botkaa-Duk\u00e1t Zolt\u00e1n<\/p> <p>Elton, Ch. (2000): The Ecology of Invasions by Animals and Plants \u2013 Univ. Chicago Press<\/p> <p>Lockwood, J. &#8211; Hoopes, M. \u2013 Marchetti, M. (2006): Invasion Ecology &#8211; Blackwell<\/p> <p>Begon, M. \u2013 Townsend, C.R. \u2013 J.L. Harper (2006): Ecology \u2013 From individuals to ecosystems, 4.kiad\u00e1s, Blackwell\u00a0<\/p> <p>Standov\u00e1r T.\u00a0 \u2013 R. B. Primack (2001): A term\u00e9szetv\u00e9delem biol\u00f3giai alapjai. Nemzeti Tank\u00f6nyvkiad\u00f3, Budapest<\/p><\/p>","protected":false},"excerpt":{"rendered":"<p>tant\u00e1rgyfelel\u0151s: Dr. Hornung Erzs\u00e9bet t\u00e1rsel\u0151ad\u00f3: Dr. Botkaa-Duk\u00e1t Zolt\u00e1n Elton, Ch. (2000): The Ecology of Invasions by Animals and Plants \u2013 Univ. Chicago Press Lockwood, J. &#8211; Hoopes, M. \u2013 Marchetti, M. (2006): Invasion Ecology &#8211; Blackwell Begon, M. \u2013 Townsend, C.R. \u2013 J.L. Harper (2006): Ecology \u2013 From individuals to ecosystems, 4.kiad\u00e1s, Blackwell\u00a0 Standov\u00e1r T.\u00a0<\/p>\n","protected":false},"author":3837,"featured_media":0,"parent":677,"menu_order":164,"comment_status":"closed","ping_status":"closed","template":"","meta":{"_acf_changed":false,"footnotes":""},"categories":[],"tags":[],"class_list":["post-10837","page","type-page","status-publish","hentry"],"acf":[],"_links":{"self":[{"href":"https:\/\/univet.hu\/hu\/wp-json\/wp\/v2\/pages\/10837","targetHints":{"allow":["GET"]}}],"collection":[{"href":"https:\/\/univet.hu\/hu\/wp-json\/wp\/v2\/pages"}],"about":[{"href":"https:\/\/univet.hu\/hu\/wp-json\/wp\/v2\/types\/page"}],"author":[{"embeddable":true,"href":"https:\/\/univet.hu\/hu\/wp-json\/wp\/v2\/users\/3837"}],"replies":[{"embeddable":true,"href":"https:\/\/univet.hu\/hu\/wp-json\/wp\/v2\/comments?post=10837"}],"version-history":[{"count":0,"href":"https:\/\/univet.hu\/hu\/wp-json\/wp\/v2\/pages\/10837\/revisions"}],"up":[{"embeddable":true,"href":"https:\/\/univet.hu\/hu\/wp-json\/wp\/v2\/pages\/677"}],"wp:attachment":[{"href":"https:\/\/univet.hu\/hu\/wp-json\/wp\/v2\/media?parent=10837"}],"wp:term":[{"taxonomy":"category","embeddable":true,"href":"https:\/\/univet.hu\/hu\/wp-json\/wp\/v2\/categories?post=10837"},{"taxonomy":"post_tag","embeddable":true,"href":"https:\/\/univet.hu\/hu\/wp-json\/wp\/v2\/tags?post=10837"}],"curies":[{"name":"wp","href":"https:\/\/api.w.org\/{rel}","templated":true}]}}