{"id":10838,"date":"1970-01-01T00:00:00","date_gmt":"1969-12-31T23:00:00","guid":{"rendered":"http:\/\/univet.hu\/oktatas\/kurzusok\/izeltlabu-vektorok-es-az-altaluk-terjesztett-allat-es-kozegeszsegugyi-korokozok-europaban\/"},"modified":"2024-10-09T15:27:06","modified_gmt":"2024-10-09T13:27:06","slug":"izeltlabu-vektorok-es-az-altaluk-terjesztett-allat-es-kozegeszsegugyi-korokozok-europaban","status":"publish","type":"page","link":"https:\/\/univet.hu\/hu\/oktatas\/kurzusok\/izeltlabu-vektorok-es-az-altaluk-terjesztett-allat-es-kozegeszsegugyi-korokozok-europaban\/","title":{"rendered":"\u00cdzeltl\u00e1b\u00fa vektorok \u00e9s az \u00e1ltaluk terjesztett \u00e1llat- \u00e9s k\u00f6zeg\u00e9szs\u00e9g\u00fcgyi k\u00f3rokoz\u00f3k Eur\u00f3p\u00e1ban"},"content":{"rendered":"<p>A kl\u00edmav\u00e1ltoz\u00e1s, a globaliz\u00e1ci\u00f3 \u00e9s az ezekkel \u00f6sszef\u00fcgg\u0151 egy\u00e9b okok kapcs\u00e1n az elm\u00falt \u00e9vtizedben Eur\u00f3p\u00e1ban is az \u00e9rdekl\u0151d\u00e9s k\u00f6z\u00e9ppontj\u00e1ba ker\u00fcltek az \u00edzeltl\u00e1b\u00fa vektorokkal terjed\u0151 \u00e1llat- \u00e9s\/vagy k\u00f6zeg\u00e9szs\u00e9g\u00fcgyi jelent\u0151s\u00e9g\u0171 k\u00f3rokoz\u00f3k. A magyar \u00e9s k\u00fclf\u00f6ldi hallgat\u00f3k naprak\u00e9sz ismereteket kapnak a vektorok szerep\u00e9r\u0151l, az \u00e1ltaluk fenntartott \u00e9s \u00e1tvitt fert\u0151z\u00e9sekr\u0151l valamint az ezekben szerepet j\u00e1tsz\u00f3 folyamatokr\u00f3l. A t\u00e9mak\u00f6r \u00e1ltal\u00e1nos \u00e1ttekint\u00e9se mellett f\u00f6ldrajzi r\u00e9gi\u00f3nk\u00e9nt (pl. Skandin\u00e1via, Brit-szigetek, mediterr\u00e1n t\u00e9rs\u00e9g) is t\u00e1rgyaljuk az ott el\u0151fordul\u00f3 vektorokat \u00e9s azok jelent\u0151s\u00e9g\u00e9t.<\/p>","protected":false},"excerpt":{"rendered":"<p>A kl\u00edmav\u00e1ltoz\u00e1s, a globaliz\u00e1ci\u00f3 \u00e9s az ezekkel \u00f6sszef\u00fcgg\u0151 egy\u00e9b okok kapcs\u00e1n az elm\u00falt \u00e9vtizedben Eur\u00f3p\u00e1ban is az \u00e9rdekl\u0151d\u00e9s k\u00f6z\u00e9ppontj\u00e1ba ker\u00fcltek az \u00edzeltl\u00e1b\u00fa vektorokkal terjed\u0151 \u00e1llat- \u00e9s\/vagy k\u00f6zeg\u00e9szs\u00e9g\u00fcgyi jelent\u0151s\u00e9g\u0171 k\u00f3rokoz\u00f3k. A magyar \u00e9s k\u00fclf\u00f6ldi hallgat\u00f3k naprak\u00e9sz ismereteket kapnak a vektorok szerep\u00e9r\u0151l, az \u00e1ltaluk fenntartott \u00e9s \u00e1tvitt fert\u0151z\u00e9sekr\u0151l valamint az ezekben szerepet j\u00e1tsz\u00f3 folyamatokr\u00f3l. A t\u00e9mak\u00f6r \u00e1ltal\u00e1nos<\/p>\n","protected":false},"author":3837,"featured_media":0,"parent":677,"menu_order":164,"comment_status":"closed","ping_status":"closed","template":"","meta":{"_acf_changed":false,"footnotes":""},"categories":[],"tags":[],"class_list":["post-10838","page","type-page","status-publish","hentry"],"acf":[],"_links":{"self":[{"href":"https:\/\/univet.hu\/hu\/wp-json\/wp\/v2\/pages\/10838","targetHints":{"allow":["GET"]}}],"collection":[{"href":"https:\/\/univet.hu\/hu\/wp-json\/wp\/v2\/pages"}],"about":[{"href":"https:\/\/univet.hu\/hu\/wp-json\/wp\/v2\/types\/page"}],"author":[{"embeddable":true,"href":"https:\/\/univet.hu\/hu\/wp-json\/wp\/v2\/users\/3837"}],"replies":[{"embeddable":true,"href":"https:\/\/univet.hu\/hu\/wp-json\/wp\/v2\/comments?post=10838"}],"version-history":[{"count":0,"href":"https:\/\/univet.hu\/hu\/wp-json\/wp\/v2\/pages\/10838\/revisions"}],"up":[{"embeddable":true,"href":"https:\/\/univet.hu\/hu\/wp-json\/wp\/v2\/pages\/677"}],"wp:attachment":[{"href":"https:\/\/univet.hu\/hu\/wp-json\/wp\/v2\/media?parent=10838"}],"wp:term":[{"taxonomy":"category","embeddable":true,"href":"https:\/\/univet.hu\/hu\/wp-json\/wp\/v2\/categories?post=10838"},{"taxonomy":"post_tag","embeddable":true,"href":"https:\/\/univet.hu\/hu\/wp-json\/wp\/v2\/tags?post=10838"}],"curies":[{"name":"wp","href":"https:\/\/api.w.org\/{rel}","templated":true}]}}