{"id":10839,"date":"1970-01-01T00:00:00","date_gmt":"1969-12-31T23:00:00","guid":{"rendered":"http:\/\/univet.hu\/oktatas\/kurzusok\/jarvanytan-i\/"},"modified":"2026-03-21T08:45:03","modified_gmt":"2026-03-21T07:45:03","slug":"jarvanytan-i","status":"publish","type":"page","link":"https:\/\/univet.hu\/hu\/oktatas\/kurzusok\/jarvanytan-i\/","title":{"rendered":"J\u00e1rv\u00e1nytan I."},"content":{"rendered":"<p><img loading=\"lazy\" decoding=\"async\" class=\"alignnone size-medium wp-image-78051\" src=\"https:\/\/univet.hu\/wp-content\/uploads\/2022\/09\/let\u00f6lt\u00e9s-320x147.jpg\" alt=\"\" width=\"320\" height=\"147\" srcset=\"https:\/\/univet.hu\/wp-content\/uploads\/2022\/09\/let\u00f6lt\u00e9s-320x147.jpg 320w, https:\/\/univet.hu\/wp-content\/uploads\/2022\/09\/let\u00f6lt\u00e9s.jpg 331w\" sizes=\"auto, (max-width: 320px) 100vw, 320px\" \/><\/p> <table style=\"height: 2562px;width: 100%\"> <tbody> <tr style=\"height: 56px\"> <td style=\"height: 56px;width: 35.689%\"><\/td> <td style=\"height: 56px;width: 63.2509%\"><\/td> <\/tr> <tr style=\"height: 344px\"> <td style=\"height: 344px;width: 35.689%\"> <p>Tant\u00e1rgy le\u00edr\u00e1sa, a megszerezhet\u0151 tud\u00e1s<\/p> <p>&nbsp;<\/td> <td style=\"height: 344px;width: 63.2509%\">A j\u00e1rv\u00e1nytan oktat\u00e1sa egyid\u0151s az \u00e1llatorvosk\u00e9pz\u00e9ssel. Mivel a fert\u0151z\u0151 betegs\u00e9gek k\u00e9rd\u00e9se mindig k\u00fcl\u00f6n\u00f6sen fontos volt Magyarorsz\u00e1gon, a t\u00e1rgy oktat\u00e1sa is ennek megfelel\u0151 s\u00falyt kapott a k\u00e9pz\u00e9sben. Az \u00e1ltal\u00e1nos j\u00e1rv\u00e1nytani ismeretek megt\u00e1rgyal\u00e1sa ut\u00e1n az egyes, k\u00fcl\u00f6nf\u00e9le v\u00edrusok, prionok \u00e9s bakt\u00e9riumok okozta fert\u0151z\u0151 betegs\u00e9gek t\u00f6rt\u00e9net\u00e9t, el\u0151fordul\u00e1s\u00e1t, oktan\u00e1t, j\u00e1rv\u00e1nytan\u00e1t, k\u00f3rfejl\u0151d\u00e9s\u00e9t, t\u00fcneteit, k\u00f3rbonctani elv\u00e1ltoz\u00e1sait foglaljuk \u00f6ssze. K\u00fcl\u00f6n\u00f6sen nagy hangs\u00falyt kap az egyes fert\u0151z\u0151 betegs\u00e9gek diagnosztik\u00e1ja, elk\u00fcl\u00f6n\u00edt\u0151 k\u00f3rjelz\u00e9se, a gy\u00f3gykezel\u00e9s, a megel\u0151z\u00e9s \u00e9s a mentes\u00edt\u00e9s lehet\u0151s\u00e9gei, de kit\u00e9r\u00fcnk a k\u00f6zeg\u00e9szs\u00e9g\u00fcgyi-, \u00e1llateg\u00e9szs\u00e9g\u00fcgyi igazgat\u00e1si- \u00e9s \u00e9lelmiszer-higi\u00e9niai vonatkoz\u00e1sokra is. Az oktat\u00e1s el\u0151ad\u00e1sok \u00e9s plen\u00e1ris gyakorlatok form\u00e1j\u00e1ban t\u00f6rt\u00e9nik.<\/td> <\/tr> <tr style=\"height: 456px\"> <td style=\"height: 456px;width: 35.689%\">Megszerezhet\u0151 k\u00e9pess\u00e9gek<\/td> <td style=\"height: 456px;width: 63.2509%\"> <p>A t\u00e1rgy sikeres elv\u00e9gz\u00e9s\u00e9vel a hallgat\u00f3k k\u00e9pesek lesznek<\/p> <p>\u00b7\u00a0\u00a0\u00a0\u00a0\u00a0 felismerni a fert\u0151z\u0151 \u00e1llatbetegs\u00e9gek klinikai t\u00fcneteit \u00e9s k\u00f3rbonctani elv\u00e1ltoz\u00e1sait,<\/p> <p>\u00b7\u00a0\u00a0\u00a0\u00a0\u00a0 megfelel\u0151 mintav\u00e9tellel el\u0151seg\u00edteni a fert\u0151z\u0151 \u00e1llatbetegs\u00e9gek k\u00f3rjelz\u00e9s\u00e9t,<\/p> <p>\u00b7\u00a0\u00a0\u00a0\u00a0\u00a0 laborat\u00f3riumi m\u00f3dszerek alkalmaz\u00e1s\u00e1val diagnosztiz\u00e1lni a fert\u0151z\u0151 \u00e1llatbetegs\u00e9geket,<\/p> <p>\u00b7\u00a0\u00a0\u00a0\u00a0\u00a0 a fert\u0151z\u0151 betegs\u00e9gekkel kapcsolatos diagnosztikai eredm\u00e9nyeket \u00e9rt\u00e9kelni,<\/p> <p>\u00b7\u00a0\u00a0\u00a0\u00a0\u00a0 a meg\u00e1llap\u00edtott fert\u0151z\u0151 betegs\u00e9geket gy\u00f3gykezelni \u00e9s megel\u0151zni,<\/p> <p>\u00b7\u00a0\u00a0\u00a0\u00a0\u00a0 a sz\u00fcks\u00e9ges v\u00e9dekez\u00e9si elj\u00e1r\u00e1sokat kidolgozni \u00e9s alkalmazni,<\/p> <p>\u00b7\u00a0\u00a0\u00a0\u00a0\u00a0 a sz\u00fcks\u00e9ges \u00e1llat-eg\u00e9szs\u00e9g\u00fcgyi \u00e9s k\u00f6zeg\u00e9szs\u00e9g\u00fcgyi int\u00e9zked\u00e9seket megtenni.<\/td> <\/tr> <tr style=\"height: 56px\"> <td style=\"height: 56px;width: 35.689%\">El\u0151k\u00f6vetelm\u00e9ny<\/td> <td style=\"height: 56px;width: 63.2509%\">\u00b7\u00a0\u00a0\u00a0\u00a0\u00a0 Immunol\u00f3gia, Belgy\u00f3gy\u00e1szat 2, K\u00f3rbonctan 3<\/td> <\/tr> <tr style=\"height: 256px\"> <td style=\"height: 256px;width: 35.689%\">Oktat\u00f3k<\/td> <td style=\"height: 256px;width: 63.2509%\"> <p>\u00b7\u00a0 \u00a0 \u00a0<span style=\"font-family: inherit;font-size: inherit\">Tenk Mikl\u00f3s dr. egyetemi docens<\/span><\/p> <p>\u00b7\u00a0 \u00a0 \u00a0 Fodor L\u00e1szl\u00f3 dr. egyetemi tan\u00e1r<\/p> <p>\u00b7\u00a0 \u00a0 \u00a0Szeredi Levente dr. egyetemi docens<\/p> <p>\u00b7\u00a0 \u00a0 \u00a0L\u0151rincz M\u00e1rta dr. egyetemi docens<\/p> <p>\u00b7\u00a0 \u00a0 \u00a0Koll\u00e1r Anna dr. egyetemi adjunktus<\/p> <p>\u00b7\u00a0 \u00a0 \u00a0Tolnai Csenge dr. egyetemi tan\u00e1rseg\u00e9d<\/p> <p>\u00b7\u00a0 \u00a0 \u00a0Marosi Andr\u00e1s dr. egyetemi adjunktus<\/p> <p>&nbsp;<\/td> <\/tr> <tr style=\"height: 368px\"> <td style=\"height: 368px;width: 35.689%\">A j\u00e1rv\u00e1nytan plen\u00e1ris gyakorlatok<\/td> <td style=\"height: 368px;width: 63.2509%\"> <p>\u00b7\u00a0\u00a0\u00a0\u00a0\u00a0 A j\u00e1rv\u00e1nytan plen\u00e1ris gyakorlatot osztott \u00e9vfolyamnak tartjuk.<\/p> <p>\u00b7\u00a0\u00a0\u00a0\u00a0\u00a0 A j\u00e1rv\u00e1nytan plen\u00e1ris gyakorlatok sor\u00e1n \u00e1llatfajonk\u00e9nti bont\u00e1sban foglalkozunk a fert\u0151z\u0151 betegs\u00e9gek elk\u00fcl\u00f6n\u00edt\u0151 k\u00f3rjelz\u00e9s\u00e9vel.<\/p> <p>\u00b7\u00a0\u00a0\u00a0\u00a0\u00a0 A plen\u00e1ris gyakorlatokon val\u00f3 r\u00e9szv\u00e9tel k\u00f6telez\u0151. Igazolt hi\u00e1nyz\u00e1s eset\u00e9ben (pl. klinikai gyakorlat) is p\u00f3tolni kell a gyakorlatot. A p\u00f3tl\u00e1s\u00a0 \u00edr\u00e1sbeli besz\u00e1mol\u00f3 form\u00e1j\u00e1ban t\u00f6rt\u00e9nik, ahol a gyakorlat anyag\u00e1hoz kapcsol\u00f3d\u00f3 n\u00e9h\u00e1ny k\u00e9rd\u00e9sre kell v\u00e1laszolni.<\/p> <p>\u00b7\u00a0\u00a0\u00a0\u00a0\u00a0 A plen\u00e1ris gyakorlatokat 2 \u00f3r\u00e1s egys\u00e9gekben tartjuk, a hivatalos \u00f3rarend szerint.<\/td> <\/tr> <tr style=\"height: 176px\"> <td style=\"height: 176px;width: 35.689%\">Oktat\u00e1si felt\u00e9telek<\/td> <td style=\"height: 176px;width: 63.2509%\">Az el\u0151ad\u00e1sokhoz Powerpoint programot haszn\u00e1lunk, az el\u0151ad\u00e1s v\u00e1zlat\u00e1n t\u00fal bemutatjuk az egyes betegs\u00e9gek klinikai t\u00fcneteit \u00e9s k\u00f3rbonctani elv\u00e1ltoz\u00e1sait, alkalmank\u00e9nt vide\u00f3 form\u00e1j\u00e1ban is.<\/td> <\/tr> <tr style=\"height: 794px\"> <td style=\"height: 794px;width: 35.689%\">Aj\u00e1nlott irodalom<\/td> <td style=\"height: 794px;width: 63.2509%\"> <p>\u00b7\u00a0\u00a0\u00a0\u00a0\u00a0 Varga J. \u2013 Rusvai M. \u2013 Fodor L.: A h\u00e1zi\u00e1llatok fert\u0151z\u0151 betegs\u00e9gei. Budapest, Magyar \u00c1llatorvosi Kamara Kft. 2018.<\/p> <p>\u00b7\u00a0 \u00a0https:\/\/www.merckvetmanual.com\/veterinary-topics<\/p> <p>\u00b7\u00a0\u00a0\u00a0\u00a0\u00a0 Gyles, C.L. et al. (Eds): Pathogenesis in bacterial infections in animals. 4<sup>th<\/sup> Ed. Wiley-Blackwell, 2010.<\/p> <p>\u00b7\u00a0\u00a0\u00a0\u00a0\u00a0 https:\/\/www.woah.org<\/p> <p>\u00b7\u00a0\u00a0\u00a0\u00a0\u00a0 https:\/\/www.thecattlesite.com\/knowledge-centre\/diseases<\/p> <p>\u00b7\u00a0\u00a0\u00a0\u00a0\u00a0 Peek, S. \u2013 Divers, T.J. (Eds.): Rebhun\u2019s diseases of dairy cattle 3<sup>rd<\/sup> Ed. Saunders, 2018<\/p> <p>\u00b7\u00a0\u00a0\u00a0\u00a0\u00a0 Sellon, D.C., Long, M.T. (Eds) Equine infectious Diseases. 2<sup>nd<\/sup>. Ed. Elsevier, 2014.<\/p> <p>\u00b7\u00a0\u00a0\u00a0\u00a0\u00a0 Varga J. \u2013 Rusvai M. \u2013 Fodor L.: A h\u00e1zi\u00e1llatok fert\u0151z\u0151 betegs\u00e9gei. Budapest, Magyar \u00c1llatorvosi Kamara Kft. 2018.<\/p> <p>\u00b7\u00a0 \u00a0https:\/\/www.merckvetmanual.com\/veterinary-topics<\/p> <p>\u00b7\u00a0 \u00a0 Gyles, C.L. et al. (Eds): Pathogenesis in bacterial infections in animals. 4<sup>th<\/sup> Ed. Wiley-Blackwell, 2010.<\/p> <p>\u00b7\u00a0\u00a0\u00a0\u00a0\u00a0 https:\/\/www.woah.org<\/p> <p>\u00b7\u00a0\u00a0\u00a0\u00a0\u00a0 https:\/\/www.thecattlesite.com\/knowledge-centre\/diseases<\/p> <p>\u00b7\u00a0\u00a0\u00a0\u00a0\u00a0 Peek, S. \u2013 Divers, T.J. (Eds.): Rebhun\u2019s diseases of dairy cattle 3<sup>rd<\/sup> Ed. Saunders, 2018<\/p> <p>\u00b7\u00a0\u00a0\u00a0\u00a0\u00a0https:\/\/www.thepoultrysite.com\/publications\/diseases-of-poultry<\/p> <p>\u00b7\u00a0\u00a0\u00a0\u00a0\u00a0 Swayne, E.D. (Ed. ch.): Diseases of poultry. 14<sup>th<\/sup> Ed. Blackwell. 2019<\/p> <p>\u00b7\u00a0\u00a0\u00a0\u00a0\u00a0 Sykes, J.: Greene\u2019s Infectious diseases of the dog and cat. 5<sup>th<\/sup>. Ed., Saunders. 2016.<\/p> <p>\u00b7\u00a0 \u00a0 \u00a0\u00a0Tanmoy, R.: Introduction to Diseases, Diagnosis, and Management of Dogs and Cats. Ed., Academic Press, 2024.<\/p> <p>\u00b7\u00a0\u00a0\u00a0\u00a0\u00a0 Zimmerman, J.J. et al. (Eds.): Diseases of swine. 12<sup>th<\/sup> Ed. Wiley-Blackwell, 2026.<\/p> <p>\u00b7\u00a0\u00a0\u00a0\u00a0\u00a0 Let\u00f6lthet\u0151 dokumentumok: Az el\u0151ad\u00e1si anyagokat folyamatosan felt\u00f6ltj\u00fck a moodle honlapra. A jegyzetel\u00e9s megk\u00f6nny\u00edt\u00e9s\u00e9re ugyanitt az elm\u00falt \u00e9v oktat\u00e1si anyagai is el\u00e9rhet\u0151k.<\/td> <\/tr> <tr style=\"height: 56px\"> <td style=\"height: 56px;width: 35.689%\"><\/td> <td style=\"height: 56px;width: 63.2509%\"> <p>&nbsp;<\/p> <p>&nbsp;<\/td> <\/tr> <\/tbody> <\/table> <p>&nbsp;<\/p>","protected":false},"excerpt":{"rendered":"<p>Tant\u00e1rgy le\u00edr\u00e1sa, a megszerezhet\u0151 tud\u00e1s &nbsp; A j\u00e1rv\u00e1nytan oktat\u00e1sa egyid\u0151s az \u00e1llatorvosk\u00e9pz\u00e9ssel. Mivel a fert\u0151z\u0151 betegs\u00e9gek k\u00e9rd\u00e9se mindig k\u00fcl\u00f6n\u00f6sen fontos volt Magyarorsz\u00e1gon, a t\u00e1rgy oktat\u00e1sa is ennek megfelel\u0151 s\u00falyt kapott a k\u00e9pz\u00e9sben. Az \u00e1ltal\u00e1nos j\u00e1rv\u00e1nytani ismeretek megt\u00e1rgyal\u00e1sa ut\u00e1n az egyes, k\u00fcl\u00f6nf\u00e9le v\u00edrusok, prionok \u00e9s bakt\u00e9riumok okozta fert\u0151z\u0151 betegs\u00e9gek t\u00f6rt\u00e9net\u00e9t, el\u0151fordul\u00e1s\u00e1t, oktan\u00e1t, j\u00e1rv\u00e1nytan\u00e1t, k\u00f3rfejl\u0151d\u00e9s\u00e9t, t\u00fcneteit, k\u00f3rbonctani<\/p>\n","protected":false},"author":3837,"featured_media":0,"parent":677,"menu_order":164,"comment_status":"closed","ping_status":"closed","template":"","meta":{"_acf_changed":false,"footnotes":""},"categories":[],"tags":[],"class_list":["post-10839","page","type-page","status-publish","hentry"],"acf":[],"_links":{"self":[{"href":"https:\/\/univet.hu\/hu\/wp-json\/wp\/v2\/pages\/10839","targetHints":{"allow":["GET"]}}],"collection":[{"href":"https:\/\/univet.hu\/hu\/wp-json\/wp\/v2\/pages"}],"about":[{"href":"https:\/\/univet.hu\/hu\/wp-json\/wp\/v2\/types\/page"}],"author":[{"embeddable":true,"href":"https:\/\/univet.hu\/hu\/wp-json\/wp\/v2\/users\/3837"}],"replies":[{"embeddable":true,"href":"https:\/\/univet.hu\/hu\/wp-json\/wp\/v2\/comments?post=10839"}],"version-history":[{"count":5,"href":"https:\/\/univet.hu\/hu\/wp-json\/wp\/v2\/pages\/10839\/revisions"}],"predecessor-version":[{"id":203463,"href":"https:\/\/univet.hu\/hu\/wp-json\/wp\/v2\/pages\/10839\/revisions\/203463"}],"up":[{"embeddable":true,"href":"https:\/\/univet.hu\/hu\/wp-json\/wp\/v2\/pages\/677"}],"wp:attachment":[{"href":"https:\/\/univet.hu\/hu\/wp-json\/wp\/v2\/media?parent=10839"}],"wp:term":[{"taxonomy":"category","embeddable":true,"href":"https:\/\/univet.hu\/hu\/wp-json\/wp\/v2\/categories?post=10839"},{"taxonomy":"post_tag","embeddable":true,"href":"https:\/\/univet.hu\/hu\/wp-json\/wp\/v2\/tags?post=10839"}],"curies":[{"name":"wp","href":"https:\/\/api.w.org\/{rel}","templated":true}]}}