{"id":10840,"date":"1970-01-01T00:00:00","date_gmt":"1969-12-31T23:00:00","guid":{"rendered":"http:\/\/univet.hu\/oktatas\/kurzusok\/jarvanytan-ii\/"},"modified":"2026-03-21T09:33:52","modified_gmt":"2026-03-21T08:33:52","slug":"jarvanytan-ii","status":"publish","type":"page","link":"https:\/\/univet.hu\/hu\/oktatas\/kurzusok\/jarvanytan-ii\/","title":{"rendered":"J\u00e1rv\u00e1nytan II."},"content":{"rendered":"<table> <tbody> <tr> <td width=\"140\">Nyelv<\/td> <td width=\"475\">magyar<\/td> <\/tr> <tr> <td width=\"140\">Jelleg<\/td> <td width=\"475\">k\u00f6telez\u0151<\/td> <\/tr> <tr> <td width=\"140\">\u00c9rt\u00e9kel\u00e9s<\/td> <td width=\"475\">szigorlat<\/td> <\/tr> <tr> <td width=\"140\">\u00c9v a tantervben<\/td> <td width=\"475\">5<\/td> <\/tr> <tr> <td width=\"140\">Szemeszter a tantervben<\/td> <td width=\"475\">2<\/td> <\/tr> <tr> <td width=\"140\">Kredit<\/td> <td width=\"475\">6<\/td> <\/tr> <tr> <td width=\"140\">El\u0151ad\u00e1s \u00f3rasz\u00e1m\/f\u00e9l\u00e9v<\/td> <td width=\"475\">60<\/td> <\/tr> <tr> <td width=\"140\">Gyakorlat \u00f3rasz\u00e1m\/f\u00e9l\u00e9v<\/td> <td width=\"475\">30<\/td> <\/tr> <tr> <td width=\"140\">Szervezeti egys\u00e9g<\/td> <td width=\"475\"><a href=\"http:\/\/www.univet.hu\/hu\/aotk\/jarvanytani-es-mikrobiologiai-tanszek\/\">J\u00e1rv\u00e1nytani \u00e9s Mikrobiol\u00f3giai Tansz\u00e9k<\/a><\/td> <\/tr> <tr> <td width=\"140\">Kik vehetik fel a t\u00e1rgyat?<\/td> <td width=\"475\">\u00c1llatorvos, magyar<\/td> <\/tr> <tr> <td width=\"140\">Tant\u00e1rgy le\u00edr\u00e1sa, a megszerezhet\u0151 tud\u00e1s<\/td> <td width=\"475\">A j\u00e1rv\u00e1nytan oktat\u00e1sa egyid\u0151s az \u00e1llatorvos-k\u00e9pz\u00e9ssel. Mivel a fert\u0151z\u0151 betegs\u00e9gek k\u00e9rd\u00e9se mindig k\u00fcl\u00f6n\u00f6sen fontos volt Magyarorsz\u00e1gon, a t\u00e1rgy oktat\u00e1sa is ennek megfelel\u0151 s\u00falyt kapott a k\u00e9pz\u00e9sben. Az \u00e1ltal\u00e1nos j\u00e1rv\u00e1nytani ismeretek megt\u00e1rgyal\u00e1sa ut\u00e1n az egyes, k\u00fcl\u00f6nf\u00e9le v\u00edrusok, prionok \u00e9s bakt\u00e9riumok okozta fert\u0151z\u0151 betegs\u00e9gek t\u00f6rt\u00e9net\u00e9t, el\u0151fordul\u00e1s\u00e1t, oktan\u00e1t, j\u00e1rv\u00e1nytan\u00e1t, k\u00f3rfejl\u0151d\u00e9s\u00e9t, t\u00fcneteit, k\u00f3rbonctani elv\u00e1ltoz\u00e1sait foglaljuk \u00f6ssze. K\u00fcl\u00f6n\u00f6sen nagy hangs\u00falyt kap az egyes fert\u0151z\u0151 betegs\u00e9gek diagnosztik\u00e1ja, elk\u00fcl\u00f6n\u00edt\u0151 k\u00f3rjelz\u00e9se, a gy\u00f3gykezel\u00e9s, a megel\u0151z\u00e9s \u00e9s a mentes\u00edt\u00e9s lehet\u0151s\u00e9gei, de kit\u00e9r\u00fcnk a k\u00f6zeg\u00e9szs\u00e9g\u00fcgyi, \u00e1llateg\u00e9szs\u00e9g\u00fcgyi igazgat\u00e1si \u00e9s \u00e9lelmiszer-higi\u00e9niai vonatkoz\u00e1sokra is. Az oktat\u00e1s el\u0151ad\u00e1sok \u00e9s plen\u00e1ris gyakorlatok form\u00e1j\u00e1ban t\u00f6rt\u00e9nik.<\/td> <\/tr> <tr> <td width=\"140\">Megszerezhet\u0151 k\u00e9pess\u00e9gek (els\u0151 napi kompetenci\u00e1k, Day1 competencies)<\/td> <td width=\"475\">A t\u00e1rgy sikeres elv\u00e9gz\u00e9s\u00e9vel a hallgat\u00f3k k\u00e9pesek lesznek<\/p> <ul> <li>felismerni \u00e9s egym\u00e1st\u00f3l elk\u00fcl\u00f6n\u00edteni a k\u00fcl\u00f6nb\u00f6z\u0151 fert\u0151z\u0151 betegs\u00e9geket,<\/li> <li>megtenni a tov\u00e1bbterjed\u00e9s\u00fcket megakad\u00e1lyoz\u00f3 int\u00e9zked\u00e9seket,<\/li> <li>mint\u00e1t venni a laborat\u00f3riumi diagnosztikai vizsg\u00e1latokhoz, a mint\u00e1kat laborat\u00f3riumba k\u00fcldeni, \u00e9s a laborat\u00f3riumi diagnosztikai vizsg\u00e1latok eredm\u00e9ny\u00e9t \u00e9rt\u00e9kelni,<\/li> <li>gy\u00f3gykezelni a megbetegedett \u00e1llatokat,<\/li> <li>megtenni a sz\u00fcks\u00e9ges megel\u0151z\u0151 \u00e9s v\u00e9dekez\u0151 int\u00e9zked\u00e9seket,<\/li> <li>megtenni az emberi fert\u0151z\u00e9sek megel\u0151z\u00e9s\u00e9re sz\u00fcks\u00e9ges int\u00e9zked\u00e9seket,<\/li> <li>a betegs\u00e9ggel kapcsolatos szakv\u00e9lem\u00e9nyt \u00f6ssze\u00e1ll\u00edtani,<\/li> <li>a betegs\u00e9g tov\u00e1bbi gy\u00f3gykezel\u00e9s\u00e9vel \u00e9s megel\u0151z\u00e9s\u00e9vel kapcsolatos teend\u0151kr\u0151l t\u00e1j\u00e9koztatni a tulajdonost \u00e9s az \u00e1llatokkal kapcsolatban \u00e1ll\u00f3 munkav\u00e1llal\u00f3kat,<\/li> <li>a jogszab\u00e1ly \u00e1ltal el\u0151\u00edrt esetekben t\u00e1j\u00e9koztatni a hat\u00f3s\u00e1gi \u00e1llatorvosi szolg\u00e1latot \u00e9s a hum\u00e1n eg\u00e9szs\u00e9g\u00fcgyi szolg\u00e1latot,<\/li> <li>a betegs\u00e9ggel kapcsolatos inform\u00e1ci\u00f3t ny\u00fajtani a lakoss\u00e1gnak.<\/li> <\/ul> <\/td> <\/tr> <tr> <td width=\"140\">El\u0151k\u00f6vetelm\u00e9ny<\/td> <td width=\"475\">J\u00e1rv\u00e1nytan I.<\/td> <\/tr> <tr> <td width=\"140\">Oktat\u00f3k<\/td> <td width=\"475\">\u00b7\u00a0Fodor L\u00e1szl\u00f3 dr. egyetemi tan\u00e1r<br \/> \u00b7 Tenk Mikl\u00f3s dr. egyetemi docens<br \/> \u00b7 Koll\u00e1r Anna dr. egyetemi adjunktus<br \/> \u00b7 Szeredi Levente dr. egyetemi adjunktus<br \/> \u00b7 Erd\u00e9lyi K\u00e1roly dr. tudom\u00e1nyos munkat\u00e1rs<\/td> <\/tr> <tr> <td width=\"140\">A j\u00e1rv\u00e1nytan plen\u00e1ris gyakorlatok<\/td> <td width=\"475\"> <p>\u00b7\u00a0\u00a0\u00a0\u00a0\u00a0 A j\u00e1rv\u00e1nytan plen\u00e1ris gyakorlatok sor\u00e1n \u00e1llatfajonk\u00e9nti bont\u00e1sban foglalkozunk a fert\u0151z\u0151 betegs\u00e9gek elk\u00fcl\u00f6n\u00edt\u0151 k\u00f3rjelz\u00e9s\u00e9vel.<\/p> <p>\u00b7\u00a0\u00a0\u00a0\u00a0\u00a0 A plen\u00e1ris gyakorlatokon val\u00f3 r\u00e9szv\u00e9tel k\u00f6telez\u0151. Igazolt hi\u00e1nyz\u00e1s eset\u00e9ben (pl. klinikai gyakorlat) is p\u00f3tolni kell a gyakorlatot. A p\u00f3tl\u00e1s \u00edr\u00e1sbeli besz\u00e1mol\u00f3 form\u00e1j\u00e1ban t\u00f6rt\u00e9nik, ahol a gyakorlat anyag\u00e1hoz kapcsol\u00f3d\u00f3 n\u00e9h\u00e1ny k\u00e9rd\u00e9sre kell v\u00e1laszolni.<\/p> <p>\u00b7\u00a0\u00a0\u00a0\u00a0\u00a0 A plen\u00e1ris gyakorlatokat 2 \u00f3r\u00e1s egys\u00e9gekben tartjuk az \u00f3rarendben meghat\u00e1rozott id\u0151pontban a honlapon k\u00f6zz\u00e9tett napokon.<\/td> <\/tr> <tr> <td width=\"140\">Oktat\u00e1si felt\u00e9telek<\/td> <td width=\"475\"> <p>\u00b7\u00a0\u00a0\u00a0\u00a0\u00a0 Az el\u0151ad\u00e1s v\u00e1zlat\u00e1t \u00e9s a bemutat\u00e1sra sz\u00e1nt k\u00e9peket sz\u00e1m\u00edt\u00f3g\u00e9ppel \u00e9s projektorral vet\u00edtj\u00fck. Egyes betegs\u00e9geket videofilmen is bemutatunk.<\/p> <p>\u00b7\u00a0\u00a0\u00a0\u00a0\u00a0 Az el\u0151z\u0151 \u00e9v el\u0151ad\u00e1sainak pdf form\u00e1tum\u00fa di\u00e1i, amelyekkel az \u00f3rai jegyzetel\u00e9st igyeksz\u00fcnk seg\u00edteni, a moodle honlapr\u00f3l let\u00f6lthet\u0151k.<\/p> <p>\u00b7\u00a0\u00a0\u00a0\u00a0\u00a0 Az el\u0151ad\u00e1sok \u00e9s a plen\u00e1ris gyakorlatok pdf v\u00e1zlat\u00e1t \u00e9s vide\u00f3felv\u00e9tel\u00e9t az E-learning fel\u00fcleten el\u00e9rhet\u0151v\u00e9 tessz\u00fck.<\/td> <\/tr> <tr> <td width=\"140\">Laborat\u00f3riumi diagnosztikai gyakorlat<\/td> <td width=\"475\">A J\u00e1rv\u00e1nytan II. vizsga sikeres let\u00e9tel\u00e9t k\u00f6vet\u0151en a 11. f\u00e9l\u00e9vben a hallgat\u00f3k 2 hetes Laborat\u00f3riumi diagnosztikai gyakorlaton vesznek r\u00e9szt a N\u00c9BIH \u00c1llateg\u00e9szs\u00e9g\u00fcgyi Diagnosztikai Igazgat\u00f3s\u00e1g\u00e1n vagy k\u00fclf\u00f6ldi diagnosztikai int\u00e9zetekben. A gyakorlat sor\u00e1n v\u00e9gzett munk\u00e1t az int\u00e9zetben a gyakorlatot vezet\u0151 szakember igazolja \u00e9s \u00e9rt\u00e9keli. A vizsg\u00e1n a hallgat\u00f3k power point el\u0151ad\u00e1s form\u00e1j\u00e1ban foglalj\u00e1k \u00f6ssze diagnosztikai tapasztalataikat.<\/td> <\/tr> <tr> <td width=\"140\">Aj\u00e1nlott irodalom<\/td> <td width=\"475\">\u00b7\u00a0 \u00a0 L\u00e1sd J\u00e1rv\u00e1nytan I kurzus.<\/td> <\/tr> <\/tbody> <\/table> <p>&nbsp;<\/p>","protected":false},"excerpt":{"rendered":"<p>Nyelv magyar Jelleg k\u00f6telez\u0151 \u00c9rt\u00e9kel\u00e9s szigorlat \u00c9v a tantervben 5 Szemeszter a tantervben 2 Kredit 6 El\u0151ad\u00e1s \u00f3rasz\u00e1m\/f\u00e9l\u00e9v 60 Gyakorlat \u00f3rasz\u00e1m\/f\u00e9l\u00e9v 30 Szervezeti egys\u00e9g J\u00e1rv\u00e1nytani \u00e9s Mikrobiol\u00f3giai Tansz\u00e9k Kik vehetik fel a t\u00e1rgyat? \u00c1llatorvos, magyar Tant\u00e1rgy le\u00edr\u00e1sa, a megszerezhet\u0151 tud\u00e1s A j\u00e1rv\u00e1nytan oktat\u00e1sa egyid\u0151s az \u00e1llatorvos-k\u00e9pz\u00e9ssel. Mivel a fert\u0151z\u0151 betegs\u00e9gek k\u00e9rd\u00e9se mindig k\u00fcl\u00f6n\u00f6sen fontos volt<\/p>\n","protected":false},"author":3837,"featured_media":0,"parent":677,"menu_order":164,"comment_status":"closed","ping_status":"closed","template":"","meta":{"_acf_changed":false,"footnotes":""},"categories":[],"tags":[],"class_list":["post-10840","page","type-page","status-publish","hentry"],"acf":[],"_links":{"self":[{"href":"https:\/\/univet.hu\/hu\/wp-json\/wp\/v2\/pages\/10840","targetHints":{"allow":["GET"]}}],"collection":[{"href":"https:\/\/univet.hu\/hu\/wp-json\/wp\/v2\/pages"}],"about":[{"href":"https:\/\/univet.hu\/hu\/wp-json\/wp\/v2\/types\/page"}],"author":[{"embeddable":true,"href":"https:\/\/univet.hu\/hu\/wp-json\/wp\/v2\/users\/3837"}],"replies":[{"embeddable":true,"href":"https:\/\/univet.hu\/hu\/wp-json\/wp\/v2\/comments?post=10840"}],"version-history":[{"count":5,"href":"https:\/\/univet.hu\/hu\/wp-json\/wp\/v2\/pages\/10840\/revisions"}],"predecessor-version":[{"id":203470,"href":"https:\/\/univet.hu\/hu\/wp-json\/wp\/v2\/pages\/10840\/revisions\/203470"}],"up":[{"embeddable":true,"href":"https:\/\/univet.hu\/hu\/wp-json\/wp\/v2\/pages\/677"}],"wp:attachment":[{"href":"https:\/\/univet.hu\/hu\/wp-json\/wp\/v2\/media?parent=10840"}],"wp:term":[{"taxonomy":"category","embeddable":true,"href":"https:\/\/univet.hu\/hu\/wp-json\/wp\/v2\/categories?post=10840"},{"taxonomy":"post_tag","embeddable":true,"href":"https:\/\/univet.hu\/hu\/wp-json\/wp\/v2\/tags?post=10840"}],"curies":[{"name":"wp","href":"https:\/\/api.w.org\/{rel}","templated":true}]}}