{"id":10847,"date":"1970-01-01T00:00:00","date_gmt":"1969-12-31T23:00:00","guid":{"rendered":"http:\/\/univet.hu\/oktatas\/kurzusok\/kinologia-es-macskatenyesztes\/"},"modified":"2023-08-27T19:27:44","modified_gmt":"2023-08-27T17:27:44","slug":"kinologia-es-macskatenyesztes","status":"publish","type":"page","link":"https:\/\/univet.hu\/hu\/oktatas\/kurzusok\/kinologia-es-macskatenyesztes\/","title":{"rendered":"Kinol\u00f3gia \u00e9s macskateny\u00e9szt\u00e9s"},"content":{"rendered":"<p>A kurzus c\u00e9lja: \u00e1ttekint\u00e9s ad\u00e1sa a kutya- \u00e9s a macskagenetika, valamint a teny\u00e9szt\u00e9s \u00fajabb eredm\u00e9nyeir\u0151l \u00e9s aktu\u00e1lis t\u00e9m\u00e1ir\u00f3l, r\u00e9szletezve a sz\u00edn\u00f6r\u00f6kl\u00e9s, a teny\u00e9szt\u00e9si \u00e9s a p\u00e1ros\u00edt\u00e1si elj\u00e1r\u00e1sok, a kutya- \u00e9s a macska- genomika, valamint a genetikai betegs\u00e9gek t\u00e9mak\u00f6r\u00e9t.<\/p> <p>(3., 4. \u00e9s 5. \u00e9ves hallgat\u00f3k r\u00e9sz\u00e9re)<\/p> <p>Tant\u00e1rgyfelel\u0151s: Dr. Z\u00f6ld\u00e1g L\u00e1szl\u00f3<\/p>","protected":false},"excerpt":{"rendered":"<p>A kurzus c\u00e9lja: \u00e1ttekint\u00e9s ad\u00e1sa a kutya- \u00e9s a macskagenetika, valamint a teny\u00e9szt\u00e9s \u00fajabb eredm\u00e9nyeir\u0151l \u00e9s aktu\u00e1lis t\u00e9m\u00e1ir\u00f3l, r\u00e9szletezve a sz\u00edn\u00f6r\u00f6kl\u00e9s, a teny\u00e9szt\u00e9si \u00e9s a p\u00e1ros\u00edt\u00e1si elj\u00e1r\u00e1sok, a kutya- \u00e9s a macska- genomika, valamint a genetikai betegs\u00e9gek t\u00e9mak\u00f6r\u00e9t. (3., 4. \u00e9s 5. \u00e9ves hallgat\u00f3k r\u00e9sz\u00e9re) Tant\u00e1rgyfelel\u0151s: Dr. Z\u00f6ld\u00e1g L\u00e1szl\u00f3<\/p>\n","protected":false},"author":3837,"featured_media":0,"parent":677,"menu_order":164,"comment_status":"closed","ping_status":"closed","template":"","meta":{"_acf_changed":false,"footnotes":""},"categories":[],"tags":[],"class_list":["post-10847","page","type-page","status-publish","hentry"],"acf":[],"_links":{"self":[{"href":"https:\/\/univet.hu\/hu\/wp-json\/wp\/v2\/pages\/10847","targetHints":{"allow":["GET"]}}],"collection":[{"href":"https:\/\/univet.hu\/hu\/wp-json\/wp\/v2\/pages"}],"about":[{"href":"https:\/\/univet.hu\/hu\/wp-json\/wp\/v2\/types\/page"}],"author":[{"embeddable":true,"href":"https:\/\/univet.hu\/hu\/wp-json\/wp\/v2\/users\/3837"}],"replies":[{"embeddable":true,"href":"https:\/\/univet.hu\/hu\/wp-json\/wp\/v2\/comments?post=10847"}],"version-history":[{"count":0,"href":"https:\/\/univet.hu\/hu\/wp-json\/wp\/v2\/pages\/10847\/revisions"}],"up":[{"embeddable":true,"href":"https:\/\/univet.hu\/hu\/wp-json\/wp\/v2\/pages\/677"}],"wp:attachment":[{"href":"https:\/\/univet.hu\/hu\/wp-json\/wp\/v2\/media?parent=10847"}],"wp:term":[{"taxonomy":"category","embeddable":true,"href":"https:\/\/univet.hu\/hu\/wp-json\/wp\/v2\/categories?post=10847"},{"taxonomy":"post_tag","embeddable":true,"href":"https:\/\/univet.hu\/hu\/wp-json\/wp\/v2\/tags?post=10847"}],"curies":[{"name":"wp","href":"https:\/\/api.w.org\/{rel}","templated":true}]}}