{"id":10852,"date":"1970-01-01T00:00:00","date_gmt":"1969-12-31T23:00:00","guid":{"rendered":"http:\/\/univet.hu\/oktatas\/kurzusok\/klinikai-endokrinologia\/"},"modified":"2023-08-29T10:39:38","modified_gmt":"2023-08-29T08:39:38","slug":"klinikai-endokrinologia","status":"publish","type":"page","link":"https:\/\/univet.hu\/hu\/oktatas\/kurzusok\/klinikai-endokrinologia\/","title":{"rendered":"Klinikai endokrinol\u00f3gia"},"content":{"rendered":"<p style=\"text-align: justify;\"> <p>A klinikai endokrinol\u00f3gia fakult\u00e1ci\u00f3 \u00e1ttekinti a f\u0151bb endokrinol\u00f3giai vizsg\u00e1l\u00f3 m\u00f3dszereket,<br aria-hidden=\"true\" \/>valamint ezek szerep\u00e9t klinikai munk\u00e1ban. \u00datmutat\u00e1st igyekszik adni az endokrinol\u00f3giai<br aria-hidden=\"true\" \/>eredm\u00e9nyek helyes \u00e9rt\u00e9kel\u00e9s\u00e9hez a gazdas\u00e1gi \u00e1llatok \u00e9s a t\u00e1rs\u00e1llatok vonatkoz\u00e1s\u00e1ban. A gradu\u00e1lis<br aria-hidden=\"true\" \/>anyagra \u00e9p\u00edtve m\u00e1s megvil\u00e1g\u00edt\u00e1sban is t\u00e1rgyalja a nemi hormonok szerep\u00e9t egyes betegs\u00e9gek<br aria-hidden=\"true\" \/>h\u00e1tter\u00e9ben, \u00e1ttekinti az endokrin szervek m\u0171k\u00f6d\u00e9szavarait, valamint azok\u00a0szaporod\u00e1sbiol\u00f3giai vonatkoz\u00e1sait.<\/p> <p>Kapcsolattart\u00f3: Dr. M\u00fcller Linda<\/p>","protected":false},"excerpt":{"rendered":"<p>A klinikai endokrinol\u00f3gia fakult\u00e1ci\u00f3 \u00e1ttekinti a f\u0151bb endokrinol\u00f3giai vizsg\u00e1l\u00f3 m\u00f3dszereket,valamint ezek szerep\u00e9t klinikai munk\u00e1ban. \u00datmutat\u00e1st igyekszik adni az endokrinol\u00f3giaieredm\u00e9nyek helyes \u00e9rt\u00e9kel\u00e9s\u00e9hez a gazdas\u00e1gi \u00e1llatok \u00e9s a t\u00e1rs\u00e1llatok vonatkoz\u00e1s\u00e1ban. A gradu\u00e1lisanyagra \u00e9p\u00edtve m\u00e1s megvil\u00e1g\u00edt\u00e1sban is t\u00e1rgyalja a nemi hormonok szerep\u00e9t egyes betegs\u00e9gekh\u00e1tter\u00e9ben, \u00e1ttekinti az endokrin szervek m\u0171k\u00f6d\u00e9szavarait, valamint azok\u00a0szaporod\u00e1sbiol\u00f3giai vonatkoz\u00e1sait. Kapcsolattart\u00f3: Dr. M\u00fcller Linda<\/p>\n","protected":false},"author":3837,"featured_media":0,"parent":677,"menu_order":164,"comment_status":"closed","ping_status":"closed","template":"","meta":{"_acf_changed":false,"footnotes":""},"categories":[],"tags":[],"class_list":["post-10852","page","type-page","status-publish","hentry"],"acf":[],"_links":{"self":[{"href":"https:\/\/univet.hu\/hu\/wp-json\/wp\/v2\/pages\/10852","targetHints":{"allow":["GET"]}}],"collection":[{"href":"https:\/\/univet.hu\/hu\/wp-json\/wp\/v2\/pages"}],"about":[{"href":"https:\/\/univet.hu\/hu\/wp-json\/wp\/v2\/types\/page"}],"author":[{"embeddable":true,"href":"https:\/\/univet.hu\/hu\/wp-json\/wp\/v2\/users\/3837"}],"replies":[{"embeddable":true,"href":"https:\/\/univet.hu\/hu\/wp-json\/wp\/v2\/comments?post=10852"}],"version-history":[{"count":0,"href":"https:\/\/univet.hu\/hu\/wp-json\/wp\/v2\/pages\/10852\/revisions"}],"up":[{"embeddable":true,"href":"https:\/\/univet.hu\/hu\/wp-json\/wp\/v2\/pages\/677"}],"wp:attachment":[{"href":"https:\/\/univet.hu\/hu\/wp-json\/wp\/v2\/media?parent=10852"}],"wp:term":[{"taxonomy":"category","embeddable":true,"href":"https:\/\/univet.hu\/hu\/wp-json\/wp\/v2\/categories?post=10852"},{"taxonomy":"post_tag","embeddable":true,"href":"https:\/\/univet.hu\/hu\/wp-json\/wp\/v2\/tags?post=10852"}],"curies":[{"name":"wp","href":"https:\/\/api.w.org\/{rel}","templated":true}]}}