{"id":10853,"date":"1970-01-01T00:00:00","date_gmt":"1969-12-31T23:00:00","guid":{"rendered":"http:\/\/univet.hu\/oktatas\/kurzusok\/korbonctan-i-emlos-patologia-1-35-tetel\/"},"modified":"2023-09-08T23:42:54","modified_gmt":"2023-09-08T21:42:54","slug":"korbonctan-i-emlos-patologia-1-35-tetel","status":"publish","type":"page","link":"https:\/\/univet.hu\/hu\/oktatas\/kurzusok\/korbonctan-i-emlos-patologia-1-35-tetel\/","title":{"rendered":"Patol\u00f3gia 1. &#8211; Eml\u0151s patol\u00f3gia (1-35. t\u00e9tel)"},"content":{"rendered":"<p>A r\u00e9szletes k\u00f3rbonctan els\u0151 f\u00e9l\u00e9v\u00e9ben az eml\u0151s patol\u00f3gia els\u0151 r\u00e9sz\u00e9nek t\u00e1rgyal\u00e1s\u00e1ra ker\u00fcl sor. \u00cdgy a sz\u00e1j\u00fcregben, a gyomor-b\u00e9lcsatorn\u00e1ban, valamint a m\u00e1j \u00e1llom\u00e1ny\u00e1ban \u00e9s egyes meghat\u00e1rozott k\u00f3roktan\u00fa betegs\u00e9gek sor\u00e1n jellemz\u0151en kialakul\u00f3 k\u00f3rbonctani elv\u00e1ltoz\u00e1sokat t\u00e1rgyalja \u00e1llatfaj \u00e9s hasznos\u00edt\u00e1si ir\u00e1ny szerint.<\/p> <p>Tant\u00e1rgyfelel\u0151s: Dr. M\u00e1ndoki M\u00edra<\/p> <p>K\u00e9rd\u00e9s eset\u00e9n a t\u00e1rgyfelel\u0151s el\u00e9rhet\u0151s\u00e9ge:\u00a0<a class=\"decrypt\" rel=\"nboeplj\/njsbAvojwfu\/iv\"><a class=\"decrypt\" rel=\"nboeplj\/njsbAvojwfu\/iv\" href=\"javascript:void(0);\">[Kattintson az emailc\u00edmhez]<\/a><\/a><\/p>","protected":false},"excerpt":{"rendered":"<p>A r\u00e9szletes k\u00f3rbonctan els\u0151 f\u00e9l\u00e9v\u00e9ben az eml\u0151s patol\u00f3gia els\u0151 r\u00e9sz\u00e9nek t\u00e1rgyal\u00e1s\u00e1ra ker\u00fcl sor. \u00cdgy a sz\u00e1j\u00fcregben, a gyomor-b\u00e9lcsatorn\u00e1ban, valamint a m\u00e1j \u00e1llom\u00e1ny\u00e1ban \u00e9s egyes meghat\u00e1rozott k\u00f3roktan\u00fa betegs\u00e9gek sor\u00e1n jellemz\u0151en kialakul\u00f3 k\u00f3rbonctani elv\u00e1ltoz\u00e1sokat t\u00e1rgyalja \u00e1llatfaj \u00e9s hasznos\u00edt\u00e1si ir\u00e1ny szerint. Tant\u00e1rgyfelel\u0151s: Dr. M\u00e1ndoki M\u00edra K\u00e9rd\u00e9s eset\u00e9n a t\u00e1rgyfelel\u0151s el\u00e9rhet\u0151s\u00e9ge:\u00a0[Kattintson az emailc\u00edmhez]<\/p>\n","protected":false},"author":3837,"featured_media":0,"parent":677,"menu_order":164,"comment_status":"closed","ping_status":"closed","template":"","meta":{"_acf_changed":false,"footnotes":""},"categories":[],"tags":[],"class_list":["post-10853","page","type-page","status-publish","hentry"],"acf":[],"_links":{"self":[{"href":"https:\/\/univet.hu\/hu\/wp-json\/wp\/v2\/pages\/10853","targetHints":{"allow":["GET"]}}],"collection":[{"href":"https:\/\/univet.hu\/hu\/wp-json\/wp\/v2\/pages"}],"about":[{"href":"https:\/\/univet.hu\/hu\/wp-json\/wp\/v2\/types\/page"}],"author":[{"embeddable":true,"href":"https:\/\/univet.hu\/hu\/wp-json\/wp\/v2\/users\/3837"}],"replies":[{"embeddable":true,"href":"https:\/\/univet.hu\/hu\/wp-json\/wp\/v2\/comments?post=10853"}],"version-history":[{"count":0,"href":"https:\/\/univet.hu\/hu\/wp-json\/wp\/v2\/pages\/10853\/revisions"}],"up":[{"embeddable":true,"href":"https:\/\/univet.hu\/hu\/wp-json\/wp\/v2\/pages\/677"}],"wp:attachment":[{"href":"https:\/\/univet.hu\/hu\/wp-json\/wp\/v2\/media?parent=10853"}],"wp:term":[{"taxonomy":"category","embeddable":true,"href":"https:\/\/univet.hu\/hu\/wp-json\/wp\/v2\/categories?post=10853"},{"taxonomy":"post_tag","embeddable":true,"href":"https:\/\/univet.hu\/hu\/wp-json\/wp\/v2\/tags?post=10853"}],"curies":[{"name":"wp","href":"https:\/\/api.w.org\/{rel}","templated":true}]}}