{"id":10854,"date":"1970-01-01T00:00:00","date_gmt":"1969-12-31T23:00:00","guid":{"rendered":"http:\/\/univet.hu\/oktatas\/kurzusok\/korbonctan-ii-baromfi-patologia\/"},"modified":"2023-09-08T23:47:47","modified_gmt":"2023-09-08T21:47:47","slug":"korbonctan-ii-baromfi-patologia","status":"publish","type":"page","link":"https:\/\/univet.hu\/hu\/oktatas\/kurzusok\/korbonctan-ii-baromfi-patologia\/","title":{"rendered":"Patol\u00f3gia 2. &#8211; Baromfi patol\u00f3gia"},"content":{"rendered":"<p>A f\u00e9l\u00e9v sor\u00e1n a r\u00e9szletes k\u00f3rbonctan h\u00e1zimadarakra vonatkoz\u00f3 fejezeteit t\u00e1rgyaljuk. Els\u0151sorban az egyes meghat\u00e1rozott k\u00f3roktan\u00fa baromfibetegs\u00e9gek sor\u00e1n jellemz\u0151en kialakul\u00f3 k\u00f3rbonctani elv\u00e1ltoz\u00e1sokat , \u00e9s a baromfifajokban el\u0151fordul\u00f3 mad\u00e1r-specifikus jellegzetess\u00e9geket ismertetj\u00fck.<br \/> A boncol\u00e1si gyakorlat a k\u00e9pz\u00e9s igen l\u00e9nyeges r\u00e9sz\u00e9t alkotja, amely a hallgat\u00f3k akt\u00edv r\u00e9szv\u00e9tel\u00e9re alapoz. Csak a saj\u00e1t \u00e9rz\u00e9kszervek alkalmaz\u00e1s\u00e1val, sok gyakorl\u00e1ssal lehet elsaj\u00e1t\u00edtani azt a k\u00e9pess\u00e9get, hogy valaki a k\u00f3rbonctani megfigyel\u00e9seit helyesen r\u00f6gz\u00edteni tudja.<br \/> A hallgat\u00f3k fokozatosan megszerzik azt a k\u00e9pess\u00e9get, hogy megk\u00fcl\u00f6nb\u00f6ztess\u00e9k a norm\u00e1list a k\u00f3rost\u00f3l, fel tudj\u00e1k ismerni az egyes szervi elv\u00e1ltoz\u00e1sokat \u00e9s v\u00e9lem\u00e9nyt tudjanak alkotni az elhull\u00e1s ok\u00e1r\u00f3l, az \u00e1llat betegs\u00e9geir\u0151l.<\/p> <p>A baromfi patol\u00f3gia gyakorlatokat tematikus rendben tartjuk a f\u00e9l\u00e9v sor\u00e1n (l\u00e1sd gyakorlatok r\u00e9szletes tematik\u00e1ja) .<\/p> <p>Tant\u00e1rgyfelel\u0151s: Dr. M\u00e1ndoki M\u00edra<\/p> <p>K\u00e9rd\u00e9s eset\u00e9n a t\u00e1rgyfelel\u0151s el\u00e9rhet\u0151s\u00e9ge:\u00a0<a class=\"decrypt\" rel=\"nboeplj\/njsbAvojwfu\/iv\"><a class=\"decrypt\" rel=\"nboeplj\/njsbAvojwfu\/iv\" href=\"javascript:void(0);\">[Kattintson az emailc\u00edmhez]<\/a><\/a><\/p>","protected":false},"excerpt":{"rendered":"<p>A f\u00e9l\u00e9v sor\u00e1n a r\u00e9szletes k\u00f3rbonctan h\u00e1zimadarakra vonatkoz\u00f3 fejezeteit t\u00e1rgyaljuk. Els\u0151sorban az egyes meghat\u00e1rozott k\u00f3roktan\u00fa baromfibetegs\u00e9gek sor\u00e1n jellemz\u0151en kialakul\u00f3 k\u00f3rbonctani elv\u00e1ltoz\u00e1sokat , \u00e9s a baromfifajokban el\u0151fordul\u00f3 mad\u00e1r-specifikus jellegzetess\u00e9geket ismertetj\u00fck. A boncol\u00e1si gyakorlat a k\u00e9pz\u00e9s igen l\u00e9nyeges r\u00e9sz\u00e9t alkotja, amely a hallgat\u00f3k akt\u00edv r\u00e9szv\u00e9tel\u00e9re alapoz. Csak a saj\u00e1t \u00e9rz\u00e9kszervek alkalmaz\u00e1s\u00e1val, sok gyakorl\u00e1ssal lehet elsaj\u00e1t\u00edtani azt a<\/p>\n","protected":false},"author":3837,"featured_media":0,"parent":677,"menu_order":164,"comment_status":"closed","ping_status":"closed","template":"","meta":{"_acf_changed":false,"footnotes":""},"categories":[],"tags":[],"class_list":["post-10854","page","type-page","status-publish","hentry"],"acf":[],"_links":{"self":[{"href":"https:\/\/univet.hu\/hu\/wp-json\/wp\/v2\/pages\/10854","targetHints":{"allow":["GET"]}}],"collection":[{"href":"https:\/\/univet.hu\/hu\/wp-json\/wp\/v2\/pages"}],"about":[{"href":"https:\/\/univet.hu\/hu\/wp-json\/wp\/v2\/types\/page"}],"author":[{"embeddable":true,"href":"https:\/\/univet.hu\/hu\/wp-json\/wp\/v2\/users\/3837"}],"replies":[{"embeddable":true,"href":"https:\/\/univet.hu\/hu\/wp-json\/wp\/v2\/comments?post=10854"}],"version-history":[{"count":0,"href":"https:\/\/univet.hu\/hu\/wp-json\/wp\/v2\/pages\/10854\/revisions"}],"up":[{"embeddable":true,"href":"https:\/\/univet.hu\/hu\/wp-json\/wp\/v2\/pages\/677"}],"wp:attachment":[{"href":"https:\/\/univet.hu\/hu\/wp-json\/wp\/v2\/media?parent=10854"}],"wp:term":[{"taxonomy":"category","embeddable":true,"href":"https:\/\/univet.hu\/hu\/wp-json\/wp\/v2\/categories?post=10854"},{"taxonomy":"post_tag","embeddable":true,"href":"https:\/\/univet.hu\/hu\/wp-json\/wp\/v2\/tags?post=10854"}],"curies":[{"name":"wp","href":"https:\/\/api.w.org\/{rel}","templated":true}]}}