{"id":10855,"date":"1970-01-01T00:00:00","date_gmt":"1969-12-31T23:00:00","guid":{"rendered":"http:\/\/univet.hu\/oktatas\/kurzusok\/korbonctan-iii-emlos-patologia-36-100-tetel-es-korszovettan\/"},"modified":"2023-09-08T23:52:01","modified_gmt":"2023-09-08T21:52:01","slug":"korbonctan-iii-emlos-patologia-36-100-tetel-es-korszovettan","status":"publish","type":"page","link":"https:\/\/univet.hu\/hu\/oktatas\/kurzusok\/korbonctan-iii-emlos-patologia-36-100-tetel-es-korszovettan\/","title":{"rendered":"Patol\u00f3gia 3. &#8211; Eml\u0151s patol\u00f3gia (36-100. t\u00e9tel)"},"content":{"rendered":"<p>A r\u00e9szletes k\u00f3rbonctan els\u0151sorban az egyes meghat\u00e1rozott k\u00f3roktan\u00fa betegs\u00e9gek sor\u00e1n jellemz\u0151en kialakul\u00f3 k\u00f3rbonctani elv\u00e1ltoz\u00e1sokat t\u00e1rgyalja.<\/p> <p>A boncol\u00e1si gyakorlat a k\u00e9pz\u00e9s igen l\u00e9nyeges r\u00e9sz\u00e9t alkotja, amely a hallgat\u00f3k akt\u00edv r\u00e9szv\u00e9tel\u00e9re alapoz. Csak a saj\u00e1t \u00e9rz\u00e9kszervek alkalmaz\u00e1s\u00e1val, sok gyakorl\u00e1ssal lehet elsaj\u00e1t\u00edtani azt a k\u00e9pess\u00e9get, hogy valaki a k\u00f3rbonctani megfigyel\u00e9seit helyesen r\u00f6gz\u00edteni tudja.<\/p> <p>A plen\u00e1ris gyakorlatokon v\u00e1logatott, k\u00fcl\u00f6nleges vagy \u00e9ppen gyakran l\u00e1that\u00f3 elv\u00e1ltoz\u00e1sokat mutatunk be az \u00e9vfolyam sz\u00e1m\u00e1ra.<\/p> <p>A k\u00f3rsz\u00f6vettani gyakorlatok egyr\u00e9szt a sz\u00f6vettani metszetek elb\u00edr\u00e1l\u00e1s\u00e1ban val\u00f3 tapasztalatszerz\u00e9st, m\u00e1sr\u00e9szt az elm\u00e9leti anyag jobb meg\u00e9rt\u00e9s\u00e9t \u00e9s elsaj\u00e1t\u00edt\u00e1s\u00e1t szolg\u00e1lj\u00e1k.<\/p> <p>Tant\u00e1rgyfelel\u0151s: Dr. M\u00e1ndoki M\u00edra<\/p> <p>K\u00e9rd\u00e9s eset\u00e9n a t\u00e1rgyfelel\u0151s el\u00e9rhet\u0151s\u00e9ge:\u00a0<a class=\"decrypt\" rel=\"nboeplj\/njsbAvojwfu\/iv\"><a class=\"decrypt\" rel=\"nboeplj\/njsbAvojwfu\/iv\" href=\"javascript:void(0);\">[Kattintson az emailc\u00edmhez]<\/a><\/a><\/p>","protected":false},"excerpt":{"rendered":"<p>A r\u00e9szletes k\u00f3rbonctan els\u0151sorban az egyes meghat\u00e1rozott k\u00f3roktan\u00fa betegs\u00e9gek sor\u00e1n jellemz\u0151en kialakul\u00f3 k\u00f3rbonctani elv\u00e1ltoz\u00e1sokat t\u00e1rgyalja. A boncol\u00e1si gyakorlat a k\u00e9pz\u00e9s igen l\u00e9nyeges r\u00e9sz\u00e9t alkotja, amely a hallgat\u00f3k akt\u00edv r\u00e9szv\u00e9tel\u00e9re alapoz. Csak a saj\u00e1t \u00e9rz\u00e9kszervek alkalmaz\u00e1s\u00e1val, sok gyakorl\u00e1ssal lehet elsaj\u00e1t\u00edtani azt a k\u00e9pess\u00e9get, hogy valaki a k\u00f3rbonctani megfigyel\u00e9seit helyesen r\u00f6gz\u00edteni tudja. A plen\u00e1ris gyakorlatokon v\u00e1logatott, k\u00fcl\u00f6nleges<\/p>\n","protected":false},"author":3837,"featured_media":0,"parent":677,"menu_order":164,"comment_status":"closed","ping_status":"closed","template":"","meta":{"_acf_changed":false,"footnotes":""},"categories":[],"tags":[],"class_list":["post-10855","page","type-page","status-publish","hentry"],"acf":[],"_links":{"self":[{"href":"https:\/\/univet.hu\/hu\/wp-json\/wp\/v2\/pages\/10855","targetHints":{"allow":["GET"]}}],"collection":[{"href":"https:\/\/univet.hu\/hu\/wp-json\/wp\/v2\/pages"}],"about":[{"href":"https:\/\/univet.hu\/hu\/wp-json\/wp\/v2\/types\/page"}],"author":[{"embeddable":true,"href":"https:\/\/univet.hu\/hu\/wp-json\/wp\/v2\/users\/3837"}],"replies":[{"embeddable":true,"href":"https:\/\/univet.hu\/hu\/wp-json\/wp\/v2\/comments?post=10855"}],"version-history":[{"count":0,"href":"https:\/\/univet.hu\/hu\/wp-json\/wp\/v2\/pages\/10855\/revisions"}],"up":[{"embeddable":true,"href":"https:\/\/univet.hu\/hu\/wp-json\/wp\/v2\/pages\/677"}],"wp:attachment":[{"href":"https:\/\/univet.hu\/hu\/wp-json\/wp\/v2\/media?parent=10855"}],"wp:term":[{"taxonomy":"category","embeddable":true,"href":"https:\/\/univet.hu\/hu\/wp-json\/wp\/v2\/categories?post=10855"},{"taxonomy":"post_tag","embeddable":true,"href":"https:\/\/univet.hu\/hu\/wp-json\/wp\/v2\/tags?post=10855"}],"curies":[{"name":"wp","href":"https:\/\/api.w.org\/{rel}","templated":true}]}}