{"id":10856,"date":"1970-01-01T00:00:00","date_gmt":"1969-12-31T23:00:00","guid":{"rendered":"http:\/\/univet.hu\/oktatas\/kurzusok\/korszovettan-2013-tavaszi-felev\/"},"modified":"2023-09-08T23:40:07","modified_gmt":"2023-09-08T21:40:07","slug":"korszovettan-2013-tavaszi-felev","status":"publish","type":"page","link":"https:\/\/univet.hu\/hu\/oktatas\/kurzusok\/korszovettan-2013-tavaszi-felev\/","title":{"rendered":"K\u00f3rsz\u00f6vettan"},"content":{"rendered":"<p>Tant\u00e1rgyfelel\u0151s: Dr. M\u00e1ndoki M\u00edra<\/p> <p>K\u00e9rd\u00e9s eset\u00e9n a t\u00e1rgyfelel\u0151s el\u00e9rhet\u0151s\u00e9ge:\u00a0<a class=\"decrypt\" rel=\"nboeplj\/njsbAvojwfu\/iv\"><a class=\"decrypt\" rel=\"nboeplj\/njsbAvojwfu\/iv\" href=\"javascript:void(0);\">[Kattintson az emailc\u00edmhez]<\/a><\/a><\/p>","protected":false},"excerpt":{"rendered":"<p>Tant\u00e1rgyfelel\u0151s: Dr. M\u00e1ndoki M\u00edra K\u00e9rd\u00e9s eset\u00e9n a t\u00e1rgyfelel\u0151s el\u00e9rhet\u0151s\u00e9ge:\u00a0[Kattintson az emailc\u00edmhez]<\/p>\n","protected":false},"author":3837,"featured_media":0,"parent":677,"menu_order":164,"comment_status":"closed","ping_status":"closed","template":"","meta":{"_acf_changed":false,"footnotes":""},"categories":[],"tags":[],"class_list":["post-10856","page","type-page","status-publish","hentry"],"acf":[],"_links":{"self":[{"href":"https:\/\/univet.hu\/hu\/wp-json\/wp\/v2\/pages\/10856","targetHints":{"allow":["GET"]}}],"collection":[{"href":"https:\/\/univet.hu\/hu\/wp-json\/wp\/v2\/pages"}],"about":[{"href":"https:\/\/univet.hu\/hu\/wp-json\/wp\/v2\/types\/page"}],"author":[{"embeddable":true,"href":"https:\/\/univet.hu\/hu\/wp-json\/wp\/v2\/users\/3837"}],"replies":[{"embeddable":true,"href":"https:\/\/univet.hu\/hu\/wp-json\/wp\/v2\/comments?post=10856"}],"version-history":[{"count":0,"href":"https:\/\/univet.hu\/hu\/wp-json\/wp\/v2\/pages\/10856\/revisions"}],"up":[{"embeddable":true,"href":"https:\/\/univet.hu\/hu\/wp-json\/wp\/v2\/pages\/677"}],"wp:attachment":[{"href":"https:\/\/univet.hu\/hu\/wp-json\/wp\/v2\/media?parent=10856"}],"wp:term":[{"taxonomy":"category","embeddable":true,"href":"https:\/\/univet.hu\/hu\/wp-json\/wp\/v2\/categories?post=10856"},{"taxonomy":"post_tag","embeddable":true,"href":"https:\/\/univet.hu\/hu\/wp-json\/wp\/v2\/tags?post=10856"}],"curies":[{"name":"wp","href":"https:\/\/api.w.org\/{rel}","templated":true}]}}