{"id":10857,"date":"1970-01-01T00:00:00","date_gmt":"1969-12-31T23:00:00","guid":{"rendered":"http:\/\/univet.hu\/oktatas\/kurzusok\/konyvtari-informatika\/"},"modified":"2024-01-11T15:37:54","modified_gmt":"2024-01-11T14:37:54","slug":"konyvtari-informatika","status":"publish","type":"page","link":"https:\/\/univet.hu\/hu\/oktatas\/kurzusok\/konyvtari-informatika\/","title":{"rendered":"K\u00f6nyvt\u00e1ri informatika"},"content":{"rendered":"<p><strong>Tematika:<\/strong><br \/> &#8211; A szakirodalmi forr\u00e1sok rendszer\u00e9nek ismertet\u00e9se<br \/> &#8211; A korszer\u0171, hat\u00e9kony inform\u00e1ci\u00f3keres\u00e9s logikai menete<br \/> &#8211; G\u00e9pi eszk\u00f6z\u00f6k \u00e9s m\u00f3dszerek \u00f6n\u00e1ll\u00f3 haszn\u00e1lata az inform\u00e1ci\u00f3keres\u00e9sben<br \/> &#8211; Internetes forr\u00e1sok az \u00e1llatorvosi ismeretekhez<br \/> &#8211; A szakirodalmi forr\u00e1sok szab\u00e1lyos felhaszn\u00e1l\u00e1sa, hivatkoz\u00e1skezel\u00e9s<br \/> &#8211; Publik\u00e1l\u00e1s \u00e9s hivatkoz\u00e1sok etikai vonatkoz\u00e1sai<br \/> &#8211; Publik\u00e1l\u00e1si strat\u00e9gia<\/p> <p>Az angol szaknyelv ismerete sz\u00fcks\u00e9ges a tanfolyam elv\u00e9gz\u00e9s\u00e9hez.<\/p>","protected":false},"excerpt":{"rendered":"<p>Tematika: &#8211; A szakirodalmi forr\u00e1sok rendszer\u00e9nek ismertet\u00e9se &#8211; A korszer\u0171, hat\u00e9kony inform\u00e1ci\u00f3keres\u00e9s logikai menete &#8211; G\u00e9pi eszk\u00f6z\u00f6k \u00e9s m\u00f3dszerek \u00f6n\u00e1ll\u00f3 haszn\u00e1lata az inform\u00e1ci\u00f3keres\u00e9sben &#8211; Internetes forr\u00e1sok az \u00e1llatorvosi ismeretekhez &#8211; A szakirodalmi forr\u00e1sok szab\u00e1lyos felhaszn\u00e1l\u00e1sa, hivatkoz\u00e1skezel\u00e9s &#8211; Publik\u00e1l\u00e1s \u00e9s hivatkoz\u00e1sok etikai vonatkoz\u00e1sai &#8211; Publik\u00e1l\u00e1si strat\u00e9gia Az angol szaknyelv ismerete sz\u00fcks\u00e9ges a tanfolyam elv\u00e9gz\u00e9s\u00e9hez.<\/p>\n","protected":false},"author":3837,"featured_media":0,"parent":677,"menu_order":164,"comment_status":"closed","ping_status":"closed","template":"","meta":{"_acf_changed":false,"footnotes":""},"categories":[],"tags":[],"class_list":["post-10857","page","type-page","status-publish","hentry"],"acf":[],"_links":{"self":[{"href":"https:\/\/univet.hu\/hu\/wp-json\/wp\/v2\/pages\/10857","targetHints":{"allow":["GET"]}}],"collection":[{"href":"https:\/\/univet.hu\/hu\/wp-json\/wp\/v2\/pages"}],"about":[{"href":"https:\/\/univet.hu\/hu\/wp-json\/wp\/v2\/types\/page"}],"author":[{"embeddable":true,"href":"https:\/\/univet.hu\/hu\/wp-json\/wp\/v2\/users\/3837"}],"replies":[{"embeddable":true,"href":"https:\/\/univet.hu\/hu\/wp-json\/wp\/v2\/comments?post=10857"}],"version-history":[{"count":0,"href":"https:\/\/univet.hu\/hu\/wp-json\/wp\/v2\/pages\/10857\/revisions"}],"up":[{"embeddable":true,"href":"https:\/\/univet.hu\/hu\/wp-json\/wp\/v2\/pages\/677"}],"wp:attachment":[{"href":"https:\/\/univet.hu\/hu\/wp-json\/wp\/v2\/media?parent=10857"}],"wp:term":[{"taxonomy":"category","embeddable":true,"href":"https:\/\/univet.hu\/hu\/wp-json\/wp\/v2\/categories?post=10857"},{"taxonomy":"post_tag","embeddable":true,"href":"https:\/\/univet.hu\/hu\/wp-json\/wp\/v2\/tags?post=10857"}],"curies":[{"name":"wp","href":"https:\/\/api.w.org\/{rel}","templated":true}]}}