{"id":10858,"date":"1970-01-01T00:00:00","date_gmt":"1969-12-31T23:00:00","guid":{"rendered":"http:\/\/univet.hu\/oktatas\/kurzusok\/konyvtari-informatika-biolbsc\/"},"modified":"2023-09-01T09:32:06","modified_gmt":"2023-09-01T07:32:06","slug":"konyvtari-informatika-biolbsc","status":"publish","type":"page","link":"https:\/\/univet.hu\/hu\/oktatas\/kurzusok\/konyvtari-informatika-biolbsc\/","title":{"rendered":"K\u00f6nyvt\u00e1ri informatika &#8211; BiolBsc"},"content":{"rendered":"<p><strong>A k\u00e9pz\u00e9s c\u00e9lja, hogy a hallgat\u00f3<\/strong><\/p> <ul> <li>k\u00e9pes legyen inform\u00e1ci\u00f3s ig\u00e9nyeit pontosan megfogalmazni,<\/li> <li>inform\u00e1ci\u00f3keres\u00e9si strat\u00e9gi\u00e1t tudjon fel\u00e1ll\u00edtani,<\/li> <li>a k\u00fcl\u00f6nf\u00e9le szakmai adatb\u00e1zisokban megfelel\u0151en tudjon keresni,<\/li> <li>ismerje a szakirodalom t\u00edpusait \u00e9s forr\u00e1sait,<\/li> <li>publik\u00e1l\u00e1si \u00e9s hivatkoz\u00e1si ismeretekkel rendelkezzen.<\/li> <\/ul> <p><strong>Tant\u00e1rgyfelel\u0151s oktat\u00f3:<\/strong> Bik\u00e1di Katalin<\/p> <p><strong>Kurzus oktat\u00f3ja: <\/strong>Bir\u00f3 Bettina (<a class=\"decrypt\" rel=\"cjsp\/cfuujobAvojwfu\/iv\" href=\"javascript:void(0);\">[Kattintson az emailc\u00edmhez]<\/a>)<\/p> <p><strong>El\u0151tanulm\u00e1nyi k\u00f6vetelm\u00e9nyek:\u00a0<\/strong>&#8222;Az \u00c1llatorvostudom\u00e1nyi Egyetem biol\u00f3gia alapk\u00e9pz\u00e9s \u00e9s biol\u00f3gus mesterk\u00e9pz\u00e9s zool\u00f3gus specializ\u00e1ci\u00f3val k\u00e9pz\u00e9si terve : Javasolt tantervi h\u00e1l\u00f3 \u00e9s a tant\u00e1rgyak le\u00edr\u00e1sa a 18\/2016. (VIII. 5.) EMMI rendeletnek megfelel\u0151en (KKK)&#8221; dokumentumban tal\u00e1lhat\u00f3:<br \/> El\u0151tanulm\u00e1nyi felt\u00e9tel: Informatika<\/p> <p>&nbsp;<\/p>","protected":false},"excerpt":{"rendered":"<p>A k\u00e9pz\u00e9s c\u00e9lja, hogy a hallgat\u00f3 k\u00e9pes legyen inform\u00e1ci\u00f3s ig\u00e9nyeit pontosan megfogalmazni, inform\u00e1ci\u00f3keres\u00e9si strat\u00e9gi\u00e1t tudjon fel\u00e1ll\u00edtani, a k\u00fcl\u00f6nf\u00e9le szakmai adatb\u00e1zisokban megfelel\u0151en tudjon keresni, ismerje a szakirodalom t\u00edpusait \u00e9s forr\u00e1sait, publik\u00e1l\u00e1si \u00e9s hivatkoz\u00e1si ismeretekkel rendelkezzen. Tant\u00e1rgyfelel\u0151s oktat\u00f3: Bik\u00e1di Katalin Kurzus oktat\u00f3ja: Bir\u00f3 Bettina ([Kattintson az emailc\u00edmhez]) El\u0151tanulm\u00e1nyi k\u00f6vetelm\u00e9nyek:\u00a0&#8222;Az \u00c1llatorvostudom\u00e1nyi Egyetem biol\u00f3gia alapk\u00e9pz\u00e9s \u00e9s biol\u00f3gus mesterk\u00e9pz\u00e9s zool\u00f3gus<\/p>\n","protected":false},"author":3837,"featured_media":0,"parent":677,"menu_order":164,"comment_status":"closed","ping_status":"closed","template":"","meta":{"_acf_changed":false,"footnotes":""},"categories":[],"tags":[],"class_list":["post-10858","page","type-page","status-publish","hentry"],"acf":[],"_links":{"self":[{"href":"https:\/\/univet.hu\/hu\/wp-json\/wp\/v2\/pages\/10858","targetHints":{"allow":["GET"]}}],"collection":[{"href":"https:\/\/univet.hu\/hu\/wp-json\/wp\/v2\/pages"}],"about":[{"href":"https:\/\/univet.hu\/hu\/wp-json\/wp\/v2\/types\/page"}],"author":[{"embeddable":true,"href":"https:\/\/univet.hu\/hu\/wp-json\/wp\/v2\/users\/3837"}],"replies":[{"embeddable":true,"href":"https:\/\/univet.hu\/hu\/wp-json\/wp\/v2\/comments?post=10858"}],"version-history":[{"count":0,"href":"https:\/\/univet.hu\/hu\/wp-json\/wp\/v2\/pages\/10858\/revisions"}],"up":[{"embeddable":true,"href":"https:\/\/univet.hu\/hu\/wp-json\/wp\/v2\/pages\/677"}],"wp:attachment":[{"href":"https:\/\/univet.hu\/hu\/wp-json\/wp\/v2\/media?parent=10858"}],"wp:term":[{"taxonomy":"category","embeddable":true,"href":"https:\/\/univet.hu\/hu\/wp-json\/wp\/v2\/categories?post=10858"},{"taxonomy":"post_tag","embeddable":true,"href":"https:\/\/univet.hu\/hu\/wp-json\/wp\/v2\/tags?post=10858"}],"curies":[{"name":"wp","href":"https:\/\/api.w.org\/{rel}","templated":true}]}}