{"id":10861,"date":"1970-01-01T00:00:00","date_gmt":"1969-12-31T23:00:00","guid":{"rendered":"http:\/\/univet.hu\/oktatas\/kurzusok\/kutatastervezes-es-palyazatiras-biologus-msc\/"},"modified":"2018-09-07T15:38:46","modified_gmt":"2018-09-07T13:38:46","slug":"kutatastervezes-es-palyazatiras-biologus-msc","status":"publish","type":"page","link":"https:\/\/univet.hu\/hu\/oktatas\/kurzusok\/kutatastervezes-es-palyazatiras-biologus-msc\/","title":{"rendered":"Kutat\u00e1stervez\u00e9s \u00e9s p\u00e1lyazat\u00edr\u00e1s &#8211; biol\u00f3gus MSc"},"content":{"rendered":"<p>A t\u00e1rgy c\u00e9lja hallgat\u00f3ink bevezet\u00e9se a term\u00e9szettudom\u00e1nyos kutat\u00f3munka \u00e1ltal\u00e1nos m\u00f3dszereibe, terepi \u00e9s \u00e1llath\u00e1zi zool\u00f3giai vizsg\u00e1latok tervez\u00e9s\u00e9re \u00e9s ilyen vizsg\u00e1latokhoz f\u00f3kusz\u00e1lva. A kurzus sor\u00e1n a hallgat\u00f3k az int\u00e9zm\u00e9ny foly\u00f3 kutat\u00e1sainak p\u00e9ld\u00e1in, \u00f6n\u00e1ll\u00f3 feladatk\u00e9nt pedig saj\u00e1t diplomamunk\u00e1jukon kereszt\u00fcl v\u00e9gigk\u00eds\u00e9rik a kutat\u00f3munka egyes l\u00e9p\u00e9seit a k\u00e9rd\u00e9sfeltev\u00e9st\u0151l a hipot\u00e9zis tesztel\u00e9sen, megfigyel\u00e9sek \u00e9s k\u00eds\u00e9rletek tervez\u00e9s\u00e9n \u00e1t eredm\u00e9nyeik bemutat\u00e1s\u00e1ig. A tematik\u00e1t v\u00e9gigk\u00eds\u00e9rik a p\u00e1ly\u00e1zat\u00edr\u00e1s szempontjai: mit hogyan kell bemutatni egy p\u00e1ly\u00e1zat szakmai anyag\u00e1ban, k\u00f6lts\u00e9gterv, enged\u00e9lyek, stb.<\/p> <p>K\u00f6telez\u0151 \u00e9s aj\u00e1nlott irodalom:<br \/>Reiczigel J, Harnos A &amp; Solymos N 2007. Biostatisztika nem statisztikusoknak. Pars Kft. Nagykov\u00e1csi<br \/>Gotelli NJ &amp; Ellison AM 2004. A primer of ecological statistics. Sinauer, Sunderland, Massachusetts, USA<br \/>Pr\u00e9cs\u00e9nyi I. (szerk.) 1995. Kutat\u00e1stervez\u00e9si, statisztikai \u00e9s project\u00e9rt\u00e9kel\u00e9si m\u00f3dszerek a szupraindividu\u00e1lis biol\u00f3gi\u00e1ban. Kossuth Lajos Tudom\u00e1nyegyetem, Debrecen<br \/>Martin P &amp; Bateson P 1993. Measuring behaviour. Cambridge University Press, Cambridge<br \/>Csermely P, Gergely P, Koltay &amp; T\u00f3th J 1999. Kutat\u00e1s \u00e9s k\u00f6zl\u00e9s a term\u00e9szettudom\u00e1nyokban. Osiris, Budapest<br \/>Hailman JP &amp; Strier KB 1997. Planning, proposing and presenting science effectively. Cambridge University Press, Cambridge<br \/>Briscoe MH 1996. Presenting scientific illustrations. Springer-Verlag, New York<\/p><\/p>","protected":false},"excerpt":{"rendered":"<p>A t\u00e1rgy c\u00e9lja hallgat\u00f3ink bevezet\u00e9se a term\u00e9szettudom\u00e1nyos kutat\u00f3munka \u00e1ltal\u00e1nos m\u00f3dszereibe, terepi \u00e9s \u00e1llath\u00e1zi zool\u00f3giai vizsg\u00e1latok tervez\u00e9s\u00e9re \u00e9s ilyen vizsg\u00e1latokhoz f\u00f3kusz\u00e1lva. A kurzus sor\u00e1n a hallgat\u00f3k az int\u00e9zm\u00e9ny foly\u00f3 kutat\u00e1sainak p\u00e9ld\u00e1in, \u00f6n\u00e1ll\u00f3 feladatk\u00e9nt pedig saj\u00e1t diplomamunk\u00e1jukon kereszt\u00fcl v\u00e9gigk\u00eds\u00e9rik a kutat\u00f3munka egyes l\u00e9p\u00e9seit a k\u00e9rd\u00e9sfeltev\u00e9st\u0151l a hipot\u00e9zis tesztel\u00e9sen, megfigyel\u00e9sek \u00e9s k\u00eds\u00e9rletek tervez\u00e9s\u00e9n \u00e1t eredm\u00e9nyeik bemutat\u00e1s\u00e1ig. A tematik\u00e1t<\/p>\n","protected":false},"author":3837,"featured_media":0,"parent":677,"menu_order":164,"comment_status":"closed","ping_status":"closed","template":"","meta":{"_acf_changed":false,"footnotes":""},"categories":[],"tags":[],"class_list":["post-10861","page","type-page","status-publish","hentry"],"acf":[],"_links":{"self":[{"href":"https:\/\/univet.hu\/hu\/wp-json\/wp\/v2\/pages\/10861","targetHints":{"allow":["GET"]}}],"collection":[{"href":"https:\/\/univet.hu\/hu\/wp-json\/wp\/v2\/pages"}],"about":[{"href":"https:\/\/univet.hu\/hu\/wp-json\/wp\/v2\/types\/page"}],"author":[{"embeddable":true,"href":"https:\/\/univet.hu\/hu\/wp-json\/wp\/v2\/users\/3837"}],"replies":[{"embeddable":true,"href":"https:\/\/univet.hu\/hu\/wp-json\/wp\/v2\/comments?post=10861"}],"version-history":[{"count":0,"href":"https:\/\/univet.hu\/hu\/wp-json\/wp\/v2\/pages\/10861\/revisions"}],"up":[{"embeddable":true,"href":"https:\/\/univet.hu\/hu\/wp-json\/wp\/v2\/pages\/677"}],"wp:attachment":[{"href":"https:\/\/univet.hu\/hu\/wp-json\/wp\/v2\/media?parent=10861"}],"wp:term":[{"taxonomy":"category","embeddable":true,"href":"https:\/\/univet.hu\/hu\/wp-json\/wp\/v2\/categories?post=10861"},{"taxonomy":"post_tag","embeddable":true,"href":"https:\/\/univet.hu\/hu\/wp-json\/wp\/v2\/tags?post=10861"}],"curies":[{"name":"wp","href":"https:\/\/api.w.org\/{rel}","templated":true}]}}