{"id":10862,"date":"1970-01-01T00:00:00","date_gmt":"1969-12-31T23:00:00","guid":{"rendered":"http:\/\/univet.hu\/oktatas\/kurzusok\/kutyak-es-macskak-ultrahang-diagnosztikaja\/"},"modified":"2018-09-07T15:38:47","modified_gmt":"2018-09-07T13:38:47","slug":"kutyak-es-macskak-ultrahang-diagnosztikaja","status":"publish","type":"page","link":"https:\/\/univet.hu\/hu\/oktatas\/kurzusok\/kutyak-es-macskak-ultrahang-diagnosztikaja\/","title":{"rendered":"Kuty\u00e1k \u00e9s macsk\u00e1k ultrahang-diagnosztik\u00e1ja"},"content":{"rendered":"<p><strong>(D)I.2.2. Fakultat&iacute;v tant&aacute;rgyak:<\/strong><\/p> <p>(D)I.2.2. Fakultat&iacute;v tant&aacute;rgy:<\/p> <p>&nbsp;<\/p> <p>A tant&aacute;rgy oktat&aacute;s&aacute;nak helye, &oacute;rasz&aacute;ma, az ismeretek ellen\u0151rz&eacute;s&eacute;nek form&aacute;ja:<\/p> <p>&nbsp;<\/p> <p>&nbsp;<\/p> <table border=\"1\" cellpadding=\"0\" cellspacing=\"0\" style=\"width:571px\"> <tbody> <tr> <td style=\"height:66px; width:55px\"> <p><strong>F&eacute;l&eacute;v<\/strong><\/p> <\/td> <td style=\"height:66px; width:228px\"> <p><strong>T&eacute;mak&ouml;r<\/strong><\/p> <\/td> <td style=\"height:66px; width:108px\"> <p><strong>&Oacute;rasz&aacute;m<\/strong><\/p> <p>(el\u0151ad&aacute;s\/gyakorlat)<\/p> <\/td> <td style=\"height:66px; width:120px\"> <p><strong>Az &eacute;rt&eacute;kel&eacute;s m&oacute;dja<\/strong><\/p> <p>(gyakorlati jegy, vizsga, szigorlat)<\/p> <\/td> <td style=\"height:66px; width:60px\"> <p><strong>Kredit<\/strong><\/p> <\/td> <\/tr> <tr> <td style=\"width:55px\"> <p>10.<\/p> <\/td> <td style=\"width:228px\"> <p>Kuty&aacute;k &eacute;s macsk&aacute;k ultrahang-diagnosztik&aacute;ja<\/p> <\/td> <td style=\"width:108px\"> <p>12\/2<\/p> <\/td> <td style=\"width:120px\"> <p>vizsga<\/p> <\/td> <td style=\"width:60px\"> <p>2<\/p> <\/td> <\/tr> <\/tbody> <\/table> <p>&nbsp;<\/p> <p>A tant&aacute;rgy oktat&aacute;s&aacute;nak r&ouml;vid, c&iacute;mszavas tematik&aacute;ja (tant&aacute;rgyank&eacute;nt maximum 10 sor)<\/p> <p>Az ultrahang-diagnosztika fizikai alapjai, technikai h&aacute;ttere<\/p> <p>Az ultrahangk&eacute;sz&uuml;l&eacute;kek &eacute;s ultrahang-vizsg&aacute;lati elj&aacute;r&aacute;sok<\/p> <p>Hasznos &eacute;s zavar&oacute; m\u0171term&eacute;kek az ultrahang-diagnosztika sor&aacute;n<\/p> <p>A has\u0171ri szervek ultrahangvizsg&aacute;lata I.<\/p> <p>A has\u0171ri szervek ultrahangvizsg&aacute;lata II.<\/p> <p>A has\u0171ri szervek ultrahangvizsg&aacute;lata III.<\/p> <p>A has\u0171ri szervek ultrahangvizsg&aacute;lata (kiscsoportos gyakorlat)<\/p> <p>&nbsp;<\/p> <p>A tananyag elsaj&aacute;t&iacute;t&aacute;s&aacute;hoz aj&aacute;nlott irodalom:<\/p> <p>Hetyey Cs., V&ouml;r&ouml;s K.: &Aacute;llatorvosi Ultrahang-diagnosztika. Pannonia Print Budapest 2012.<\/p> <p>Nyland, T.G. and Mattoon, J.S. (eds.). Small animal diagnostic ultrasound. 3rd ed. Philadelphia, WB Saunders. 2015.<\/p> <p>Penninck, D., d&rsquo;Anjou, M-A.: Atlas of small animal ultrasonography, 2nd ed., Wiley-Blackwell Ames, 2015.<\/p>","protected":false},"excerpt":{"rendered":"<p>(D)I.2.2. Fakultat&iacute;v tant&aacute;rgyak: (D)I.2.2. Fakultat&iacute;v tant&aacute;rgy: &nbsp; A tant&aacute;rgy oktat&aacute;s&aacute;nak helye, &oacute;rasz&aacute;ma, az ismeretek ellen\u0151rz&eacute;s&eacute;nek form&aacute;ja: &nbsp; &nbsp; F&eacute;l&eacute;v T&eacute;mak&ouml;r &Oacute;rasz&aacute;m (el\u0151ad&aacute;s\/gyakorlat) Az &eacute;rt&eacute;kel&eacute;s m&oacute;dja (gyakorlati jegy, vizsga, szigorlat) Kredit 10. Kuty&aacute;k &eacute;s macsk&aacute;k ultrahang-diagnosztik&aacute;ja 12\/2 vizsga 2 &nbsp; A tant&aacute;rgy oktat&aacute;s&aacute;nak r&ouml;vid, c&iacute;mszavas tematik&aacute;ja (tant&aacute;rgyank&eacute;nt maximum 10 sor) Az ultrahang-diagnosztika fizikai alapjai, technikai h&aacute;ttere<\/p>\n","protected":false},"author":3837,"featured_media":0,"parent":677,"menu_order":164,"comment_status":"closed","ping_status":"closed","template":"","meta":{"_acf_changed":false,"footnotes":""},"categories":[],"tags":[],"class_list":["post-10862","page","type-page","status-publish","hentry"],"acf":[],"_links":{"self":[{"href":"https:\/\/univet.hu\/hu\/wp-json\/wp\/v2\/pages\/10862","targetHints":{"allow":["GET"]}}],"collection":[{"href":"https:\/\/univet.hu\/hu\/wp-json\/wp\/v2\/pages"}],"about":[{"href":"https:\/\/univet.hu\/hu\/wp-json\/wp\/v2\/types\/page"}],"author":[{"embeddable":true,"href":"https:\/\/univet.hu\/hu\/wp-json\/wp\/v2\/users\/3837"}],"replies":[{"embeddable":true,"href":"https:\/\/univet.hu\/hu\/wp-json\/wp\/v2\/comments?post=10862"}],"version-history":[{"count":0,"href":"https:\/\/univet.hu\/hu\/wp-json\/wp\/v2\/pages\/10862\/revisions"}],"up":[{"embeddable":true,"href":"https:\/\/univet.hu\/hu\/wp-json\/wp\/v2\/pages\/677"}],"wp:attachment":[{"href":"https:\/\/univet.hu\/hu\/wp-json\/wp\/v2\/media?parent=10862"}],"wp:term":[{"taxonomy":"category","embeddable":true,"href":"https:\/\/univet.hu\/hu\/wp-json\/wp\/v2\/categories?post=10862"},{"taxonomy":"post_tag","embeddable":true,"href":"https:\/\/univet.hu\/hu\/wp-json\/wp\/v2\/tags?post=10862"}],"curies":[{"name":"wp","href":"https:\/\/api.w.org\/{rel}","templated":true}]}}