{"id":1105,"date":"2018-02-16T14:39:00","date_gmt":"2018-02-16T13:39:00","guid":{"rendered":"http:\/\/univet.hu\/egyetem\/video\/"},"modified":"2018-03-01T11:34:16","modified_gmt":"2018-03-01T10:34:16","slug":"video","status":"publish","type":"page","link":"https:\/\/univet.hu\/hu\/egyetem\/video\/","title":{"rendered":"Vide\u00f3"},"content":{"rendered":"<p><iframe loading=\"lazy\" title=\"\u00c1llatorvostudom\u00e1nyi Egyetem - Image film\" width=\"1280\" height=\"720\" src=\"https:\/\/www.youtube.com\/embed\/dtSqc8712x4?feature=oembed\" frameborder=\"0\" allow=\"accelerometer; autoplay; clipboard-write; encrypted-media; gyroscope; picture-in-picture; web-share\" referrerpolicy=\"strict-origin-when-cross-origin\" allowfullscreen><\/iframe><\/p> <p><strong><u>2018<\/u><\/strong><\/p> <p><a href=\"https:\/\/www.youtube.com\/watch?v=iOqyBzBzABU&amp;t=\" data-replaced=\"true\" target=\"_blank\" rel=\"noopener\">Dallos-S\u00f3tonyi el\u0151ad\u00e1s: A l\u00f3 kik\u00e9pz\u00e9se \u00e9s anat\u00f3mi\u00e1ja (kisfilm)<\/a><\/p> <p><u><strong>2017<\/strong><\/u><\/p> <p><a href=\"https:\/\/www.youtube.com\/watch?v=dtSqc8712x4&amp;feature=youtu.be\" data-replaced=\"true\" target=\"_blank\" rel=\"noopener\">\u00c1TE &#8211; Im\u00e1zs film<\/a><\/p> <p><a href=\"https:\/\/www.youtube.com\/watch?v=wtrsTPpDAhQ&amp;list=PLNTrw2ikYh1yfZgIg5XU_yKEqKOmXrQqs\" data-replaced=\"true\" target=\"_blank\" rel=\"noopener\">Interakt\u00edv vide\u00f3 az \u00c1llatorvostudom\u00e1nyi Egyetemr\u0151l<\/a><\/p> <p><a href=\"https:\/\/www.youtube.com\/watch?v=NvnvbgilbYs&amp;feature=youtu.be\" data-replaced=\"true\" target=\"_blank\" rel=\"noopener\">Ballag\u00e1s (2017.05.20.)<\/a><\/p> <p><a href=\"https:\/\/www.youtube.com\/watch?v=GFy0raeCExw\" data-replaced=\"true\">Diplomaoszt\u00f3 \u00fcnneps\u00e9g (2017.02.24.)<\/a><\/p> <p><u><strong>2016<\/strong><\/u><\/p> <p><a href=\"https:\/\/www.youtube.com\/watch?v=4oDaoKmP-yU\" data-replaced=\"true\">Az \u00c1TE\u00a0\u00f6n\u00e1ll\u00f3v\u00e1 v\u00e1l\u00e1sa alkalm\u00e1b\u00f3l rendezett \u00fcnneps\u00e9ge\u00a0(2016.06.30.)<\/a><\/p> <p><a href=\"https:\/\/www.youtube.com\/watch?v=WCyqg5TO38c\" data-replaced=\"true\">Diplomaoszt\u00f3 \u00fcnneps\u00e9g (2016.02.26.)<\/a><\/p> <p><u><strong>2015<\/strong><\/u><\/p> <p><a href=\"https:\/\/www.youtube.com\/watch?t=8&amp;v=EdN4l_MnMrg\" data-replaced=\"true\" target=\"_blank\" rel=\"noopener\">Tan\u00e9vnyit\u00f3 \u00fcnneps\u00e9g (2015.09.04)<\/a><\/p> <p><a href=\"https:\/\/www.youtube.com\/watch?v=em0zBSq5zEE\" data-replaced=\"true\" target=\"_blank\" rel=\"noopener\">Diplomaoszt\u00f3 \u00fcnneps\u00e9g (2015.03.13.)<\/a><\/p> <p><a href=\"https:\/\/www.youtube.com\/watch?v=Oy4iyRfIofM\" data-replaced=\"true\" target=\"_blank\" rel=\"noopener\">150 \u00e9ve sz\u00fcletett Magyary-Kossa Gyula akad\u00e9mikus, egyetemi tan\u00e1r (2015.02.01.)<\/a><\/p> <p><u><strong>2014<\/strong><\/u><\/p> <p><a href=\"https:\/\/www.youtube.com\/watch?v=N6stgvRcJdM\" data-replaced=\"true\" target=\"_blank\" rel=\"noopener\">Tan\u00e9vnyit\u00f3 \u00dcnneps\u00e9g (2014.08.29.)<\/a><\/p> <p><a href=\"http:\/\/www.youtube.com\/watch?v=JxWqmO5s1go\" data-replaced=\"true\" target=\"_blank\" rel=\"noopener\">Diplomaoszt\u00f3 \u00fcnneps\u00e9g (2014.03.01.)<\/a><\/p>","protected":false},"excerpt":{"rendered":"<p>2018 Dallos-S\u00f3tonyi el\u0151ad\u00e1s: A l\u00f3 kik\u00e9pz\u00e9se \u00e9s anat\u00f3mi\u00e1ja (kisfilm) 2017 \u00c1TE &#8211; Im\u00e1zs film Interakt\u00edv vide\u00f3 az \u00c1llatorvostudom\u00e1nyi Egyetemr\u0151l Ballag\u00e1s (2017.05.20.) Diplomaoszt\u00f3 \u00fcnneps\u00e9g (2017.02.24.) 2016 Az \u00c1TE\u00a0\u00f6n\u00e1ll\u00f3v\u00e1 v\u00e1l\u00e1sa alkalm\u00e1b\u00f3l rendezett \u00fcnneps\u00e9ge\u00a0(2016.06.30.) Diplomaoszt\u00f3 \u00fcnneps\u00e9g (2016.02.26.) 2015 Tan\u00e9vnyit\u00f3 \u00fcnneps\u00e9g (2015.09.04) Diplomaoszt\u00f3 \u00fcnneps\u00e9g (2015.03.13.) 150 \u00e9ve sz\u00fcletett Magyary-Kossa Gyula akad\u00e9mikus, egyetemi tan\u00e1r (2015.02.01.) 2014 Tan\u00e9vnyit\u00f3 \u00dcnneps\u00e9g (2014.08.29.) Diplomaoszt\u00f3<\/p>\n","protected":false},"author":1,"featured_media":0,"parent":336,"menu_order":326,"comment_status":"closed","ping_status":"closed","template":"","meta":{"_acf_changed":false,"footnotes":""},"categories":[],"tags":[],"class_list":["post-1105","page","type-page","status-publish","hentry"],"acf":[],"_links":{"self":[{"href":"https:\/\/univet.hu\/hu\/wp-json\/wp\/v2\/pages\/1105","targetHints":{"allow":["GET"]}}],"collection":[{"href":"https:\/\/univet.hu\/hu\/wp-json\/wp\/v2\/pages"}],"about":[{"href":"https:\/\/univet.hu\/hu\/wp-json\/wp\/v2\/types\/page"}],"author":[{"embeddable":true,"href":"https:\/\/univet.hu\/hu\/wp-json\/wp\/v2\/users\/1"}],"replies":[{"embeddable":true,"href":"https:\/\/univet.hu\/hu\/wp-json\/wp\/v2\/comments?post=1105"}],"version-history":[{"count":0,"href":"https:\/\/univet.hu\/hu\/wp-json\/wp\/v2\/pages\/1105\/revisions"}],"up":[{"embeddable":true,"href":"https:\/\/univet.hu\/hu\/wp-json\/wp\/v2\/pages\/336"}],"wp:attachment":[{"href":"https:\/\/univet.hu\/hu\/wp-json\/wp\/v2\/media?parent=1105"}],"wp:term":[{"taxonomy":"category","embeddable":true,"href":"https:\/\/univet.hu\/hu\/wp-json\/wp\/v2\/categories?post=1105"},{"taxonomy":"post_tag","embeddable":true,"href":"https:\/\/univet.hu\/hu\/wp-json\/wp\/v2\/tags?post=1105"}],"curies":[{"name":"wp","href":"https:\/\/api.w.org\/{rel}","templated":true}]}}