{"id":1116,"date":"2018-03-23T12:25:00","date_gmt":"2017-11-14T11:44:00","guid":{"rendered":"http:\/\/univet.hu\/egyetem\/nemzetkozi-kapcsolatok\/"},"modified":"2025-09-08T09:58:10","modified_gmt":"2025-09-08T07:58:10","slug":"nemzetkozi-kapcsolatok","status":"publish","type":"page","link":"https:\/\/univet.hu\/hu\/egyetem\/nemzetkozi-kapcsolatok\/","title":{"rendered":"Nemzetk\u00f6zi Kapcsolatok"},"content":{"rendered":"<p><span style=\"text-decoration: underline\"><strong>Egys\u00e9g levelez\u00e9si c\u00edme:<\/strong><\/span><\/p> <p>1078 Budapest, Istv\u00e1n utca 2.<\/p> <p><u><strong>\u00dcgyf\u00e9lfogad\u00e1s helysz\u00edne:<\/strong><\/u><\/p> <p>Hely: 1078 Budapest, Istv\u00e1n utca 2. C. \u00e9p\u00fclet, 1. emelet, 1.04 &#8211; \u00c9lettani \u00e9s Biok\u00e9miai Tansz\u00e9k<\/p> <p><span style=\"text-decoration: underline\"><strong>Fogad\u00f3\u00f3ra<\/strong>:<\/span><\/p> <p>Kedd \u00e9s Cs\u00fct\u00f6rt\u00f6k: 09:00 &#8211; 11:00<\/p> <p>H\u00e9tf\u0151 \u00e9s Szerda: 13:00 &#8211; 15:00<\/p> <p>&nbsp;<\/p> <p><strong>Telefon<\/strong>:\u00a0\u00a0 (1) 478 &#8211; 4100 \/ 8865<br \/> <strong>E-mail<\/strong>: <a class=\"decrypt\" rel=\"joufsobujpobmAvojwfu\/iv\" href=\"javascript:void(0);\">[Kattintson az emailc\u00edmhez]<\/a><\/p> <p><u><strong>A szervezet munkat\u00e1rsaihoz els\u0151sorban az al\u00e1bbi \u00f6szt\u00f6nd\u00edjprogramokkal kapcsolatban lehet fordulni:<\/strong><\/u><\/p> <p><span style=\"color: #0000ff\"><a style=\"color: #0000ff\" href=\"https:\/\/univet.hu\/hu\/egyetem\/nemzetkozi-kapcsolatok-osztalya\/erasmus\" target=\"_blank\" rel=\"noopener\">ERASMUS<\/a><\/span><\/p> <p><span style=\"color: #0000ff\"><a style=\"color: #0000ff\" href=\"https:\/\/univet.hu\/hu\/egyetem\/nemzetkozi-kapcsolatok-osztalya\/ceepus\" target=\"_blank\" rel=\"noopener\">CEEPUS<\/a><\/span><\/p> <p><span style=\"color: #0000ff\"><a style=\"color: #0000ff\" href=\"https:\/\/univet.hu\/hu\/egyetem\/nemzetkozi-kapcsolatok-osztalya\/ketoldalu-kapcsolatok\" target=\"_blank\" rel=\"noopener\">K\u00e9toldal\u00fa kapcsolatok<\/a><\/span><\/p> <p><span style=\"color: #0000ff\"><a style=\"color: #0000ff\" href=\"https:\/\/univet.hu\/hu\/egyetem\/nemzetkozi-kapcsolatok\/pannonia-osztondij-program\/\">PANN\u00d3NIA<\/a><\/span><\/p> <p>Egyetem\u00fcnk sz\u00e1mos eur\u00f3pai \u00e9s amerikai egyetemmel van oktat\u00e1si \u00e9s kutat\u00e1si kapcsolatban. Nemzetk\u00f6zi kapcsolataink szempontj\u00e1b\u00f3l kiemelked\u0151en fontos, hogy egyetem\u00fcnk k\u00e9t nemzetk\u00f6zi \u00e1llatorvosi egyetemi szervezet, \u00edgy az Eur\u00f3pai \u00c1llatorvos-k\u00e9pz\u0151 Int\u00e9zm\u00e9nyek Sz\u00f6vets\u00e9g\u00e9nek (European Association of Establishments for Veterinary Education, EAEVE) \u00e9s a k\u00f6z\u00e9p-eur\u00f3pai \u00e1llatorvos-tudom\u00e1nyi egyetemek\/karok szervezet\u00e9nek (Veterinary Network for Student and Staff Transfer, VetNEST) tagja.<\/p> <p>Egyetem\u00fcnk t\u00f6bb mint 40 eur\u00f3pai \u00e1llatorvos-k\u00e9pz\u0151 int\u00e9zm\u00e9nnyel fenntartott kapcsolat\u00e1nak k\u00fcl\u00f6nb\u00f6z\u0151 mobilit\u00e1si programok (ERASMUS+, Pann\u00f3nia, CEEPUS program) biztos\u00edtanak keretet, melyeknek folyt\u00e1n oktat\u00f3ink 1-4 h\u00e9tig, hallgat\u00f3ink 3-12 h\u00f3napig terjed\u0151 id\u0151szakot t\u00f6lthetnek el k\u00fclf\u00f6ld\u00f6n, vehetnek r\u00e9szt r\u00e9szk\u00e9pz\u00e9sen. Egyetem\u00fcnknek szint\u00e9n sz\u00e1mos egyetemmel van jelenleg k\u00e9toldal\u00fa szerz\u0151d\u00e9se. Ezek \u00e9vente t\u00f6bb magyar di\u00e1k sz\u00e1m\u00e1ra biztos\u00edtanak lehet\u0151s\u00e9get a partner int\u00e9zm\u00e9nyekben elt\u00f6lthet\u0151 klinikai gyakorlatra. A mobilit\u00e1si programok mellett sz\u00e1mtalan kutat\u00e1si egy\u00fcttm\u0171k\u00f6d\u00e9st az \u00e9rintett oktat\u00f3k, kutat\u00f3k \u00f6n\u00e1ll\u00f3an bonyol\u00edtanak le. Egyetem\u00fcnk oktat\u00f3i \u00e9s kutat\u00f3i sz\u00e1mos nemzetk\u00f6zi kutat\u00e1si egy\u00fcttm\u0171k\u00f6d\u00e9sben r\u00e9sztvev\u0151k, \u00e9s nemzetk\u00f6zi aktivit\u00e1sukat jelzi, hogy t\u00f6bb mint 70 nemzetk\u00f6zi szakmai t\u00e1rsas\u00e1gban tagok vagy viselnek tiszts\u00e9get.<\/p> <p>&nbsp;<\/p> <p>&nbsp;<\/p> <p>&nbsp;<\/p> <p>&nbsp;<\/p> <p>&nbsp;<\/p> <p>&nbsp;<\/p> <p>&nbsp;<\/p> <p>&nbsp;<\/p> <p>&nbsp;<\/p> <p>&nbsp;<\/p> <p>&nbsp;<\/p> <p>&nbsp;<\/p> <p>&nbsp;<\/p> <p>&nbsp;<\/p> <p>&nbsp;<\/p> <p>&nbsp;<\/p> <p>&nbsp;<\/p> <p>&nbsp;<\/p> <p>&nbsp;<\/p>","protected":false},"excerpt":{"rendered":"<p>Egyetem\u00fcnk k\u00f6zel 40 eur\u00f3pai \u00e1llatorvos-k\u00e9pz\u0151 int\u00e9zm\u00e9nnyel fenntartott kapcsolat\u00e1nak k\u00fcl\u00f6nb\u00f6z\u0151 mobilit\u00e1si programok biztos\u00edtanak keretet. \u00cdgy \u00e9vente t\u00f6bb magyar di\u00e1k sz\u00e1m\u00e1ra biztos\u00edtunk lehet\u0151s\u00e9get a partner int\u00e9zm\u00e9nyekben elt\u00f6lthet\u0151 klinikai gyakorlatra.<\/p>\n","protected":false},"author":1,"featured_media":0,"parent":336,"menu_order":341,"comment_status":"closed","ping_status":"closed","template":"","meta":{"_acf_changed":false,"footnotes":""},"categories":[],"tags":[],"class_list":["post-1116","page","type-page","status-publish","hentry"],"acf":[],"_links":{"self":[{"href":"https:\/\/univet.hu\/hu\/wp-json\/wp\/v2\/pages\/1116","targetHints":{"allow":["GET"]}}],"collection":[{"href":"https:\/\/univet.hu\/hu\/wp-json\/wp\/v2\/pages"}],"about":[{"href":"https:\/\/univet.hu\/hu\/wp-json\/wp\/v2\/types\/page"}],"author":[{"embeddable":true,"href":"https:\/\/univet.hu\/hu\/wp-json\/wp\/v2\/users\/1"}],"replies":[{"embeddable":true,"href":"https:\/\/univet.hu\/hu\/wp-json\/wp\/v2\/comments?post=1116"}],"version-history":[{"count":2,"href":"https:\/\/univet.hu\/hu\/wp-json\/wp\/v2\/pages\/1116\/revisions"}],"predecessor-version":[{"id":190292,"href":"https:\/\/univet.hu\/hu\/wp-json\/wp\/v2\/pages\/1116\/revisions\/190292"}],"up":[{"embeddable":true,"href":"https:\/\/univet.hu\/hu\/wp-json\/wp\/v2\/pages\/336"}],"wp:attachment":[{"href":"https:\/\/univet.hu\/hu\/wp-json\/wp\/v2\/media?parent=1116"}],"wp:term":[{"taxonomy":"category","embeddable":true,"href":"https:\/\/univet.hu\/hu\/wp-json\/wp\/v2\/categories?post=1116"},{"taxonomy":"post_tag","embeddable":true,"href":"https:\/\/univet.hu\/hu\/wp-json\/wp\/v2\/tags?post=1116"}],"curies":[{"name":"wp","href":"https:\/\/api.w.org\/{rel}","templated":true}]}}