{"id":11223,"date":"2016-06-09T18:18:00","date_gmt":"2016-06-09T16:18:00","guid":{"rendered":"http:\/\/univet.hu\/kutatas\/temak\/magyar-szurke-szarvasmarha-szarvalakulasok-3d-feldolgozasa\/"},"modified":"2016-06-09T18:18:00","modified_gmt":"2016-06-09T16:18:00","slug":"magyar-szurke-szarvasmarha-szarvalakulasok-3d-feldolgozasa","status":"publish","type":"page","link":"https:\/\/univet.hu\/hu\/kutatas\/temak\/magyar-szurke-szarvasmarha-szarvalakulasok-3d-feldolgozasa\/","title":{"rendered":"3D szarvalakul\u00e1s modellez\u00e9s a magyar sz\u00fcrke szarvasmarha fajt\u00e1ban"},"content":{"rendered":"<p>Sz&uuml;rke Szarvak Szakbizotts&aacute;g<br \/> A magyar sz&uuml;rke fajta szarvalakul&aacute;sainak t&eacute;rbeli jellemz&eacute;s&eacute;vel az &ouml;r&ouml;kl\u0151d&eacute;si tulajdons&aacute;gok vizsg&aacute;lata. CT, 3D szkennel&eacute;s, l&eacute;zerszkennel&eacute;s, sztereo-fotogrammetria<\/p> <p>Hallgat&oacute;k: Szalai M&aacute;ria, Kolim&aacute;r L&aacute;szl&oacute;<\/p>","protected":false},"excerpt":{"rendered":"<p>Sz&uuml;rke Szarvak Szakbizotts&aacute;g A magyar sz&uuml;rke fajta szarvalakul&aacute;sainak t&eacute;rbeli jellemz&eacute;s&eacute;vel az &ouml;r&ouml;kl\u0151d&eacute;si tulajdons&aacute;gok vizsg&aacute;lata. CT, 3D szkennel&eacute;s, l&eacute;zerszkennel&eacute;s, sztereo-fotogrammetria Hallgat&oacute;k: Szalai M&aacute;ria, Kolim&aacute;r L&aacute;szl&oacute;<\/p>\n","protected":false},"author":6022,"featured_media":0,"parent":874,"menu_order":154,"comment_status":"closed","ping_status":"closed","template":"","meta":{"_acf_changed":false,"footnotes":""},"categories":[],"tags":[],"class_list":["post-11223","page","type-page","status-publish","hentry"],"acf":[],"_links":{"self":[{"href":"https:\/\/univet.hu\/hu\/wp-json\/wp\/v2\/pages\/11223","targetHints":{"allow":["GET"]}}],"collection":[{"href":"https:\/\/univet.hu\/hu\/wp-json\/wp\/v2\/pages"}],"about":[{"href":"https:\/\/univet.hu\/hu\/wp-json\/wp\/v2\/types\/page"}],"author":[{"embeddable":true,"href":"https:\/\/univet.hu\/hu\/wp-json\/wp\/v2\/users\/6022"}],"replies":[{"embeddable":true,"href":"https:\/\/univet.hu\/hu\/wp-json\/wp\/v2\/comments?post=11223"}],"version-history":[{"count":0,"href":"https:\/\/univet.hu\/hu\/wp-json\/wp\/v2\/pages\/11223\/revisions"}],"up":[{"embeddable":true,"href":"https:\/\/univet.hu\/hu\/wp-json\/wp\/v2\/pages\/874"}],"wp:attachment":[{"href":"https:\/\/univet.hu\/hu\/wp-json\/wp\/v2\/media?parent=11223"}],"wp:term":[{"taxonomy":"category","embeddable":true,"href":"https:\/\/univet.hu\/hu\/wp-json\/wp\/v2\/categories?post=11223"},{"taxonomy":"post_tag","embeddable":true,"href":"https:\/\/univet.hu\/hu\/wp-json\/wp\/v2\/tags?post=11223"}],"curies":[{"name":"wp","href":"https:\/\/api.w.org\/{rel}","templated":true}]}}