{"id":11224,"date":"2016-02-06T21:01:00","date_gmt":"2016-02-06T20:01:00","guid":{"rendered":"http:\/\/univet.hu\/kutatas\/temak\/a-balaton-regioban-elo-es-taplalkozo-madarak-szovetmintaiban-merheto-kornyezetszennyezo-nehezfemek-egeszsegugyi-kockazatanak-toxikologiai-vizsgalata\/"},"modified":"2016-02-06T21:01:00","modified_gmt":"2016-02-06T20:01:00","slug":"a-balaton-regioban-elo-es-taplalkozo-madarak-szovetmintaiban-merheto-kornyezetszennyezo-nehezfemek-egeszsegugyi-kockazatanak-toxikologiai-vizsgalata","status":"publish","type":"page","link":"https:\/\/univet.hu\/hu\/kutatas\/temak\/a-balaton-regioban-elo-es-taplalkozo-madarak-szovetmintaiban-merheto-kornyezetszennyezo-nehezfemek-egeszsegugyi-kockazatanak-toxikologiai-vizsgalata\/","title":{"rendered":"A Balaton r\u00e9gi\u00f3ban \u00e9l\u0151 \u00e9s t\u00e1pl\u00e1lkoz\u00f3 madarak sz\u00f6vetmint\u00e1iban m\u00e9rhet\u0151 k\u00f6rnyezetszennyez\u0151 neh\u00e9zf\u00e9mek eg\u00e9szs\u00e9g\u00fcgyi kock\u00e1zat\u00e1nak toxikol\u00f3giai vizsg\u00e1lata"},"content":{"rendered":"<p>A k&ouml;rnyezetbe kiker&uuml;l\u0151 perzisztens neh&eacute;z f&eacute;mek (Hg, Pb, Cd) a t&aacute;pl&aacute;l&eacute;kl&aacute;nc &uacute;tj&aacute;n azon magasabb rend\u0171 &aacute;llatok szervezet&eacute;be is bejuthatnak, amelyek k&ouml;zvetlen&uuml;l nem expon&aacute;l&oacute;dnak a testidegen k&eacute;miai anyagokkal. A biomagnifik&aacute;ci&oacute; jelens&eacute;ge miatt a k&ouml;rnyezetszennyez\u0151 anyagok szervezetben val&oacute; nagyfok&uacute; koncentr&aacute;l&oacute;d&aacute;sa &eacute;s felhalmoz&oacute;d&aacute;sa is el\u0151fordulhat. Madarak sz&ouml;vet mint&aacute;ib&oacute;l nyert adatokkal jellemezhet\u0151 egy &eacute;l\u0151hely neh&eacute;zf&eacute;m-szennyezetts&eacute;ge, mivel a t&aacute;pl&aacute;l&eacute;kl&aacute;nc magasabb szintjein helyezkednek el, nagy ter&uuml;letr\u0151l zs&aacute;km&aacute;nyolnak, &eacute;s olyan fokozott szennyezetts&eacute;ggel b&iacute;r&oacute; ter&uuml;leten is nagy sz&aacute;mban &eacute;lnek, mint a vizes &eacute;l\u0151helyek. A mad&aacute;r szervezetek neh&eacute;zf&eacute;m terhel&eacute;s&eacute;nek meghat&aacute;roz&aacute;s&aacute;hoz els\u0151 sorban tollmint&aacute;kat k&iacute;v&aacute;nunk gy\u0171jteni. A mad&aacute;rtoll j&oacute; biomonitoring eszk&ouml;z, mivel reprezentat&iacute;v (nagyon szoros a korrel&aacute;ci&oacute; a t&aacute;pl&aacute;l&eacute;k &uacute;tj&aacute;n a madarak szervezet&eacute;be bejut&oacute; &eacute;s a tollakban m&eacute;rhet\u0151 neh&eacute;zf&eacute;mtartalom k&ouml;z&ouml;tt), k&ouml;nnyen mint&aacute;zhat&oacute; &eacute;l\u0151 &aacute;llatb&oacute;l, j&oacute;l sz&aacute;ll&iacute;that&oacute; &eacute;s feldolgozhat&oacute;. Vizsg&aacute;latainkban a Balaton r&eacute;gi&oacute;ban k&ouml;lt\u0151 mad&aacute;rpopul&aacute;ci&oacute; befogott egyedeinek vagy tal&aacute;lt tetemeinek tollait mint&aacute;zzuk, meghat&aacute;rozzuk a fajt, a kort &eacute;s a testt&ouml;meget. Az elhullott egyedekb\u0151l m&aacute;j, vese &eacute;s izommint&aacute;k v&eacute;tele is t&ouml;rt&eacute;nik. A begy\u0171jt&ouml;tt sz&ouml;vetmint&aacute;k (toll, m&aacute;j, vese izom) neh&eacute;zf&eacute;mtartalm&aacute;nak meghat&aacute;roz&aacute;s&aacute;t atomabszorpci&oacute;s spektrometri&aacute;s, illetve egy&eacute;b m&oacute;dszerrel v&eacute;gezz&uuml;k. Az analitikai vizsg&aacute;latok eredm&eacute;nyei alapj&aacute;n szeretn&eacute;nk k&ouml;vetkeztet&eacute;seket levonni arra vonatkoz&oacute;an, hogy a madarak neh&eacute;zf&eacute;mtartalm&aacute;t hogyan befoly&aacute;solja a testm&eacute;ret, a t&aacute;pl&aacute;l&eacute;kl&aacute;ncban elfoglalt hely&uuml;k &eacute;s f&ouml;ldrajzi el\u0151fordul&aacute;suk. Az eg&eacute;szs&eacute;g&uuml;gyi kock&aacute;zatbecsl&eacute;s sor&aacute;n szeretn&eacute;nk &eacute;rt&eacute;kelni a madarak sz&ouml;vetmint&aacute;iban m&eacute;rt neh&eacute;zf&eacute;mtartalom esetleges szublet&aacute;lis k&aacute;ros&iacute;t&oacute; hat&aacute;sait, amelyek a viselked&eacute;s megv&aacute;ltoz&aacute;s&aacute;t &eacute;s reprodukci&oacute;s zavarokat okozhatnak<br \/> Tervezz&uuml;k egy&eacute;b magyarorsz&aacute;gi ter&uuml;letek mad&aacute;rfajainak, illetve k&ouml;rnyezet&uuml;k monitoroz&aacute;s&aacute;t is.<\/p>","protected":false},"excerpt":{"rendered":"<p>A k&ouml;rnyezetbe kiker&uuml;l\u0151 perzisztens neh&eacute;z f&eacute;mek (Hg, Pb, Cd) a t&aacute;pl&aacute;l&eacute;kl&aacute;nc &uacute;tj&aacute;n azon magasabb rend\u0171 &aacute;llatok szervezet&eacute;be is bejuthatnak, amelyek k&ouml;zvetlen&uuml;l nem expon&aacute;l&oacute;dnak a testidegen k&eacute;miai anyagokkal. A biomagnifik&aacute;ci&oacute; jelens&eacute;ge miatt a k&ouml;rnyezetszennyez\u0151 anyagok szervezetben val&oacute; nagyfok&uacute; koncentr&aacute;l&oacute;d&aacute;sa &eacute;s felhalmoz&oacute;d&aacute;sa is el\u0151fordulhat. Madarak sz&ouml;vet mint&aacute;ib&oacute;l nyert adatokkal jellemezhet\u0151 egy &eacute;l\u0151hely neh&eacute;zf&eacute;m-szennyezetts&eacute;ge, mivel a t&aacute;pl&aacute;l&eacute;kl&aacute;nc magasabb<\/p>\n","protected":false},"author":6022,"featured_media":0,"parent":874,"menu_order":154,"comment_status":"closed","ping_status":"closed","template":"","meta":{"_acf_changed":false,"footnotes":""},"categories":[],"tags":[],"class_list":["post-11224","page","type-page","status-publish","hentry"],"acf":[],"_links":{"self":[{"href":"https:\/\/univet.hu\/hu\/wp-json\/wp\/v2\/pages\/11224","targetHints":{"allow":["GET"]}}],"collection":[{"href":"https:\/\/univet.hu\/hu\/wp-json\/wp\/v2\/pages"}],"about":[{"href":"https:\/\/univet.hu\/hu\/wp-json\/wp\/v2\/types\/page"}],"author":[{"embeddable":true,"href":"https:\/\/univet.hu\/hu\/wp-json\/wp\/v2\/users\/6022"}],"replies":[{"embeddable":true,"href":"https:\/\/univet.hu\/hu\/wp-json\/wp\/v2\/comments?post=11224"}],"version-history":[{"count":0,"href":"https:\/\/univet.hu\/hu\/wp-json\/wp\/v2\/pages\/11224\/revisions"}],"up":[{"embeddable":true,"href":"https:\/\/univet.hu\/hu\/wp-json\/wp\/v2\/pages\/874"}],"wp:attachment":[{"href":"https:\/\/univet.hu\/hu\/wp-json\/wp\/v2\/media?parent=11224"}],"wp:term":[{"taxonomy":"category","embeddable":true,"href":"https:\/\/univet.hu\/hu\/wp-json\/wp\/v2\/categories?post=11224"},{"taxonomy":"post_tag","embeddable":true,"href":"https:\/\/univet.hu\/hu\/wp-json\/wp\/v2\/tags?post=11224"}],"curies":[{"name":"wp","href":"https:\/\/api.w.org\/{rel}","templated":true}]}}