{"id":11225,"date":"2018-04-04T11:30:00","date_gmt":"2018-04-04T09:30:00","guid":{"rendered":"http:\/\/univet.hu\/kutatas\/temak\/a-biodiverzitast-meghatarozo-tenyezok-vizsgalata-a-terbeli-es-idobeli-heterogenitas-szerepe\/"},"modified":"2018-04-04T11:30:00","modified_gmt":"2018-04-04T09:30:00","slug":"a-biodiverzitast-meghatarozo-tenyezok-vizsgalata-a-terbeli-es-idobeli-heterogenitas-szerepe","status":"publish","type":"page","link":"https:\/\/univet.hu\/hu\/kutatas\/temak\/a-biodiverzitast-meghatarozo-tenyezok-vizsgalata-a-terbeli-es-idobeli-heterogenitas-szerepe\/","title":{"rendered":"A biodiverzit\u00e1st meghat\u00e1roz\u00f3 t\u00e9nyez\u0151k vizsg\u00e1lata; a t\u00e9rbeli \u00e9s id\u0151beli heterogenit\u00e1s szerepe"},"content":{"rendered":"","protected":false},"excerpt":{"rendered":"","protected":false},"author":6022,"featured_media":0,"parent":874,"menu_order":154,"comment_status":"closed","ping_status":"closed","template":"","meta":{"_acf_changed":false,"footnotes":""},"categories":[],"tags":[],"class_list":["post-11225","page","type-page","status-publish","hentry"],"acf":[],"_links":{"self":[{"href":"https:\/\/univet.hu\/hu\/wp-json\/wp\/v2\/pages\/11225","targetHints":{"allow":["GET"]}}],"collection":[{"href":"https:\/\/univet.hu\/hu\/wp-json\/wp\/v2\/pages"}],"about":[{"href":"https:\/\/univet.hu\/hu\/wp-json\/wp\/v2\/types\/page"}],"author":[{"embeddable":true,"href":"https:\/\/univet.hu\/hu\/wp-json\/wp\/v2\/users\/6022"}],"replies":[{"embeddable":true,"href":"https:\/\/univet.hu\/hu\/wp-json\/wp\/v2\/comments?post=11225"}],"version-history":[{"count":0,"href":"https:\/\/univet.hu\/hu\/wp-json\/wp\/v2\/pages\/11225\/revisions"}],"up":[{"embeddable":true,"href":"https:\/\/univet.hu\/hu\/wp-json\/wp\/v2\/pages\/874"}],"wp:attachment":[{"href":"https:\/\/univet.hu\/hu\/wp-json\/wp\/v2\/media?parent=11225"}],"wp:term":[{"taxonomy":"category","embeddable":true,"href":"https:\/\/univet.hu\/hu\/wp-json\/wp\/v2\/categories?post=11225"},{"taxonomy":"post_tag","embeddable":true,"href":"https:\/\/univet.hu\/hu\/wp-json\/wp\/v2\/tags?post=11225"}],"curies":[{"name":"wp","href":"https:\/\/api.w.org\/{rel}","templated":true}]}}