{"id":11226,"date":"2016-02-04T16:00:00","date_gmt":"2016-02-04T15:00:00","guid":{"rendered":"http:\/\/univet.hu\/kutatas\/temak\/a-butirat-enteralis-es-hepatikus-citokrom-p450-cyp-meregtelenito-enzimekre-gyakorolt-hatasanak-vizsgalata-csirkeben\/"},"modified":"2016-02-04T16:00:00","modified_gmt":"2016-02-04T15:00:00","slug":"a-butirat-enteralis-es-hepatikus-citokrom-p450-cyp-meregtelenito-enzimekre-gyakorolt-hatasanak-vizsgalata-csirkeben","status":"publish","type":"page","link":"https:\/\/univet.hu\/hu\/kutatas\/temak\/a-butirat-enteralis-es-hepatikus-citokrom-p450-cyp-meregtelenito-enzimekre-gyakorolt-hatasanak-vizsgalata-csirkeben\/","title":{"rendered":"A butir\u00e1t enter\u00e1lis \u00e9s hepatikus citokr\u00f3m P450 (CYP) m\u00e9regtelen\u00edt\u0151 enzimekre gyakorolt hat\u00e1s\u00e1nak vizsg\u00e1lata csirk\u00e9ben"},"content":{"rendered":"<p>Az epigenetikusan \u00e9s metabolikusan akt\u00edv butir\u00e1tnak a xenobiotikumok intesztin\u00e1lis \u00e9s extraintesztin\u00e1lis m\u00e9regtelen\u00edt\u00e9s\u00e9ben szerepet j\u00e1tsz\u00f3 CYP enzimaktivit\u00e1sokra kifejtett hat\u00e1s\u00e1nak vizsg\u00e1lata k\u00fcl\u00f6n\u00f6sen fontos. \u00dajabb kutat\u00e1si adatok szerint a hepatikus m\u00e9regtelen\u00edt\u0151 rendszeren k\u00edv\u00fcl a b\u00e9l CYP enzimeinek szerepe is kiemelked\u0151 a per os felvett xenobiotikumok biotranszform\u00e1ci\u00f3j\u00e1ban. Egy\u00fcttm\u0171k\u00f6d\u00e9s a Kar Gy\u00f3gyszertani \u00e9s M\u00e9regtani Tansz\u00e9k\u00e9vel (Dr. Csik\u00f3 Gy\u00f6rgy).<\/p> <p>R\u00e9sztvev\u0151k:\u00a0Kulcs\u00e1r Anna, Dr. M\u00e1tis G\u00e1bor, Dr. Neogr\u00e1dy Zsuzsanna<\/p>","protected":false},"excerpt":{"rendered":"<p>Az epigenetikusan \u00e9s metabolikusan akt\u00edv butir\u00e1tnak a xenobiotikumok intesztin\u00e1lis \u00e9s extraintesztin\u00e1lis m\u00e9regtelen\u00edt\u00e9s\u00e9ben szerepet j\u00e1tsz\u00f3 CYP enzimaktivit\u00e1sokra kifejtett hat\u00e1s\u00e1nak vizsg\u00e1lata k\u00fcl\u00f6n\u00f6sen fontos. \u00dajabb kutat\u00e1si adatok szerint a hepatikus m\u00e9regtelen\u00edt\u0151 rendszeren k\u00edv\u00fcl a b\u00e9l CYP enzimeinek szerepe is kiemelked\u0151 a per os felvett xenobiotikumok biotranszform\u00e1ci\u00f3j\u00e1ban. Egy\u00fcttm\u0171k\u00f6d\u00e9s a Kar Gy\u00f3gyszertani \u00e9s M\u00e9regtani Tansz\u00e9k\u00e9vel (Dr. Csik\u00f3 Gy\u00f6rgy). R\u00e9sztvev\u0151k:\u00a0Kulcs\u00e1r Anna,<\/p>\n","protected":false},"author":6022,"featured_media":0,"parent":874,"menu_order":154,"comment_status":"closed","ping_status":"closed","template":"","meta":{"_acf_changed":false,"footnotes":""},"categories":[],"tags":[],"class_list":["post-11226","page","type-page","status-publish","hentry"],"acf":[],"_links":{"self":[{"href":"https:\/\/univet.hu\/hu\/wp-json\/wp\/v2\/pages\/11226","targetHints":{"allow":["GET"]}}],"collection":[{"href":"https:\/\/univet.hu\/hu\/wp-json\/wp\/v2\/pages"}],"about":[{"href":"https:\/\/univet.hu\/hu\/wp-json\/wp\/v2\/types\/page"}],"author":[{"embeddable":true,"href":"https:\/\/univet.hu\/hu\/wp-json\/wp\/v2\/users\/6022"}],"replies":[{"embeddable":true,"href":"https:\/\/univet.hu\/hu\/wp-json\/wp\/v2\/comments?post=11226"}],"version-history":[{"count":0,"href":"https:\/\/univet.hu\/hu\/wp-json\/wp\/v2\/pages\/11226\/revisions"}],"up":[{"embeddable":true,"href":"https:\/\/univet.hu\/hu\/wp-json\/wp\/v2\/pages\/874"}],"wp:attachment":[{"href":"https:\/\/univet.hu\/hu\/wp-json\/wp\/v2\/media?parent=11226"}],"wp:term":[{"taxonomy":"category","embeddable":true,"href":"https:\/\/univet.hu\/hu\/wp-json\/wp\/v2\/categories?post=11226"},{"taxonomy":"post_tag","embeddable":true,"href":"https:\/\/univet.hu\/hu\/wp-json\/wp\/v2\/tags?post=11226"}],"curies":[{"name":"wp","href":"https:\/\/api.w.org\/{rel}","templated":true}]}}