{"id":11228,"date":"2016-03-31T19:22:00","date_gmt":"2016-03-31T17:22:00","guid":{"rendered":"http:\/\/univet.hu\/kutatas\/temak\/a-csikomagzat-jolletenek-well-being-vizsgalata-ultrahangkeszulek-segitsegevel\/"},"modified":"2016-03-31T19:22:00","modified_gmt":"2016-03-31T17:22:00","slug":"a-csikomagzat-jolletenek-well-being-vizsgalata-ultrahangkeszulek-segitsegevel","status":"publish","type":"page","link":"https:\/\/univet.hu\/hu\/kutatas\/temak\/a-csikomagzat-jolletenek-well-being-vizsgalata-ultrahangkeszulek-segitsegevel\/","title":{"rendered":"A csik\u00f3magzat j\u00f3ll\u00e9t\u00e9nek (well-being) vizsg\u00e1lata ultrahangk\u00e9sz\u00fcl\u00e9k seg\u00edts\u00e9g\u00e9vel"},"content":{"rendered":"","protected":false},"excerpt":{"rendered":"","protected":false},"author":6022,"featured_media":0,"parent":874,"menu_order":154,"comment_status":"closed","ping_status":"closed","template":"","meta":{"_acf_changed":false,"footnotes":""},"categories":[],"tags":[],"class_list":["post-11228","page","type-page","status-publish","hentry"],"acf":[],"_links":{"self":[{"href":"https:\/\/univet.hu\/hu\/wp-json\/wp\/v2\/pages\/11228","targetHints":{"allow":["GET"]}}],"collection":[{"href":"https:\/\/univet.hu\/hu\/wp-json\/wp\/v2\/pages"}],"about":[{"href":"https:\/\/univet.hu\/hu\/wp-json\/wp\/v2\/types\/page"}],"author":[{"embeddable":true,"href":"https:\/\/univet.hu\/hu\/wp-json\/wp\/v2\/users\/6022"}],"replies":[{"embeddable":true,"href":"https:\/\/univet.hu\/hu\/wp-json\/wp\/v2\/comments?post=11228"}],"version-history":[{"count":0,"href":"https:\/\/univet.hu\/hu\/wp-json\/wp\/v2\/pages\/11228\/revisions"}],"up":[{"embeddable":true,"href":"https:\/\/univet.hu\/hu\/wp-json\/wp\/v2\/pages\/874"}],"wp:attachment":[{"href":"https:\/\/univet.hu\/hu\/wp-json\/wp\/v2\/media?parent=11228"}],"wp:term":[{"taxonomy":"category","embeddable":true,"href":"https:\/\/univet.hu\/hu\/wp-json\/wp\/v2\/categories?post=11228"},{"taxonomy":"post_tag","embeddable":true,"href":"https:\/\/univet.hu\/hu\/wp-json\/wp\/v2\/tags?post=11228"}],"curies":[{"name":"wp","href":"https:\/\/api.w.org\/{rel}","templated":true}]}}