{"id":11231,"date":"2016-02-04T16:00:00","date_gmt":"2016-02-04T15:00:00","guid":{"rendered":"http:\/\/univet.hu\/kutatas\/temak\/a-hostressz-adaptacio-molekularis-hattere\/"},"modified":"2016-02-04T16:00:00","modified_gmt":"2016-02-04T15:00:00","slug":"a-hostressz-adaptacio-molekularis-hattere","status":"publish","type":"page","link":"https:\/\/univet.hu\/hu\/kutatas\/temak\/a-hostressz-adaptacio-molekularis-hattere\/","title":{"rendered":"A h\u0151stressz adapt\u00e1ci\u00f3 molekul\u00e1ris h\u00e1ttere"},"content":{"rendered":"<p>A h\u0151sokk feh\u00e9rje polimorfizmusok \u00e9s all\u00e9lgyakoris\u00e1gok h\u0151toler\u00e1ns \u00e9s h\u0151\u00e9rz\u00e9keny \u00e1llatpopul\u00e1ci\u00f3kban<\/p>","protected":false},"excerpt":{"rendered":"<p>A h\u0151sokk feh\u00e9rje polimorfizmusok \u00e9s all\u00e9lgyakoris\u00e1gok h\u0151toler\u00e1ns \u00e9s h\u0151\u00e9rz\u00e9keny \u00e1llatpopul\u00e1ci\u00f3kban<\/p>\n","protected":false},"author":6022,"featured_media":0,"parent":874,"menu_order":154,"comment_status":"closed","ping_status":"closed","template":"","meta":{"_acf_changed":false,"footnotes":""},"categories":[],"tags":[],"class_list":["post-11231","page","type-page","status-publish","hentry"],"acf":[],"_links":{"self":[{"href":"https:\/\/univet.hu\/hu\/wp-json\/wp\/v2\/pages\/11231","targetHints":{"allow":["GET"]}}],"collection":[{"href":"https:\/\/univet.hu\/hu\/wp-json\/wp\/v2\/pages"}],"about":[{"href":"https:\/\/univet.hu\/hu\/wp-json\/wp\/v2\/types\/page"}],"author":[{"embeddable":true,"href":"https:\/\/univet.hu\/hu\/wp-json\/wp\/v2\/users\/6022"}],"replies":[{"embeddable":true,"href":"https:\/\/univet.hu\/hu\/wp-json\/wp\/v2\/comments?post=11231"}],"version-history":[{"count":0,"href":"https:\/\/univet.hu\/hu\/wp-json\/wp\/v2\/pages\/11231\/revisions"}],"up":[{"embeddable":true,"href":"https:\/\/univet.hu\/hu\/wp-json\/wp\/v2\/pages\/874"}],"wp:attachment":[{"href":"https:\/\/univet.hu\/hu\/wp-json\/wp\/v2\/media?parent=11231"}],"wp:term":[{"taxonomy":"category","embeddable":true,"href":"https:\/\/univet.hu\/hu\/wp-json\/wp\/v2\/categories?post=11231"},{"taxonomy":"post_tag","embeddable":true,"href":"https:\/\/univet.hu\/hu\/wp-json\/wp\/v2\/tags?post=11231"}],"curies":[{"name":"wp","href":"https:\/\/api.w.org\/{rel}","templated":true}]}}