{"id":11232,"date":"2016-02-04T16:00:00","date_gmt":"2016-02-04T15:00:00","guid":{"rendered":"http:\/\/univet.hu\/kutatas\/temak\/a-kerodzok-fertozo-eredetu-legzoszervi-betegsegeinek-vizsgalata\/"},"modified":"2016-02-04T16:00:00","modified_gmt":"2016-02-04T15:00:00","slug":"a-kerodzok-fertozo-eredetu-legzoszervi-betegsegeinek-vizsgalata","status":"publish","type":"page","link":"https:\/\/univet.hu\/hu\/kutatas\/temak\/a-kerodzok-fertozo-eredetu-legzoszervi-betegsegeinek-vizsgalata\/","title":{"rendered":"A k\u00e9r\u0151dz\u0151k fert\u0151z\u0151 eredet\u0171 l\u00e9gz\u0151szervi betegs\u00e9geinek vizsg\u00e1lata"},"content":{"rendered":"<p>A szarvasmarha, a juh \u00e9s a kecske l\u00e9gz\u0151szervi megbeteged\u00e9seiben k\u00f3rtani szerepet j\u00e1tsz\u00f3 bakt\u00e9riumok \u00e9s v\u00edrusok azonos\u00edt\u00e1sa, a bakt\u00e9riumok (Mannheimia haemolytica, Pasteurella multocida, Bibersteinia trehalosi, Histophilus somni) teny\u00e9szt\u00e9si, biok\u00e9miai, szerol\u00f3giai \u00e9s genetikai vizsg\u00e1lata, a k\u00f3rfejl\u0151d\u00e9s tanulm\u00e1nyoz\u00e1sa, a k\u00f3rjelz\u00e9s, a gy\u00f3gykezel\u00e9s, a v\u00e9dekez\u00e9s \u00e9s a megel\u0151z\u00e9s lehet\u0151s\u00e9geinek fejleszt\u00e9se.<br \/>Kapcsolattart\u00f3: Fodor L\u00e1szl\u00f3<\/p>","protected":false},"excerpt":{"rendered":"<p>A szarvasmarha, a juh \u00e9s a kecske l\u00e9gz\u0151szervi megbeteged\u00e9seiben k\u00f3rtani szerepet j\u00e1tsz\u00f3 bakt\u00e9riumok \u00e9s v\u00edrusok azonos\u00edt\u00e1sa, a bakt\u00e9riumok (Mannheimia haemolytica, Pasteurella multocida, Bibersteinia trehalosi, Histophilus somni) teny\u00e9szt\u00e9si, biok\u00e9miai, szerol\u00f3giai \u00e9s genetikai vizsg\u00e1lata, a k\u00f3rfejl\u0151d\u00e9s tanulm\u00e1nyoz\u00e1sa, a k\u00f3rjelz\u00e9s, a gy\u00f3gykezel\u00e9s, a v\u00e9dekez\u00e9s \u00e9s a megel\u0151z\u00e9s lehet\u0151s\u00e9geinek fejleszt\u00e9se.Kapcsolattart\u00f3: Fodor L\u00e1szl\u00f3<\/p>\n","protected":false},"author":6022,"featured_media":0,"parent":874,"menu_order":154,"comment_status":"closed","ping_status":"closed","template":"","meta":{"_acf_changed":false,"footnotes":""},"categories":[],"tags":[],"class_list":["post-11232","page","type-page","status-publish","hentry"],"acf":[],"_links":{"self":[{"href":"https:\/\/univet.hu\/hu\/wp-json\/wp\/v2\/pages\/11232","targetHints":{"allow":["GET"]}}],"collection":[{"href":"https:\/\/univet.hu\/hu\/wp-json\/wp\/v2\/pages"}],"about":[{"href":"https:\/\/univet.hu\/hu\/wp-json\/wp\/v2\/types\/page"}],"author":[{"embeddable":true,"href":"https:\/\/univet.hu\/hu\/wp-json\/wp\/v2\/users\/6022"}],"replies":[{"embeddable":true,"href":"https:\/\/univet.hu\/hu\/wp-json\/wp\/v2\/comments?post=11232"}],"version-history":[{"count":0,"href":"https:\/\/univet.hu\/hu\/wp-json\/wp\/v2\/pages\/11232\/revisions"}],"up":[{"embeddable":true,"href":"https:\/\/univet.hu\/hu\/wp-json\/wp\/v2\/pages\/874"}],"wp:attachment":[{"href":"https:\/\/univet.hu\/hu\/wp-json\/wp\/v2\/media?parent=11232"}],"wp:term":[{"taxonomy":"category","embeddable":true,"href":"https:\/\/univet.hu\/hu\/wp-json\/wp\/v2\/categories?post=11232"},{"taxonomy":"post_tag","embeddable":true,"href":"https:\/\/univet.hu\/hu\/wp-json\/wp\/v2\/tags?post=11232"}],"curies":[{"name":"wp","href":"https:\/\/api.w.org\/{rel}","templated":true}]}}