{"id":11233,"date":"2016-02-23T04:57:00","date_gmt":"2016-02-23T03:57:00","guid":{"rendered":"http:\/\/univet.hu\/kutatas\/temak\/a-korai-embrionalis-es-magzati-vesztesegek-allategeszsegugyi-prevenciojanak-lehetosegei-szarvasmarha-allomanyokban\/"},"modified":"2016-02-23T04:57:00","modified_gmt":"2016-02-23T03:57:00","slug":"a-korai-embrionalis-es-magzati-vesztesegek-allategeszsegugyi-prevenciojanak-lehetosegei-szarvasmarha-allomanyokban","status":"publish","type":"page","link":"https:\/\/univet.hu\/hu\/kutatas\/temak\/a-korai-embrionalis-es-magzati-vesztesegek-allategeszsegugyi-prevenciojanak-lehetosegei-szarvasmarha-allomanyokban\/","title":{"rendered":"A korai embrion\u00e1lis \u00e9s magzati vesztes\u00e9gek \u00e1llateg\u00e9szs\u00e9g\u00fcgyi prevenci\u00f3j\u00e1nak lehet\u0151s\u00e9gei szarvasmarha \u00e1llom\u00e1nyokban"},"content":{"rendered":"<p>A PROJEKT C&Iacute;ME:<\/p> <p>A korai embrion&aacute;lis &eacute;s magzati vesztes&eacute;gek &aacute;llateg&eacute;szs&eacute;g&uuml;gyi prevenci&oacute;j&aacute;nak lehet\u0151s&eacute;gei szarvasmarha &aacute;llom&aacute;nyokban<\/p> <p>A projekt nyilv&aacute;ntart&aacute;si sz&aacute;ma: NKFP4\/042\/2004<\/p> <p>A szerz\u0151d&eacute;s sz&aacute;ma: 4\/042\/2004<\/p> <p>Munkaszakasz sz&aacute;ma: <a href=\"http:\/\/www2.univet.hu\/sc1\/static\/doc\/NKFP4-beszamolo-zaro-08.pdf\" data-replaced=\"true\">Z&Aacute;R&Oacute;BESZ&Aacute;MOL&Oacute;<\/a><br \/> A besz&aacute;mol&aacute;si id\u0151szak t&eacute;nyleges kezd&eacute;si &eacute;s befejez&eacute;si ideje: 2004.12.01. &#8211; 2007.12.31.<\/p> <p>A t&aacute;mogatott szervezetek neve:<\/p> <ul> <li> <ul> <li>Szent Istv&aacute;n Egyetem &Aacute;llatorvos-tudom&aacute;nyi Kar<\/li> <\/ul> <\/li> <\/ul> <p>&nbsp;<\/p> <ul> <li> <ul> <li>Szent Istv&aacute;n Egyetem, Mez\u0151gazdas&aacute;g &eacute;s K&ouml;rnyezettudom&aacute;nyi Kar<\/li> <\/ul> <\/li> <\/ul> <p>&nbsp;<\/p> <ul> <li> <ul> <li>&Aacute;llatteny&eacute;szt&eacute;si &eacute;s Takarm&aacute;nyoz&aacute;si Kutat&oacute;int&eacute;zet<\/li> <\/ul> <\/li> <\/ul> <p>&nbsp;<\/p> <ul> <li> <ul> <li>MTA &Aacute;llatorvos-tudom&aacute;nyi Kutat&oacute;int&eacute;zete<\/li> <\/ul> <\/li> <\/ul> <p>&nbsp;<\/p> <ul> <li>V.M.D. &Aacute;llatgy&oacute;gy&aacute;szati Kft<\/li> <\/ul> <p>A projektvezet\u0151 neve: Dr. Szenci Ott&oacute;<\/p>","protected":false},"excerpt":{"rendered":"<p>A PROJEKT C&Iacute;ME: A korai embrion&aacute;lis &eacute;s magzati vesztes&eacute;gek &aacute;llateg&eacute;szs&eacute;g&uuml;gyi prevenci&oacute;j&aacute;nak lehet\u0151s&eacute;gei szarvasmarha &aacute;llom&aacute;nyokban A projekt nyilv&aacute;ntart&aacute;si sz&aacute;ma: NKFP4\/042\/2004 A szerz\u0151d&eacute;s sz&aacute;ma: 4\/042\/2004 Munkaszakasz sz&aacute;ma: Z&Aacute;R&Oacute;BESZ&Aacute;MOL&Oacute; A besz&aacute;mol&aacute;si id\u0151szak t&eacute;nyleges kezd&eacute;si &eacute;s befejez&eacute;si ideje: 2004.12.01. &#8211; 2007.12.31. A t&aacute;mogatott szervezetek neve: Szent Istv&aacute;n Egyetem &Aacute;llatorvos-tudom&aacute;nyi Kar &nbsp; Szent Istv&aacute;n Egyetem, Mez\u0151gazdas&aacute;g &eacute;s K&ouml;rnyezettudom&aacute;nyi Kar &nbsp;<\/p>\n","protected":false},"author":6022,"featured_media":0,"parent":874,"menu_order":154,"comment_status":"closed","ping_status":"closed","template":"","meta":{"_acf_changed":false,"footnotes":""},"categories":[],"tags":[],"class_list":["post-11233","page","type-page","status-publish","hentry"],"acf":[],"_links":{"self":[{"href":"https:\/\/univet.hu\/hu\/wp-json\/wp\/v2\/pages\/11233","targetHints":{"allow":["GET"]}}],"collection":[{"href":"https:\/\/univet.hu\/hu\/wp-json\/wp\/v2\/pages"}],"about":[{"href":"https:\/\/univet.hu\/hu\/wp-json\/wp\/v2\/types\/page"}],"author":[{"embeddable":true,"href":"https:\/\/univet.hu\/hu\/wp-json\/wp\/v2\/users\/6022"}],"replies":[{"embeddable":true,"href":"https:\/\/univet.hu\/hu\/wp-json\/wp\/v2\/comments?post=11233"}],"version-history":[{"count":0,"href":"https:\/\/univet.hu\/hu\/wp-json\/wp\/v2\/pages\/11233\/revisions"}],"up":[{"embeddable":true,"href":"https:\/\/univet.hu\/hu\/wp-json\/wp\/v2\/pages\/874"}],"wp:attachment":[{"href":"https:\/\/univet.hu\/hu\/wp-json\/wp\/v2\/media?parent=11233"}],"wp:term":[{"taxonomy":"category","embeddable":true,"href":"https:\/\/univet.hu\/hu\/wp-json\/wp\/v2\/categories?post=11233"},{"taxonomy":"post_tag","embeddable":true,"href":"https:\/\/univet.hu\/hu\/wp-json\/wp\/v2\/tags?post=11233"}],"curies":[{"name":"wp","href":"https:\/\/api.w.org\/{rel}","templated":true}]}}