{"id":11235,"date":"2016-12-11T12:12:00","date_gmt":"2016-12-11T11:12:00","guid":{"rendered":"http:\/\/univet.hu\/kutatas\/temak\/a-lovak-un-fubetegsegenek-grass-sickness-lehetseges-genetikai-hatterenek-kutatasa\/"},"modified":"2016-12-11T12:12:00","modified_gmt":"2016-12-11T11:12:00","slug":"a-lovak-un-fubetegsegenek-grass-sickness-lehetseges-genetikai-hatterenek-kutatasa","status":"publish","type":"page","link":"https:\/\/univet.hu\/hu\/kutatas\/temak\/a-lovak-un-fubetegsegenek-grass-sickness-lehetseges-genetikai-hatterenek-kutatasa\/","title":{"rendered":"A lovak \u00fan. f\u0171betegs\u00e9g\u00e9nek (grass sickness) lehets\u00e9ges genetikai h\u00e1tter\u00e9nek kutat\u00e1sa"},"content":{"rendered":"","protected":false},"excerpt":{"rendered":"","protected":false},"author":6022,"featured_media":0,"parent":874,"menu_order":154,"comment_status":"closed","ping_status":"closed","template":"","meta":{"_acf_changed":false,"footnotes":""},"categories":[],"tags":[],"class_list":["post-11235","page","type-page","status-publish","hentry"],"acf":[],"_links":{"self":[{"href":"https:\/\/univet.hu\/hu\/wp-json\/wp\/v2\/pages\/11235","targetHints":{"allow":["GET"]}}],"collection":[{"href":"https:\/\/univet.hu\/hu\/wp-json\/wp\/v2\/pages"}],"about":[{"href":"https:\/\/univet.hu\/hu\/wp-json\/wp\/v2\/types\/page"}],"author":[{"embeddable":true,"href":"https:\/\/univet.hu\/hu\/wp-json\/wp\/v2\/users\/6022"}],"replies":[{"embeddable":true,"href":"https:\/\/univet.hu\/hu\/wp-json\/wp\/v2\/comments?post=11235"}],"version-history":[{"count":0,"href":"https:\/\/univet.hu\/hu\/wp-json\/wp\/v2\/pages\/11235\/revisions"}],"up":[{"embeddable":true,"href":"https:\/\/univet.hu\/hu\/wp-json\/wp\/v2\/pages\/874"}],"wp:attachment":[{"href":"https:\/\/univet.hu\/hu\/wp-json\/wp\/v2\/media?parent=11235"}],"wp:term":[{"taxonomy":"category","embeddable":true,"href":"https:\/\/univet.hu\/hu\/wp-json\/wp\/v2\/categories?post=11235"},{"taxonomy":"post_tag","embeddable":true,"href":"https:\/\/univet.hu\/hu\/wp-json\/wp\/v2\/tags?post=11235"}],"curies":[{"name":"wp","href":"https:\/\/api.w.org\/{rel}","templated":true}]}}