{"id":11237,"date":"2016-02-04T16:00:00","date_gmt":"2016-02-04T15:00:00","guid":{"rendered":"http:\/\/univet.hu\/kutatas\/temak\/a-magyarorszagi-unkafajok-bombina-spp-osszehasonlito-morfologiai-vizsgalata\/"},"modified":"2016-02-04T16:00:00","modified_gmt":"2016-02-04T15:00:00","slug":"a-magyarorszagi-unkafajok-bombina-spp-osszehasonlito-morfologiai-vizsgalata","status":"publish","type":"page","link":"https:\/\/univet.hu\/hu\/kutatas\/temak\/a-magyarorszagi-unkafajok-bombina-spp-osszehasonlito-morfologiai-vizsgalata\/","title":{"rendered":"A magyarorsz\u00e1gi unkafajok (Bombina spp.) \u00f6sszehasonl\u00edt\u00f3 morfol\u00f3giai vizsg\u00e1lata"},"content":{"rendered":"<p>V\u00f6r\u00f6s, J., Szalay, F. &amp; Barab\u00e1s, L. (2007): A new computer-aided videomorphological method for the quantitative analysis of ventral pattern in Bombina spp. (Anura: Discoglossidae) &#8211; Herpetological Journal 17: 97-103.<\/p>","protected":false},"excerpt":{"rendered":"<p>V\u00f6r\u00f6s, J., Szalay, F. &amp; Barab\u00e1s, L. (2007): A new computer-aided videomorphological method for the quantitative analysis of ventral pattern in Bombina spp. (Anura: Discoglossidae) &#8211; Herpetological Journal 17: 97-103.<\/p>\n","protected":false},"author":6022,"featured_media":0,"parent":874,"menu_order":154,"comment_status":"closed","ping_status":"closed","template":"","meta":{"_acf_changed":false,"footnotes":""},"categories":[],"tags":[],"class_list":["post-11237","page","type-page","status-publish","hentry"],"acf":[],"_links":{"self":[{"href":"https:\/\/univet.hu\/hu\/wp-json\/wp\/v2\/pages\/11237","targetHints":{"allow":["GET"]}}],"collection":[{"href":"https:\/\/univet.hu\/hu\/wp-json\/wp\/v2\/pages"}],"about":[{"href":"https:\/\/univet.hu\/hu\/wp-json\/wp\/v2\/types\/page"}],"author":[{"embeddable":true,"href":"https:\/\/univet.hu\/hu\/wp-json\/wp\/v2\/users\/6022"}],"replies":[{"embeddable":true,"href":"https:\/\/univet.hu\/hu\/wp-json\/wp\/v2\/comments?post=11237"}],"version-history":[{"count":0,"href":"https:\/\/univet.hu\/hu\/wp-json\/wp\/v2\/pages\/11237\/revisions"}],"up":[{"embeddable":true,"href":"https:\/\/univet.hu\/hu\/wp-json\/wp\/v2\/pages\/874"}],"wp:attachment":[{"href":"https:\/\/univet.hu\/hu\/wp-json\/wp\/v2\/media?parent=11237"}],"wp:term":[{"taxonomy":"category","embeddable":true,"href":"https:\/\/univet.hu\/hu\/wp-json\/wp\/v2\/categories?post=11237"},{"taxonomy":"post_tag","embeddable":true,"href":"https:\/\/univet.hu\/hu\/wp-json\/wp\/v2\/tags?post=11237"}],"curies":[{"name":"wp","href":"https:\/\/api.w.org\/{rel}","templated":true}]}}