{"id":11238,"date":"2016-02-04T16:00:00","date_gmt":"2016-02-04T15:00:00","guid":{"rendered":"http:\/\/univet.hu\/kutatas\/temak\/a-mezelo-meh-apis-mellifera-l-virusfertozesei\/"},"modified":"2016-02-04T16:00:00","modified_gmt":"2016-02-04T15:00:00","slug":"a-mezelo-meh-apis-mellifera-l-virusfertozesei","status":"publish","type":"page","link":"https:\/\/univet.hu\/hu\/kutatas\/temak\/a-mezelo-meh-apis-mellifera-l-virusfertozesei\/","title":{"rendered":"A m\u00e9zel\u0151 m\u00e9h (Apis mellifera L.) v\u00edrusfert\u0151z\u00e9sei"},"content":{"rendered":"<p>A m\u00e9zel\u0151 m\u00e9heket fert\u0151z\u0151 f\u0151bb v\u00edrusok (heveny m\u00e9hb\u00e9nul\u00e1s v\u00edrus, fekete anyab\u00f6lcs\u0151 v\u00edrus, kr\u00f3nikus m\u00e9hb\u00e9nul\u00e1s v\u00edrus, deform\u00e1lt sz\u00e1rny v\u00edrus, k\u00f6lt\u00e9st\u00f6ml\u0151s\u00f6d\u00e9s v\u00edrusa) haz\u00e1nkban is jelen vannak. A magyarorsz\u00e1gi m\u00e9h\u00e9szetekb\u0151l rendszeresen \u00e9rkez\u0151 mint\u00e1k vizsg\u00e1lat\u00e1val folyamatos felm\u00e9r\u00e9st v\u00e9gz\u00fcnk a m\u00e9hek v\u00edrusfert\u0151z\u00f6tts\u00e9g\u00e9r\u0151l.<br \/>Kapcsolattart\u00f3: Forg\u00e1ch Petra<\/p>","protected":false},"excerpt":{"rendered":"<p>A m\u00e9zel\u0151 m\u00e9heket fert\u0151z\u0151 f\u0151bb v\u00edrusok (heveny m\u00e9hb\u00e9nul\u00e1s v\u00edrus, fekete anyab\u00f6lcs\u0151 v\u00edrus, kr\u00f3nikus m\u00e9hb\u00e9nul\u00e1s v\u00edrus, deform\u00e1lt sz\u00e1rny v\u00edrus, k\u00f6lt\u00e9st\u00f6ml\u0151s\u00f6d\u00e9s v\u00edrusa) haz\u00e1nkban is jelen vannak. A magyarorsz\u00e1gi m\u00e9h\u00e9szetekb\u0151l rendszeresen \u00e9rkez\u0151 mint\u00e1k vizsg\u00e1lat\u00e1val folyamatos felm\u00e9r\u00e9st v\u00e9gz\u00fcnk a m\u00e9hek v\u00edrusfert\u0151z\u00f6tts\u00e9g\u00e9r\u0151l.Kapcsolattart\u00f3: Forg\u00e1ch Petra<\/p>\n","protected":false},"author":6022,"featured_media":0,"parent":874,"menu_order":154,"comment_status":"closed","ping_status":"closed","template":"","meta":{"_acf_changed":false,"footnotes":""},"categories":[],"tags":[],"class_list":["post-11238","page","type-page","status-publish","hentry"],"acf":[],"_links":{"self":[{"href":"https:\/\/univet.hu\/hu\/wp-json\/wp\/v2\/pages\/11238","targetHints":{"allow":["GET"]}}],"collection":[{"href":"https:\/\/univet.hu\/hu\/wp-json\/wp\/v2\/pages"}],"about":[{"href":"https:\/\/univet.hu\/hu\/wp-json\/wp\/v2\/types\/page"}],"author":[{"embeddable":true,"href":"https:\/\/univet.hu\/hu\/wp-json\/wp\/v2\/users\/6022"}],"replies":[{"embeddable":true,"href":"https:\/\/univet.hu\/hu\/wp-json\/wp\/v2\/comments?post=11238"}],"version-history":[{"count":0,"href":"https:\/\/univet.hu\/hu\/wp-json\/wp\/v2\/pages\/11238\/revisions"}],"up":[{"embeddable":true,"href":"https:\/\/univet.hu\/hu\/wp-json\/wp\/v2\/pages\/874"}],"wp:attachment":[{"href":"https:\/\/univet.hu\/hu\/wp-json\/wp\/v2\/media?parent=11238"}],"wp:term":[{"taxonomy":"category","embeddable":true,"href":"https:\/\/univet.hu\/hu\/wp-json\/wp\/v2\/categories?post=11238"},{"taxonomy":"post_tag","embeddable":true,"href":"https:\/\/univet.hu\/hu\/wp-json\/wp\/v2\/tags?post=11238"}],"curies":[{"name":"wp","href":"https:\/\/api.w.org\/{rel}","templated":true}]}}