{"id":11239,"date":"2016-02-04T16:00:00","date_gmt":"2016-02-04T15:00:00","guid":{"rendered":"http:\/\/univet.hu\/kutatas\/temak\/a-mikrobialis-biofilmkepzes-hatasa-a-kemoterapias-szerekkel-szembeni-erzekenysegre\/"},"modified":"2016-02-04T16:00:00","modified_gmt":"2016-02-04T15:00:00","slug":"a-mikrobialis-biofilmkepzes-hatasa-a-kemoterapias-szerekkel-szembeni-erzekenysegre","status":"publish","type":"page","link":"https:\/\/univet.hu\/hu\/kutatas\/temak\/a-mikrobialis-biofilmkepzes-hatasa-a-kemoterapias-szerekkel-szembeni-erzekenysegre\/","title":{"rendered":"A mikrobi\u00e1lis biofilmk\u00e9pz\u00e9s hat\u00e1sa a kemoter\u00e1pi\u00e1s szerekkel szembeni \u00e9rz\u00e9kenys\u00e9gre"},"content":{"rendered":"<p>A biofilmk\u00e9pz\u00e9s a bakt\u00e9riumok \u00e9s gomb\u00e1k eset\u00e9ben az \u00fan. quorum sensing, teh\u00e1t helyi s\u0171r\u0171s\u00e9g\u00e9rz\u00e9kel\u00e9s megnyilv\u00e1nul\u00e1si form\u00e1ja. Egy adott k\u00fcsz\u00f6b\u00e9rt\u00e9k felett a k\u00f3rokoz\u00f3k g\u00e9nexpresszi\u00f3ja megv\u00e1ltozik, \u00e9s biofilmet k\u00e9peznek, amelyek megv\u00e9dik a popul\u00e1ci\u00f3t a k\u00fcls\u0151 hat\u00e1sokt\u00f3l (pl. antibakteri\u00e1lis \u00e9s gombaellenes szerek). <br \/>Vizsg\u00e1latainkban els\u0151sorban Pseudomonas aeruginosa \u00e9s Malassezia pachydermatis t\u00f6rzsek \u00e9rz\u00e9kenys\u00e9g\u00e9t vizsg\u00e1ljuk k\u00fcl\u00f6nb\u00f6z\u0151 antibakteri\u00e1lis \u00e9s gombaellenes szerekre, \u00f6sszehasonl\u00edtva a biofilmk\u00e9pz\u0151 \u00e9s a planktonikus (biofilmet nem k\u00e9pz\u0151) form\u00e1k \u00e9rz\u00e9kenys\u00e9g\u00e9t. A vizsg\u00e1latokat kat\u00e9ter-adh\u00e9zi\u00f3s m\u00f3dszerrel v\u00e9gezz\u00fck, a CLSI (Clinical Laboratory Standards Institute) mikroh\u00edg\u00edt\u00e1sos m\u00f3dszer\u00e9t alapul v\u00e9ve. Vizsg\u00e1latainkban az egyszer\u0171, szabad szemmel t\u00f6rt\u00e9n\u0151 leolvas\u00e1st vit\u00e1lis fest\u00e9sekkel \u00e9s ezek fotometri\u00e1s leolvas\u00e1s\u00e1val kombin\u00e1ljuk, sz\u00e1mszer\u0171s\u00edtj\u00fck.<\/p>","protected":false},"excerpt":{"rendered":"<p>A biofilmk\u00e9pz\u00e9s a bakt\u00e9riumok \u00e9s gomb\u00e1k eset\u00e9ben az \u00fan. quorum sensing, teh\u00e1t helyi s\u0171r\u0171s\u00e9g\u00e9rz\u00e9kel\u00e9s megnyilv\u00e1nul\u00e1si form\u00e1ja. Egy adott k\u00fcsz\u00f6b\u00e9rt\u00e9k felett a k\u00f3rokoz\u00f3k g\u00e9nexpresszi\u00f3ja megv\u00e1ltozik, \u00e9s biofilmet k\u00e9peznek, amelyek megv\u00e9dik a popul\u00e1ci\u00f3t a k\u00fcls\u0151 hat\u00e1sokt\u00f3l (pl. antibakteri\u00e1lis \u00e9s gombaellenes szerek). Vizsg\u00e1latainkban els\u0151sorban Pseudomonas aeruginosa \u00e9s Malassezia pachydermatis t\u00f6rzsek \u00e9rz\u00e9kenys\u00e9g\u00e9t vizsg\u00e1ljuk k\u00fcl\u00f6nb\u00f6z\u0151 antibakteri\u00e1lis \u00e9s gombaellenes szerekre, \u00f6sszehasonl\u00edtva<\/p>\n","protected":false},"author":6022,"featured_media":0,"parent":874,"menu_order":154,"comment_status":"closed","ping_status":"closed","template":"","meta":{"_acf_changed":false,"footnotes":""},"categories":[],"tags":[],"class_list":["post-11239","page","type-page","status-publish","hentry"],"acf":[],"_links":{"self":[{"href":"https:\/\/univet.hu\/hu\/wp-json\/wp\/v2\/pages\/11239","targetHints":{"allow":["GET"]}}],"collection":[{"href":"https:\/\/univet.hu\/hu\/wp-json\/wp\/v2\/pages"}],"about":[{"href":"https:\/\/univet.hu\/hu\/wp-json\/wp\/v2\/types\/page"}],"author":[{"embeddable":true,"href":"https:\/\/univet.hu\/hu\/wp-json\/wp\/v2\/users\/6022"}],"replies":[{"embeddable":true,"href":"https:\/\/univet.hu\/hu\/wp-json\/wp\/v2\/comments?post=11239"}],"version-history":[{"count":0,"href":"https:\/\/univet.hu\/hu\/wp-json\/wp\/v2\/pages\/11239\/revisions"}],"up":[{"embeddable":true,"href":"https:\/\/univet.hu\/hu\/wp-json\/wp\/v2\/pages\/874"}],"wp:attachment":[{"href":"https:\/\/univet.hu\/hu\/wp-json\/wp\/v2\/media?parent=11239"}],"wp:term":[{"taxonomy":"category","embeddable":true,"href":"https:\/\/univet.hu\/hu\/wp-json\/wp\/v2\/categories?post=11239"},{"taxonomy":"post_tag","embeddable":true,"href":"https:\/\/univet.hu\/hu\/wp-json\/wp\/v2\/tags?post=11239"}],"curies":[{"name":"wp","href":"https:\/\/api.w.org\/{rel}","templated":true}]}}