{"id":11241,"date":"2016-02-04T16:00:00","date_gmt":"2016-02-04T15:00:00","guid":{"rendered":"http:\/\/univet.hu\/kutatas\/temak\/a-pasteurellaceae-csaladba-tartozo-egyes-bakteriumok-es-az-altaluk-okozott-betegsegek-vizsgalata\/"},"modified":"2016-02-04T16:00:00","modified_gmt":"2016-02-04T15:00:00","slug":"a-pasteurellaceae-csaladba-tartozo-egyes-bakteriumok-es-az-altaluk-okozott-betegsegek-vizsgalata","status":"publish","type":"page","link":"https:\/\/univet.hu\/hu\/kutatas\/temak\/a-pasteurellaceae-csaladba-tartozo-egyes-bakteriumok-es-az-altaluk-okozott-betegsegek-vizsgalata\/","title":{"rendered":"A Pasteurellaceae csal\u00e1dba tartoz\u00f3 egyes bakt\u00e9riumok \u00e9s az \u00e1ltaluk okozott betegs\u00e9gek vizsg\u00e1lata"},"content":{"rendered":"<p>A Pasteurellaceae csal\u00e1d k\u00fcl\u00f6nf\u00e9le h\u00e1zi\u00e1llatok megbeteged\u00e9seit okoz\u00f3 egyes bakt\u00e9riumok (Mannheimia haemolytica, Pasteurella multocida, Bibersteinia trehalosi, Histophilus somni, Actinobacillus pleuropneumonia, Actinobacillus seminis, Actinobacillus rossii, Pasteurella mairii, Pasteurella aerogene, Avibacterium paragallinarum) teny\u00e9szt\u00e9si, biok\u00e9miai, szerol\u00f3giai \u00e9s genetikai tulajdons\u00e1gainak vizsg\u00e1lata.<br \/>Kapcsolattart\u00f3: Fodor L\u00e1szl\u00f3<\/p>","protected":false},"excerpt":{"rendered":"<p>A Pasteurellaceae csal\u00e1d k\u00fcl\u00f6nf\u00e9le h\u00e1zi\u00e1llatok megbeteged\u00e9seit okoz\u00f3 egyes bakt\u00e9riumok (Mannheimia haemolytica, Pasteurella multocida, Bibersteinia trehalosi, Histophilus somni, Actinobacillus pleuropneumonia, Actinobacillus seminis, Actinobacillus rossii, Pasteurella mairii, Pasteurella aerogene, Avibacterium paragallinarum) teny\u00e9szt\u00e9si, biok\u00e9miai, szerol\u00f3giai \u00e9s genetikai tulajdons\u00e1gainak vizsg\u00e1lata.Kapcsolattart\u00f3: Fodor L\u00e1szl\u00f3<\/p>\n","protected":false},"author":6022,"featured_media":0,"parent":874,"menu_order":154,"comment_status":"closed","ping_status":"closed","template":"","meta":{"_acf_changed":false,"footnotes":""},"categories":[],"tags":[],"class_list":["post-11241","page","type-page","status-publish","hentry"],"acf":[],"_links":{"self":[{"href":"https:\/\/univet.hu\/hu\/wp-json\/wp\/v2\/pages\/11241","targetHints":{"allow":["GET"]}}],"collection":[{"href":"https:\/\/univet.hu\/hu\/wp-json\/wp\/v2\/pages"}],"about":[{"href":"https:\/\/univet.hu\/hu\/wp-json\/wp\/v2\/types\/page"}],"author":[{"embeddable":true,"href":"https:\/\/univet.hu\/hu\/wp-json\/wp\/v2\/users\/6022"}],"replies":[{"embeddable":true,"href":"https:\/\/univet.hu\/hu\/wp-json\/wp\/v2\/comments?post=11241"}],"version-history":[{"count":0,"href":"https:\/\/univet.hu\/hu\/wp-json\/wp\/v2\/pages\/11241\/revisions"}],"up":[{"embeddable":true,"href":"https:\/\/univet.hu\/hu\/wp-json\/wp\/v2\/pages\/874"}],"wp:attachment":[{"href":"https:\/\/univet.hu\/hu\/wp-json\/wp\/v2\/media?parent=11241"}],"wp:term":[{"taxonomy":"category","embeddable":true,"href":"https:\/\/univet.hu\/hu\/wp-json\/wp\/v2\/categories?post=11241"},{"taxonomy":"post_tag","embeddable":true,"href":"https:\/\/univet.hu\/hu\/wp-json\/wp\/v2\/tags?post=11241"}],"curies":[{"name":"wp","href":"https:\/\/api.w.org\/{rel}","templated":true}]}}