{"id":11242,"date":"2016-04-03T12:36:00","date_gmt":"2016-04-03T10:36:00","guid":{"rendered":"http:\/\/univet.hu\/kutatas\/temak\/a-proteinuria-es-a-fibrozis-kapcsolata-kutyak-idult-vesebetegsegeben\/"},"modified":"2016-04-03T12:36:00","modified_gmt":"2016-04-03T10:36:00","slug":"a-proteinuria-es-a-fibrozis-kapcsolata-kutyak-idult-vesebetegsegeben","status":"publish","type":"page","link":"https:\/\/univet.hu\/hu\/kutatas\/temak\/a-proteinuria-es-a-fibrozis-kapcsolata-kutyak-idult-vesebetegsegeben\/","title":{"rendered":"A proteinuria \u00e9s a fibr\u00f3zis kapcsolata kuty\u00e1k id\u00fclt vesebetegs\u00e9g\u00e9ben"},"content":{"rendered":"<p><strong>PhD-kutat&aacute;s 2014-2017 (Falus Fruzsina Anna PhD t&eacute;m&aacute;ja), t&eacute;mavezet\u0151 Manczur Ferenc)<\/strong><\/p> <p>&nbsp;<\/p> <p><strong>A proteinuria &eacute;s a fibr&oacute;zis kapcsolata kuty&aacute;k id&uuml;lt vesebetegs&eacute;g&eacute;ben<\/strong><\/p> <p>&nbsp;<\/p> <p>Proteinuri&aacute;nak nevezz&uuml;k &aacute;ltal&aacute;noss&aacute;gban azt az &aacute;llapotot, amikor a vizeletben l&eacute;v\u0151 feh&eacute;rj&eacute;k mennyis&eacute;ge meghaladja a fiziol&oacute;gi&aacute;s hat&aacute;rt. A tart&oacute;s nagyfok&uacute; proteinuri&aacute;t &aacute;ltal&aacute;ban glomerularis betegs&eacute;gek okozz&aacute;k. Az elm&uacute;lt &eacute;vtizedben t&ouml;bb kutat&aacute;s is &ouml;sszef&uuml;gg&eacute;st tal&aacute;lt a feh&eacute;rjevizel&eacute;s m&eacute;rt&eacute;ke a betegs&eacute;g progresszi&oacute;ja &eacute;s a t&uacute;l&eacute;l&eacute;s k&ouml;z&ouml;tt emberekben, kuty&aacute;kban &eacute;s macsk&aacute;kban. A feh&eacute;rjevizel&eacute;s nemcsak k&ouml;vetkezm&eacute;nye lehet a vesebetegs&eacute;geknek, hanem azok tov&aacute;bbi k&aacute;rosod&aacute;s&aacute;t is okozhatja. Az ultrafiltr&aacute;tum nagy feh&eacute;rjeterhel&eacute;sekor s&eacute;r&uuml;lnek a mesangialis sejtek, ami szabadgy&ouml;k&ouml;k felszabadul&aacute;s&aacute;val j&aacute;r, valamint a proximalis tubulus sejtjei fokozz&aacute;k a citokin &eacute;s endothelin termel&eacute;st. Ezek a vazoakt&iacute;v &eacute;s pro-inflammatorikus molekul&aacute;k gyullad&aacute;sos sejteket vonzanak a vese interstitium&aacute;ba, mely v&eacute;gs\u0151 soron sz&ouml;veti &aacute;trendez\u0151d&eacute;shez, vagyis fibr&oacute;zishoz vezet.<\/p> <p>Kuty&aacute;k id&uuml;lt, fibr&oacute;zissal j&aacute;r&oacute; vesebetegs&eacute;geinek h&aacute;tter&eacute;ben t&ouml;bbnyire glomerulonephropathi&aacute;k &aacute;llnak. A proteinuria &iacute;gy egyszerre lehet fontos, korai diagnosztikai marker, &eacute;s a fibr&oacute;zishoz vezet\u0151 gyullad&aacute;sos mechanizmusok kiv&aacute;lt&oacute; oka is.<\/p> <p>A PhD kutat&aacute;s h&aacute;rom f\u0151 r&eacute;szre tagoz&oacute;dik:<\/p> <p>Az els\u0151 vizsg&aacute;latban proteinuri&aacute;s kuty&aacute;k vizelet&eacute;nek feh&eacute;rje &ouml;sszetev\u0151inek, tov&aacute;bb&aacute; a vesebiopt&aacute;tumainak sz&ouml;vettani &eacute;s g&eacute;nexpresszi&oacute;s vizsg&aacute;lat&aacute;val szeretn&eacute;nk k&eacute;pet kapni a vizelettel &uuml;r&uuml;l\u0151 feh&eacute;rj&eacute;k &eacute;s a ves&eacute;ben zajl&oacute; gyullad&aacute;sos, fibr&oacute;zist okoz&oacute; mechanizmusok, tov&aacute;bb&aacute; a betegs&eacute;g progresszi&oacute;ja k&ouml;z&ouml;tti &ouml;sszef&uuml;gg&eacute;sekre. A kutat&aacute;s egyik f\u0151 k&eacute;rd&eacute;se, hogy a proteinuria m&eacute;rt&eacute;ke mellett, egyes feh&eacute;rjef&eacute;les&eacute;geknek nincs e kiemelt szerep&uuml;k a sz&ouml;veti fibr&oacute;zishoz vezet\u0151 folyamatokban. A kutat&aacute;s egyik kiemelt ter&uuml;lete az endothelin szerep&eacute;nek vizsg&aacute;lata e folyamatokban.<\/p> <p>A m&aacute;sodik r&eacute;szben n&eacute;h&aacute;ny proteinuri&aacute;hoz vezet\u0151 lehets&eacute;ges okra szeretn&eacute;nk f&eacute;nyt der&iacute;teni: &iacute;gy vizsg&aacute;ln&aacute;nk a Dirofilaria repens fert\u0151z&ouml;tts&eacute;g esetleges vesek&aacute;ros&iacute;t&oacute; hat&aacute;s&aacute;r&aacute;t, illetve a magyar agarak k&ouml;z&ouml;tt el\u0151fordul&oacute; vesebetegs&eacute;gek elterjedts&eacute;g&eacute;t &eacute;s jellemz\u0151it.<\/p> <p>A kutat&aacute;s harmadik r&eacute;sz&eacute;ben a m&aacute;r ismert k&oacute;r&eacute;lettani folyamatok g&aacute;tl&aacute;s&aacute;nak gy&oacute;gyszeres lehet\u0151s&eacute;g&eacute;t pr&oacute;b&aacute;ln&aacute;nk ki. Munk&aacute;nkban els\u0151sorban a renin-angiotenzin-aldoszteron rendszer blokkol&aacute;s&aacute;nak (ACE-g&aacute;tl&oacute;k, spironolakton) a t&uacute;l&eacute;l&eacute;st, feh&eacute;rjevizel&eacute;st &eacute;s az endothelin termel&eacute;st befoly&aacute;sol&oacute; hat&aacute;s&aacute;t kutatn&aacute;nk.<\/p> <p>&nbsp;<\/p> <p><strong>2015-ben is &eacute;rv&eacute;nyes, kapcsol&oacute;d&oacute; p&aacute;ly&aacute;zat:<\/strong><\/p> <p>&nbsp;<\/p> <p style=\"margin-left:63.0pt\">NKB 15987 (2015, t&eacute;mavezet\u0151: Dr. Manczur Ferenc, &ouml;sszesen 650 eFt): A b\u0151rf&eacute;rgess&eacute;g esetleges vesek&aacute;ros&iacute;t&oacute; hat&aacute;s&aacute;nak vizsg&aacute;lata kuty&aacute;kban<\/p> <p>&nbsp;<\/p> <p>2011 &eacute;s 2015 k&ouml;z&ouml;tt megjelent publik&aacute;ci&oacute;k<\/p> <p>Falus Fruzsina Anna, Manczur Ferenc<\/p> <p>A Dirofilaria repens potenci&aacute;lis vesek&aacute;ros&iacute;t&oacute; hat&aacute;s&aacute;nak vizsg&aacute;lata kuty&aacute;ban<\/p> <p>Az MTA &Aacute;llatorvos-tudom&aacute;nyi Bizotts&aacute;g Akad&eacute;miai Besz&aacute;mol&oacute; Szak&uuml;l&eacute;s&eacute;n elhangzott el\u0151ad&aacute;s (2015.) Megjelent: SZIE-&Aacute;ODI, Akad&eacute;miai Besz&aacute;mol&oacute;k, 2015.<\/p>","protected":false},"excerpt":{"rendered":"<p>PhD-kutat&aacute;s 2014-2017 (Falus Fruzsina Anna PhD t&eacute;m&aacute;ja), t&eacute;mavezet\u0151 Manczur Ferenc) &nbsp; A proteinuria &eacute;s a fibr&oacute;zis kapcsolata kuty&aacute;k id&uuml;lt vesebetegs&eacute;g&eacute;ben &nbsp; Proteinuri&aacute;nak nevezz&uuml;k &aacute;ltal&aacute;noss&aacute;gban azt az &aacute;llapotot, amikor a vizeletben l&eacute;v\u0151 feh&eacute;rj&eacute;k mennyis&eacute;ge meghaladja a fiziol&oacute;gi&aacute;s hat&aacute;rt. A tart&oacute;s nagyfok&uacute; proteinuri&aacute;t &aacute;ltal&aacute;ban glomerularis betegs&eacute;gek okozz&aacute;k. Az elm&uacute;lt &eacute;vtizedben t&ouml;bb kutat&aacute;s is &ouml;sszef&uuml;gg&eacute;st tal&aacute;lt a feh&eacute;rjevizel&eacute;s<\/p>\n","protected":false},"author":6022,"featured_media":0,"parent":874,"menu_order":154,"comment_status":"closed","ping_status":"closed","template":"","meta":{"_acf_changed":false,"footnotes":""},"categories":[],"tags":[],"class_list":["post-11242","page","type-page","status-publish","hentry"],"acf":[],"_links":{"self":[{"href":"https:\/\/univet.hu\/hu\/wp-json\/wp\/v2\/pages\/11242","targetHints":{"allow":["GET"]}}],"collection":[{"href":"https:\/\/univet.hu\/hu\/wp-json\/wp\/v2\/pages"}],"about":[{"href":"https:\/\/univet.hu\/hu\/wp-json\/wp\/v2\/types\/page"}],"author":[{"embeddable":true,"href":"https:\/\/univet.hu\/hu\/wp-json\/wp\/v2\/users\/6022"}],"replies":[{"embeddable":true,"href":"https:\/\/univet.hu\/hu\/wp-json\/wp\/v2\/comments?post=11242"}],"version-history":[{"count":0,"href":"https:\/\/univet.hu\/hu\/wp-json\/wp\/v2\/pages\/11242\/revisions"}],"up":[{"embeddable":true,"href":"https:\/\/univet.hu\/hu\/wp-json\/wp\/v2\/pages\/874"}],"wp:attachment":[{"href":"https:\/\/univet.hu\/hu\/wp-json\/wp\/v2\/media?parent=11242"}],"wp:term":[{"taxonomy":"category","embeddable":true,"href":"https:\/\/univet.hu\/hu\/wp-json\/wp\/v2\/categories?post=11242"},{"taxonomy":"post_tag","embeddable":true,"href":"https:\/\/univet.hu\/hu\/wp-json\/wp\/v2\/tags?post=11242"}],"curies":[{"name":"wp","href":"https:\/\/api.w.org\/{rel}","templated":true}]}}