{"id":11243,"date":"2018-04-06T16:07:00","date_gmt":"2018-04-06T14:07:00","guid":{"rendered":"http:\/\/univet.hu\/kutatas\/temak\/a-santasag-es-a-labvegbetegsegek-elofordulasanak-vizsgalata-tejtermelo-teheneszetekben\/"},"modified":"2018-04-06T16:07:00","modified_gmt":"2018-04-06T14:07:00","slug":"a-santasag-es-a-labvegbetegsegek-elofordulasanak-vizsgalata-tejtermelo-teheneszetekben","status":"publish","type":"page","link":"https:\/\/univet.hu\/hu\/kutatas\/temak\/a-santasag-es-a-labvegbetegsegek-elofordulasanak-vizsgalata-tejtermelo-teheneszetekben\/","title":{"rendered":"A s\u00e1ntas\u00e1g \u00e9s a l\u00e1bv\u00e9gbetegs\u00e9gek el\u0151fordul\u00e1s\u00e1nak vizsg\u00e1lata tejtermel\u0151 tehen\u00e9szetekben"},"content":{"rendered":"","protected":false},"excerpt":{"rendered":"","protected":false},"author":6022,"featured_media":0,"parent":874,"menu_order":154,"comment_status":"closed","ping_status":"closed","template":"","meta":{"_acf_changed":false,"footnotes":""},"categories":[],"tags":[],"class_list":["post-11243","page","type-page","status-publish","hentry"],"acf":[],"_links":{"self":[{"href":"https:\/\/univet.hu\/hu\/wp-json\/wp\/v2\/pages\/11243","targetHints":{"allow":["GET"]}}],"collection":[{"href":"https:\/\/univet.hu\/hu\/wp-json\/wp\/v2\/pages"}],"about":[{"href":"https:\/\/univet.hu\/hu\/wp-json\/wp\/v2\/types\/page"}],"author":[{"embeddable":true,"href":"https:\/\/univet.hu\/hu\/wp-json\/wp\/v2\/users\/6022"}],"replies":[{"embeddable":true,"href":"https:\/\/univet.hu\/hu\/wp-json\/wp\/v2\/comments?post=11243"}],"version-history":[{"count":0,"href":"https:\/\/univet.hu\/hu\/wp-json\/wp\/v2\/pages\/11243\/revisions"}],"up":[{"embeddable":true,"href":"https:\/\/univet.hu\/hu\/wp-json\/wp\/v2\/pages\/874"}],"wp:attachment":[{"href":"https:\/\/univet.hu\/hu\/wp-json\/wp\/v2\/media?parent=11243"}],"wp:term":[{"taxonomy":"category","embeddable":true,"href":"https:\/\/univet.hu\/hu\/wp-json\/wp\/v2\/categories?post=11243"},{"taxonomy":"post_tag","embeddable":true,"href":"https:\/\/univet.hu\/hu\/wp-json\/wp\/v2\/tags?post=11243"}],"curies":[{"name":"wp","href":"https:\/\/api.w.org\/{rel}","templated":true}]}}