{"id":11244,"date":"2016-09-29T10:43:00","date_gmt":"2016-09-29T08:43:00","guid":{"rendered":"http:\/\/univet.hu\/kutatas\/temak\/a-sertes-circovirusok-tarsfertozeseinek-tanulmanyozasa\/"},"modified":"2016-09-29T10:43:00","modified_gmt":"2016-09-29T08:43:00","slug":"a-sertes-circovirusok-tarsfertozeseinek-tanulmanyozasa","status":"publish","type":"page","link":"https:\/\/univet.hu\/hu\/kutatas\/temak\/a-sertes-circovirusok-tarsfertozeseinek-tanulmanyozasa\/","title":{"rendered":"A sert\u00e9s circov\u00edrusok t\u00e1rsfert\u0151z\u00e9seinek tanulm\u00e1nyoz\u00e1sa"},"content":{"rendered":"<p>A circov&iacute;rus fert\u0151z&eacute;sek jelent\u0151s immunszuppresszi&oacute;t induk&aacute;lnak az &aacute;llat szervezet&eacute;ben, teret adva olyan k&oacute;rokoz&oacute;k sz&aacute;m&aacute;ra, amelyek circov&iacute;rus mentes &aacute;llatokban nem, vagy csak enyh&eacute;bb form&aacute;ban okozn&aacute;nak megbeteged&eacute;seket.<br \/> Kapcsolattart&oacute;: dr. L\u0151rincz M&aacute;rta, dr. Tuboly Tam&aacute;s<\/p>","protected":false},"excerpt":{"rendered":"<p>A circov&iacute;rus fert\u0151z&eacute;sek jelent\u0151s immunszuppresszi&oacute;t induk&aacute;lnak az &aacute;llat szervezet&eacute;ben, teret adva olyan k&oacute;rokoz&oacute;k sz&aacute;m&aacute;ra, amelyek circov&iacute;rus mentes &aacute;llatokban nem, vagy csak enyh&eacute;bb form&aacute;ban okozn&aacute;nak megbeteged&eacute;seket. Kapcsolattart&oacute;: dr. L\u0151rincz M&aacute;rta, dr. Tuboly Tam&aacute;s<\/p>\n","protected":false},"author":6022,"featured_media":0,"parent":874,"menu_order":154,"comment_status":"closed","ping_status":"closed","template":"","meta":{"_acf_changed":false,"footnotes":""},"categories":[],"tags":[],"class_list":["post-11244","page","type-page","status-publish","hentry"],"acf":[],"_links":{"self":[{"href":"https:\/\/univet.hu\/hu\/wp-json\/wp\/v2\/pages\/11244","targetHints":{"allow":["GET"]}}],"collection":[{"href":"https:\/\/univet.hu\/hu\/wp-json\/wp\/v2\/pages"}],"about":[{"href":"https:\/\/univet.hu\/hu\/wp-json\/wp\/v2\/types\/page"}],"author":[{"embeddable":true,"href":"https:\/\/univet.hu\/hu\/wp-json\/wp\/v2\/users\/6022"}],"replies":[{"embeddable":true,"href":"https:\/\/univet.hu\/hu\/wp-json\/wp\/v2\/comments?post=11244"}],"version-history":[{"count":0,"href":"https:\/\/univet.hu\/hu\/wp-json\/wp\/v2\/pages\/11244\/revisions"}],"up":[{"embeddable":true,"href":"https:\/\/univet.hu\/hu\/wp-json\/wp\/v2\/pages\/874"}],"wp:attachment":[{"href":"https:\/\/univet.hu\/hu\/wp-json\/wp\/v2\/media?parent=11244"}],"wp:term":[{"taxonomy":"category","embeddable":true,"href":"https:\/\/univet.hu\/hu\/wp-json\/wp\/v2\/categories?post=11244"},{"taxonomy":"post_tag","embeddable":true,"href":"https:\/\/univet.hu\/hu\/wp-json\/wp\/v2\/tags?post=11244"}],"curies":[{"name":"wp","href":"https:\/\/api.w.org\/{rel}","templated":true}]}}