{"id":11245,"date":"2016-02-04T16:00:00","date_gmt":"2016-02-04T15:00:00","guid":{"rendered":"http:\/\/univet.hu\/kutatas\/temak\/a-szexualis-szelekcio-es-az-ivari-dimorfizmus\/"},"modified":"2016-02-04T16:00:00","modified_gmt":"2016-02-04T15:00:00","slug":"a-szexualis-szelekcio-es-az-ivari-dimorfizmus","status":"publish","type":"page","link":"https:\/\/univet.hu\/hu\/kutatas\/temak\/a-szexualis-szelekcio-es-az-ivari-dimorfizmus\/","title":{"rendered":"A szexu\u00e1lis szelekci\u00f3 \u00e9s az ivari dimorfizmus."},"content":{"rendered":"<p>Egyedei alap\u00fa popul\u00e1ci\u00f3genetikai modell seg\u00edts\u00e9g\u00e9vel vizsg\u00e1ljuk a szexu\u00e1lis szelekci\u00f3 sor\u00e1n megjelen\u0151 jellegek ivari dimorfizmus\u00e1nak evol\u00faci\u00f3j\u00e1t.<\/p>","protected":false},"excerpt":{"rendered":"<p>Egyedei alap\u00fa popul\u00e1ci\u00f3genetikai modell seg\u00edts\u00e9g\u00e9vel vizsg\u00e1ljuk a szexu\u00e1lis szelekci\u00f3 sor\u00e1n megjelen\u0151 jellegek ivari dimorfizmus\u00e1nak evol\u00faci\u00f3j\u00e1t.<\/p>\n","protected":false},"author":6022,"featured_media":0,"parent":874,"menu_order":154,"comment_status":"closed","ping_status":"closed","template":"","meta":{"_acf_changed":false,"footnotes":""},"categories":[],"tags":[],"class_list":["post-11245","page","type-page","status-publish","hentry"],"acf":[],"_links":{"self":[{"href":"https:\/\/univet.hu\/hu\/wp-json\/wp\/v2\/pages\/11245","targetHints":{"allow":["GET"]}}],"collection":[{"href":"https:\/\/univet.hu\/hu\/wp-json\/wp\/v2\/pages"}],"about":[{"href":"https:\/\/univet.hu\/hu\/wp-json\/wp\/v2\/types\/page"}],"author":[{"embeddable":true,"href":"https:\/\/univet.hu\/hu\/wp-json\/wp\/v2\/users\/6022"}],"replies":[{"embeddable":true,"href":"https:\/\/univet.hu\/hu\/wp-json\/wp\/v2\/comments?post=11245"}],"version-history":[{"count":0,"href":"https:\/\/univet.hu\/hu\/wp-json\/wp\/v2\/pages\/11245\/revisions"}],"up":[{"embeddable":true,"href":"https:\/\/univet.hu\/hu\/wp-json\/wp\/v2\/pages\/874"}],"wp:attachment":[{"href":"https:\/\/univet.hu\/hu\/wp-json\/wp\/v2\/media?parent=11245"}],"wp:term":[{"taxonomy":"category","embeddable":true,"href":"https:\/\/univet.hu\/hu\/wp-json\/wp\/v2\/categories?post=11245"},{"taxonomy":"post_tag","embeddable":true,"href":"https:\/\/univet.hu\/hu\/wp-json\/wp\/v2\/tags?post=11245"}],"curies":[{"name":"wp","href":"https:\/\/api.w.org\/{rel}","templated":true}]}}