{"id":11246,"date":"2016-02-04T16:00:00","date_gmt":"2016-02-04T15:00:00","guid":{"rendered":"http:\/\/univet.hu\/kutatas\/temak\/a-vetesvaltas-terseg-szintu-vizsgalata-szimulacios-modellel-az-amerikai-kukoricabogar-elleni-vedekezesben\/"},"modified":"2016-02-04T16:00:00","modified_gmt":"2016-02-04T15:00:00","slug":"a-vetesvaltas-terseg-szintu-vizsgalata-szimulacios-modellel-az-amerikai-kukoricabogar-elleni-vedekezesben","status":"publish","type":"page","link":"https:\/\/univet.hu\/hu\/kutatas\/temak\/a-vetesvaltas-terseg-szintu-vizsgalata-szimulacios-modellel-az-amerikai-kukoricabogar-elleni-vedekezesben\/","title":{"rendered":"A vet\u00e9sv\u00e1lt\u00e1s t\u00e9rs\u00e9g szint\u0171 vizsg\u00e1lata szimul\u00e1ci\u00f3s modellel az amerikai kukoricabog\u00e1r elleni v\u00e9dekez\u00e9sben."},"content":{"rendered":"<p>T\u00e9rs\u00e9g-szint\u0171 szimul\u00e1ci\u00f3s modellt fejleszt\u00fcnk az amerikai kukoricabog\u00e1r denzit\u00e1s\u00e1nak \u00e9s k\u00e1rt\u00e9tel\u00e9nek j\u00f3sl\u00e1s\u00e1ra k\u00fcl\u00f6nb\u00f6z\u0151 vet\u00e9sv\u00e1lt\u00e1si szab\u00e1lyoz\u00e1sok \u00e9s ar\u00e1nyok mellett.<\/p>","protected":false},"excerpt":{"rendered":"<p>T\u00e9rs\u00e9g-szint\u0171 szimul\u00e1ci\u00f3s modellt fejleszt\u00fcnk az amerikai kukoricabog\u00e1r denzit\u00e1s\u00e1nak \u00e9s k\u00e1rt\u00e9tel\u00e9nek j\u00f3sl\u00e1s\u00e1ra k\u00fcl\u00f6nb\u00f6z\u0151 vet\u00e9sv\u00e1lt\u00e1si szab\u00e1lyoz\u00e1sok \u00e9s ar\u00e1nyok mellett.<\/p>\n","protected":false},"author":6022,"featured_media":0,"parent":874,"menu_order":154,"comment_status":"closed","ping_status":"closed","template":"","meta":{"_acf_changed":false,"footnotes":""},"categories":[],"tags":[],"class_list":["post-11246","page","type-page","status-publish","hentry"],"acf":[],"_links":{"self":[{"href":"https:\/\/univet.hu\/hu\/wp-json\/wp\/v2\/pages\/11246","targetHints":{"allow":["GET"]}}],"collection":[{"href":"https:\/\/univet.hu\/hu\/wp-json\/wp\/v2\/pages"}],"about":[{"href":"https:\/\/univet.hu\/hu\/wp-json\/wp\/v2\/types\/page"}],"author":[{"embeddable":true,"href":"https:\/\/univet.hu\/hu\/wp-json\/wp\/v2\/users\/6022"}],"replies":[{"embeddable":true,"href":"https:\/\/univet.hu\/hu\/wp-json\/wp\/v2\/comments?post=11246"}],"version-history":[{"count":0,"href":"https:\/\/univet.hu\/hu\/wp-json\/wp\/v2\/pages\/11246\/revisions"}],"up":[{"embeddable":true,"href":"https:\/\/univet.hu\/hu\/wp-json\/wp\/v2\/pages\/874"}],"wp:attachment":[{"href":"https:\/\/univet.hu\/hu\/wp-json\/wp\/v2\/media?parent=11246"}],"wp:term":[{"taxonomy":"category","embeddable":true,"href":"https:\/\/univet.hu\/hu\/wp-json\/wp\/v2\/categories?post=11246"},{"taxonomy":"post_tag","embeddable":true,"href":"https:\/\/univet.hu\/hu\/wp-json\/wp\/v2\/tags?post=11246"}],"curies":[{"name":"wp","href":"https:\/\/api.w.org\/{rel}","templated":true}]}}