{"id":11247,"date":"2016-04-03T12:44:00","date_gmt":"2016-04-03T10:44:00","guid":{"rendered":"http:\/\/univet.hu\/kutatas\/temak\/a-vizelet-endothelin-tartalmanak-vizsgalata-vesebeteg-kutyakban\/"},"modified":"2016-04-03T12:44:00","modified_gmt":"2016-04-03T10:44:00","slug":"a-vizelet-endothelin-tartalmanak-vizsgalata-vesebeteg-kutyakban","status":"publish","type":"page","link":"https:\/\/univet.hu\/hu\/kutatas\/temak\/a-vizelet-endothelin-tartalmanak-vizsgalata-vesebeteg-kutyakban\/","title":{"rendered":"A vizelet endothelin tartalm\u00e1nak vizsg\u00e1lata vesebeteg kuty\u00e1kban"},"content":{"rendered":"<p><strong><em>PhD-kutat&aacute;s 2011-2014 (Kubik No&eacute;mi PhD t&eacute;m&aacute;ja) &eacute;s ennek folytat&aacute;sa, t&eacute;mavezet\u0151 Manczur Ferenc)<\/em><\/strong><\/p> <p>&nbsp;<\/p> <p><strong>Az endothelin szerepe kuty&aacute;k vesebetegs&eacute;geinek &eacute;s magas v&eacute;rnyom&aacute;s&aacute;nak kialakul&aacute;s&aacute;ban<\/strong><\/p> <p style=\"margin-left:14.2pt\">A vesebetegs&eacute;gek patomechanizmus&aacute;nak meg&eacute;rt&eacute;s&eacute;hez fontos azoknak a folyamatoknak a megismer&eacute;se, amelyek befoly&aacute;solhatj&aacute;k a vese ereinek t&aacute;gass&aacute;g&aacute;t &eacute;s ez&aacute;ltal a vese v&eacute;rell&aacute;t&aacute;s&aacute;t, valamint az intrarenalis nyom&aacute;st.&nbsp; Az endothelinek 21 aminosavb&oacute;l &aacute;ll&oacute; vazoakt&iacute;v peptidek, amelyek endokrin, parakrin &eacute;s autokrin hat&aacute;ssal is rendelkeznek. Az endothelin (ET) csal&aacute;d h&aacute;rom tagb&oacute;l &aacute;ll (ET-1, ET-2, ET-3), melyb\u0151l az ET-1 &#8211; amely a jelenleg ismert leger\u0151sebb &eacute;s leghosszabb hat&aacute;s&uacute; &eacute;rsz\u0171k&iacute;t\u0151 molekula &#8211; szerepe a legfontosabb. A ves&eacute;ben az ET r&eacute;szt vesz a s&oacute;- &eacute;s v&iacute;zh&aacute;ztart&aacute;s, a sav-b&aacute;zis egyens&uacute;ly, a norm&aacute;lis sejtprolifer&aacute;ci&oacute; &eacute;s az &eacute;rt&oacute;nus szab&aacute;lyoz&aacute;s&aacute;ban. A megn&ouml;vekedett ET-termel&eacute;s a ves&eacute;ben szinte valamennyi &eacute;r &eacute;s a mesangium contracti&oacute;j&aacute;t v&aacute;ltja ki, k&aacute;ros&iacute;tja a glomerulusokat, fokozza a sejtprolifer&aacute;ci&oacute;val &eacute;s extracellularis m&aacute;trix lerak&oacute;d&aacute;s&aacute;val j&aacute;r&oacute; gyullad&aacute;sos, fibrosisos folyamatokat. Az ET emellett a fokozott s&oacute; &eacute;s v&iacute;zvisszasz&iacute;v&aacute;s &eacute;s perif&eacute;ri&aacute;s ellen&aacute;ll&aacute;s n&ouml;vel&eacute;s&eacute;n kereszt&uuml;l hypertensi&oacute;t okozhat vesebetegekben. Sz&aacute;mos &aacute;llatk&iacute;s&eacute;rlet &eacute;s embereken v&eacute;gzett klinikai vizsg&aacute;lat igazolta az endothelineknek a k&uuml;l&ouml;nf&eacute;le vesebetegs&eacute;gek &eacute;s a hypertensio l&eacute;trej&ouml;tt&eacute;ben bet&ouml;lt&ouml;tt k&oacute;rtani szerep&eacute;t.<\/p> <p style=\"margin-left:14.2pt\">Mivel az ET szekr&eacute;ci&oacute;ja els\u0151sorban albuminalisan t&ouml;rt&eacute;nik &eacute;s az ET felez&eacute;si ideje mind&ouml;ssze n&eacute;h&aacute;ny perc, a v&eacute;rplazm&aacute;ban kering\u0151 ET koncentr&aacute;ci&oacute; nem t&uuml;kr&ouml;zi megfelel\u0151en a ves&eacute;ben zajl&oacute; v&aacute;ltoz&aacute;sokat. A vizeletb\u0151l kimutathat&oacute; ET azonban szinte 100%-ban a vese a vel\u0151&aacute;llom&aacute;ny&aacute;b&oacute;l sz&aacute;rmazik. A vizelettel t&ouml;rt&eacute;n\u0151 endothelin meghat&aacute;roz&aacute;s a ves&eacute;ben termel\u0151d\u0151 ET kimutat&aacute;s&aacute;nak technikailag legk&ouml;nnyebben kivitelezhet\u0151 m&oacute;dja. A vizelet endothelin szintje a vesebetegs&eacute;gek kimutat&aacute;s&aacute;nak, progn&oacute;zis&aacute;nak egy hum&aacute;norvosl&aacute;sban &uacute;jabban javasolt biomarkere.<\/p> <p style=\"margin-left:14.2pt\">A kuty&aacute;k mindh&aacute;rom endothelin molekul&aacute;ja ismert &eacute;s 100%-ban megegyezik az emberi endothelinekkel, &iacute;gy a hum&aacute;n ELISA &eacute;s RIA m&oacute;dszerek elm&eacute;letileg j&oacute;l alkalmazhat&oacute;ak kuty&aacute;ban. N&eacute;h&aacute;ny tanulm&aacute;ny az endothelinek (vagy el\u0151-alakjainak) v&eacute;rszintj&eacute;nek n&ouml;veked&eacute;s&eacute;r\u0151l sz&aacute;molt be sz&iacute;v- vagy veseel&eacute;gtelens&eacute;gben, illetve dirofilarosisban szenved\u0151 kuty&aacute;kon v&eacute;gzett megfigyel&eacute;sek alapj&aacute;n. Eddig azonban nem publik&aacute;ltak olyan tanulm&aacute;nyt, amely kuty&aacute;k spont&aacute;n (nem k&iacute;s&eacute;rletesen el\u0151id&eacute;zett) vesebetegs&eacute;geinek &eacute;s az endothelinek k&oacute;rtani szerep&eacute;nek tiszt&aacute;z&aacute;s&aacute;t t\u0171zte volna ki c&eacute;lul. Az endothelinek vizeletbeli koncentr&aacute;ci&oacute;j&aacute;r&oacute;l sem tal&aacute;ltunk adatot ebben a fajban.<\/p> <p style=\"margin-left:18.0pt\">Kutat&aacute;sunk c&eacute;lja az endothelinek (els\u0151sorban az ET-1) szerep&eacute;nek tanulm&aacute;nyoz&aacute;sa kuty&aacute;k spont&aacute;n el\u0151fordul&oacute; heveny &eacute;s id&uuml;lt vesebetegs&eacute;geiben.<\/p> <p style=\"margin-left:14.2pt\">A kutat&aacute;s alapj&aacute;n eld&ouml;nthet\u0151v&eacute; v&aacute;lik, hogy a kuty&aacute;k vizelet&eacute;nek endothelin koncentr&aacute;ci&oacute;j&aacute;nak meghat&aacute;roz&aacute;sa felhaszn&aacute;lhat&oacute;-e biol&oacute;giai markerk&eacute;nt a vesebetegs&eacute;gek korai el\u0151rejelz&eacute;s&eacute;re, a progn&oacute;zis becsl&eacute;s&eacute;re vagy a ter&aacute;pia hat&eacute;konys&aacute;g&aacute;nak ellen\u0151rz&eacute;s&eacute;re. Amennyiben kutat&aacute;sunkkal igazolni tudjuk az endothelinek k&oacute;rtani szerep&eacute;t ebben a fajban is, &uacute;gy ez &uacute;j lend&uuml;letet adhat az endothelin rendszer blokkol&aacute;s&aacute;t c&eacute;lz&oacute; ter&aacute;pi&aacute;s lehet\u0151s&eacute;gek kutat&aacute;s&aacute;nak is.<\/p> <p style=\"margin-left:14.2pt\">&nbsp;<\/p> <p>2015-ben is &eacute;rv&eacute;nyes,<strong> kapcsol&oacute;d&oacute; p&aacute;ly&aacute;zat: <\/strong>nem volt<\/p> <p>2011 &eacute;s 2015 k&ouml;z&ouml;tt megjelent publik&aacute;ci&oacute;k<\/p> <p>No&eacute;mi Kubik, Ferenc Manczur, Margit Kulcs&aacute;r<\/p> <p>Determination of urinary endothelin in dogs by RIA-method<\/p> <p>Poszter. 23rd ECVIM-CA Congress. Liverpool, Anglia: 2013.<\/p> <p>&nbsp;<\/p> <p>Manczur F, Kubik N, Kulcs&aacute;r M<\/p> <p>Urinary endothelin concentration in various canine kidney disorders.: (2013), Oral Research Communications of the 23rd ECVIM-CA Congress. Liverpool, Anglia: 2013 -2013.09.14. JOURNAL OF VETERINARY INTERNAL MEDICINE 28:(2) Paper doi: 10.1111\/jvim.12278. (2014)<\/p> <p>&nbsp;<\/p> <p>Kubik No&eacute;mi, Falus Fruzsina Anna, Kulcs&aacute;r Margit, Manczur Ferenc<\/p> <p>A s&oacute;bevitel hat&aacute;sa kuty&aacute;k vizelet&eacute;nek endothelin koncentr&aacute;ci&oacute;j&aacute;ra<\/p> <p>Az MTA &Aacute;llatorvos-tudom&aacute;nyi Bizotts&aacute;g Akad&eacute;miai Besz&aacute;mol&oacute; Szak&uuml;l&eacute;s&eacute;n elhangzott el\u0151ad&aacute;s (2014.) Megjelent: SZIE-&Aacute;ODI, Akad&eacute;miai Besz&aacute;mol&oacute;k, 2014.<\/p>","protected":false},"excerpt":{"rendered":"<p>PhD-kutat&aacute;s 2011-2014 (Kubik No&eacute;mi PhD t&eacute;m&aacute;ja) &eacute;s ennek folytat&aacute;sa, t&eacute;mavezet\u0151 Manczur Ferenc) &nbsp; Az endothelin szerepe kuty&aacute;k vesebetegs&eacute;geinek &eacute;s magas v&eacute;rnyom&aacute;s&aacute;nak kialakul&aacute;s&aacute;ban A vesebetegs&eacute;gek patomechanizmus&aacute;nak meg&eacute;rt&eacute;s&eacute;hez fontos azoknak a folyamatoknak a megismer&eacute;se, amelyek befoly&aacute;solhatj&aacute;k a vese ereinek t&aacute;gass&aacute;g&aacute;t &eacute;s ez&aacute;ltal a vese v&eacute;rell&aacute;t&aacute;s&aacute;t, valamint az intrarenalis nyom&aacute;st.&nbsp; Az endothelinek 21 aminosavb&oacute;l &aacute;ll&oacute; vazoakt&iacute;v peptidek, amelyek<\/p>\n","protected":false},"author":6022,"featured_media":0,"parent":874,"menu_order":154,"comment_status":"closed","ping_status":"closed","template":"","meta":{"_acf_changed":false,"footnotes":""},"categories":[],"tags":[],"class_list":["post-11247","page","type-page","status-publish","hentry"],"acf":[],"_links":{"self":[{"href":"https:\/\/univet.hu\/hu\/wp-json\/wp\/v2\/pages\/11247","targetHints":{"allow":["GET"]}}],"collection":[{"href":"https:\/\/univet.hu\/hu\/wp-json\/wp\/v2\/pages"}],"about":[{"href":"https:\/\/univet.hu\/hu\/wp-json\/wp\/v2\/types\/page"}],"author":[{"embeddable":true,"href":"https:\/\/univet.hu\/hu\/wp-json\/wp\/v2\/users\/6022"}],"replies":[{"embeddable":true,"href":"https:\/\/univet.hu\/hu\/wp-json\/wp\/v2\/comments?post=11247"}],"version-history":[{"count":0,"href":"https:\/\/univet.hu\/hu\/wp-json\/wp\/v2\/pages\/11247\/revisions"}],"up":[{"embeddable":true,"href":"https:\/\/univet.hu\/hu\/wp-json\/wp\/v2\/pages\/874"}],"wp:attachment":[{"href":"https:\/\/univet.hu\/hu\/wp-json\/wp\/v2\/media?parent=11247"}],"wp:term":[{"taxonomy":"category","embeddable":true,"href":"https:\/\/univet.hu\/hu\/wp-json\/wp\/v2\/categories?post=11247"},{"taxonomy":"post_tag","embeddable":true,"href":"https:\/\/univet.hu\/hu\/wp-json\/wp\/v2\/tags?post=11247"}],"curies":[{"name":"wp","href":"https:\/\/api.w.org\/{rel}","templated":true}]}}