{"id":11249,"date":"2016-02-04T16:00:00","date_gmt":"2016-02-04T15:00:00","guid":{"rendered":"http:\/\/univet.hu\/kutatas\/temak\/actinobacillus-pleuropneumoniae-torzsek-osszehasonlito-vizsgalata\/"},"modified":"2016-02-04T16:00:00","modified_gmt":"2016-02-04T15:00:00","slug":"actinobacillus-pleuropneumoniae-torzsek-osszehasonlito-vizsgalata","status":"publish","type":"page","link":"https:\/\/univet.hu\/hu\/kutatas\/temak\/actinobacillus-pleuropneumoniae-torzsek-osszehasonlito-vizsgalata\/","title":{"rendered":"Actinobacillus pleuropneumoniae t\u00f6rzsek \u00f6sszehasonl\u00edt\u00f3 vizsg\u00e1lata"},"content":{"rendered":"<p>Az Actinobacillus pneumoniae t\u00f6rzsek s\u00falyos, nagy gazdas\u00e1gi k\u00e1rt\u00e9tellel j\u00e1r\u00f3 l\u00e9gz\u0151szervi megbeteged\u00e9st okoznak sert\u00e9sben. A vizsg\u00e1latok c\u00e9lja, hogy sert\u00e9s t\u00fcd\u0151gyullad\u00e1s\u00e1b\u00f3l, valamint bakt\u00e9riumhordoz\u00f3 \u00e1llatokb\u00f3l izol\u00e1lt A. pleuropneumoniae t\u00f6rzseket anyagcsere-profiljuk, antig\u00e9nszerkezet\u00fck \u00e9s genetikai tulajdons\u00e1gai alapj\u00e1n csoportos\u00edtsuk.<br \/>Kapcsolattart\u00f3: S\u00e1rk\u00f6zi Rita, Fodor L\u00e1szl\u00f3<\/p>","protected":false},"excerpt":{"rendered":"<p>Az Actinobacillus pneumoniae t\u00f6rzsek s\u00falyos, nagy gazdas\u00e1gi k\u00e1rt\u00e9tellel j\u00e1r\u00f3 l\u00e9gz\u0151szervi megbeteged\u00e9st okoznak sert\u00e9sben. A vizsg\u00e1latok c\u00e9lja, hogy sert\u00e9s t\u00fcd\u0151gyullad\u00e1s\u00e1b\u00f3l, valamint bakt\u00e9riumhordoz\u00f3 \u00e1llatokb\u00f3l izol\u00e1lt A. pleuropneumoniae t\u00f6rzseket anyagcsere-profiljuk, antig\u00e9nszerkezet\u00fck \u00e9s genetikai tulajdons\u00e1gai alapj\u00e1n csoportos\u00edtsuk.Kapcsolattart\u00f3: S\u00e1rk\u00f6zi Rita, Fodor L\u00e1szl\u00f3<\/p>\n","protected":false},"author":6022,"featured_media":0,"parent":874,"menu_order":154,"comment_status":"closed","ping_status":"closed","template":"","meta":{"_acf_changed":false,"footnotes":""},"categories":[],"tags":[],"class_list":["post-11249","page","type-page","status-publish","hentry"],"acf":[],"_links":{"self":[{"href":"https:\/\/univet.hu\/hu\/wp-json\/wp\/v2\/pages\/11249","targetHints":{"allow":["GET"]}}],"collection":[{"href":"https:\/\/univet.hu\/hu\/wp-json\/wp\/v2\/pages"}],"about":[{"href":"https:\/\/univet.hu\/hu\/wp-json\/wp\/v2\/types\/page"}],"author":[{"embeddable":true,"href":"https:\/\/univet.hu\/hu\/wp-json\/wp\/v2\/users\/6022"}],"replies":[{"embeddable":true,"href":"https:\/\/univet.hu\/hu\/wp-json\/wp\/v2\/comments?post=11249"}],"version-history":[{"count":0,"href":"https:\/\/univet.hu\/hu\/wp-json\/wp\/v2\/pages\/11249\/revisions"}],"up":[{"embeddable":true,"href":"https:\/\/univet.hu\/hu\/wp-json\/wp\/v2\/pages\/874"}],"wp:attachment":[{"href":"https:\/\/univet.hu\/hu\/wp-json\/wp\/v2\/media?parent=11249"}],"wp:term":[{"taxonomy":"category","embeddable":true,"href":"https:\/\/univet.hu\/hu\/wp-json\/wp\/v2\/categories?post=11249"},{"taxonomy":"post_tag","embeddable":true,"href":"https:\/\/univet.hu\/hu\/wp-json\/wp\/v2\/tags?post=11249"}],"curies":[{"name":"wp","href":"https:\/\/api.w.org\/{rel}","templated":true}]}}