{"id":1125,"date":"2018-05-07T16:25:00","date_gmt":"2017-05-17T12:39:00","guid":{"rendered":"http:\/\/univet.hu\/egyetem\/nemzetkozi-kapcsolatok\/ceepus\/"},"modified":"2025-05-06T10:39:51","modified_gmt":"2025-05-06T08:39:51","slug":"ceepus","status":"publish","type":"page","link":"https:\/\/univet.hu\/hu\/egyetem\/nemzetkozi-kapcsolatok\/ceepus\/","title":{"rendered":"CEEPUS"},"content":{"rendered":"<p><u><strong>Central European Exchange Program for University Studies<\/strong><\/u><\/p> <p>A program c\u00e9lja, hogy lehet\u0151v\u00e9 tegye a r\u00e9sztvev\u0151 orsz\u00e1gok fels\u0151oktat\u00e1si int\u00e9zm\u00e9nyei (egyetemek, f\u0151iskol\u00e1k) sz\u00e1m\u00e1ra vend\u00e9gtan\u00e1rok fogad\u00e1s\u00e1t, a hallgat\u00f3k sz\u00e1m\u00e1ra a k\u00fclf\u00f6ldi r\u00e9szk\u00e9pz\u00e9st, nyelvi \u00e9s szakmai kurzusokon, valamint ny\u00e1ri egyetemeken val\u00f3 k\u00f6z\u00f6s r\u00e9szv\u00e9telt.<\/p> <p>A CEEPUS meg\u00e1llapod\u00e1st 1993-ban \u00edrta al\u00e1 Ausztria, Bulg\u00e1ria, Lengyelorsz\u00e1g, Magyarorsz\u00e1g, Szlov\u00e1kia \u00e9s Szlov\u00e9nia korm\u00e1nya majd r\u00f6videsen Horv\u00e1torsz\u00e1g, Csehorsz\u00e1g \u00e9s Rom\u00e1nia, Szerbia \u00e9s Montenegr\u00f3 is csatlakozott a programhoz. Jelenleg 15 orsz\u00e1g tagja a programnak.<\/p> <p>A CEEPUS-program a r\u00e9sztvev\u0151 orsz\u00e1gok fels\u0151oktat\u00e1si int\u00e9zm\u00e9nyeinek munkakapcsolat\u00e1ra \u00e9p\u00fcl, hivatalos munkanyelve az angol.<\/p> <p><strong>Tov\u00e1bbi inform\u00e1ci\u00f3:\u00a0<\/strong><br \/> <a href=\"http:\/\/tpf.hu\/palyazatok\/114\/ceepus\" target=\"_blank\" rel=\"noopener\" data-replaced=\"true\">Magyarorsz\u00e1gi CEEPUS Iroda<\/a><br \/> <a href=\"http:\/\/tka.hu\/celcsoport\/4071\/ceepus\" target=\"_blank\" rel=\"noopener\" data-replaced=\"true\">Inform\u00e1ci\u00f3k hallgat\u00f3knak<\/a><\/p> <p>H\u00e1l\u00f3zaton bel\u00fcli egy\u00e9ni mobilit\u00e1si p\u00e1ly\u00e1zat bead\u00e1si hat\u00e1rideje:<br \/> minden \u00e9v j\u00fanius 1. (\u0151szi vagy tavaszi f\u00e9l\u00e9vre tervezett utaz\u00e1sn\u00e1l)<br \/> Valamint a megmaradt mobilit\u00e1si helyekre minden \u00e9v okt\u00f3ber 31.\u00a0(tavaszi f\u00e9l\u00e9vre tervezett utaz\u00e1sn\u00e1l)<\/p> <p>Ezek a hat\u00e1rid\u0151k a p\u00e1ly\u00e1zat online felt\u00f6lt\u00e9s\u00e9nek a hat\u00e1ridej\u00e9t jelentik, ez\u00e9rt az int\u00e9zm\u00e9nyen bel\u00fcli p\u00e1ly\u00e1zatok hat\u00e1rideje az aktu\u00e1lis p\u00e1ly\u00e1zati ki\u00edr\u00e1snak megfelel\u0151en v\u00e1ltozik. Tov\u00e1bbi inform\u00e1ci\u00f3 a Nemzetk\u00f6zi Kapcsolatok Oszt\u00e1ly\u00e1n kaphat\u00f3.<\/p> <p>P\u00e1ly\u00e1zati felh\u00edv\u00e1s: <a href=\"https:\/\/univet.hu\/wp-content\/uploads\/2025\/05\/CEEPUS-PALYAZATI-FELHIVAS-2025-2026.pdf\">CEEPUS P\u00c1LY\u00c1ZATI FELH\u00cdV\u00c1S 2025-2026<\/a><\/p> <p>Jelentkez\u00e9si lapok: <a href=\"https:\/\/univet.hu\/wp-content\/uploads\/2025\/05\/CEEPUS-jelentkezesi-nyomtatvany.docx\">CEEPUS jelentkez\u00e9si nyomtatv\u00e1ny<\/a><\/p> <p>Inform\u00e1ci\u00f3k: <a href=\"https:\/\/univet.hu\/wp-content\/uploads\/2025\/05\/CEEPUS-hallgatoi-informacio.doc\" target=\"_blank\" rel=\"noopener\">CEEPUS hallgat\u00f3i inform\u00e1ci\u00f3<\/a><\/p> <p>A 2010\/2011-es tan\u00e9vt\u0151l a z\u00e1gr\u00e1bi partnerint\u00e9zm\u00e9ny koordin\u00e1l\u00e1sa mellett egyetem\u00fcnk r\u00e9szt vesz az \u00fagynevezett\u00a0VetNEST &#8211; Veterinary Network for Student and Staff Transfer CEEPUS h\u00e1l\u00f3zatban.<\/p> <p>Partneregyetemek list\u00e1ja az HR-0107-es h\u00e1l\u00f3zatban (VetNEST):<\/p> <table border=\"0\"> <tbody> <tr> <td>ORSZ\u00c1G<\/td> <td>EGYETEM<\/td> <\/tr> <tr> <td>Alb\u00e1nia<\/td> <td><a href=\"http:\/\/www.ubt.edu.al\/\" target=\"_blank\" rel=\"noopener\" data-replaced=\"true\">Agricultural University of Tirana<\/a><\/td> <\/tr> <tr> <td>Ausztria<\/td> <td><a href=\"http:\/\/www.vetmeduni.ac.at\/en\/\" target=\"_blank\" rel=\"noopener\" data-replaced=\"true\">University of Veterinary Medicine Vienna<\/a><\/td> <\/tr> <tr> <td>Bosznia-Hercegovina<\/td> <td><a href=\"http:\/\/unsa.ba\/s\/index.php?lang=english\" target=\"_blank\" rel=\"noopener\" data-replaced=\"true\">University of Sarajevo<\/a><\/td> <\/tr> <tr> <td>Csehorsz\u00e1g<\/td> <td><a href=\"http:\/\/www.vfu.cz\/index_en.html\" target=\"_blank\" rel=\"noopener\" data-replaced=\"true\">University of Veterinary and Pharmaceutical Sciences Brno<\/a><\/td> <\/tr> <tr> <td>Horv\u00e1torsz\u00e1g<\/td> <td><a href=\"http:\/\/www.unizg.hr\/homepage\/about-university\/\" target=\"_blank\" rel=\"noopener\" data-replaced=\"true\">University of Zagreb<\/a><\/td> <\/tr> <tr> <td>Lengyelorsz\u00e1g<\/td> <td><a href=\"http:\/\/www.up.wroc.pl\/en\/\" target=\"_blank\" rel=\"noopener\" data-replaced=\"true\">Wroc\u0142aw University of Environmental and Life Sciences<\/a><\/td> <\/tr> <tr> <td>Maced\u00f3nia<\/td> <td><a href=\"http:\/\/www.ukim.edu.mk\/en_index.php\" target=\"_blank\" rel=\"noopener\" data-replaced=\"true\">Ss. Cyril and Methodius University in Skopje<\/a><\/td> <\/tr> <tr> <td>Magyarorsz\u00e1g<\/td> <td><a href=\"http:\/\/www.univet.hu\/\" target=\"_blank\" rel=\"noopener\" data-replaced=\"true\">\u00c1llatorvostudom\u00e1nyi Egyetem<\/a><\/td> <\/tr> <tr> <td>Szerbia<\/td> <td><a href=\"http:\/\/www.bg.ac.rs\/en\/index.php\" target=\"_blank\" rel=\"noopener\" data-replaced=\"true\">Univeristy of Belgrade<\/a><\/td> <\/tr> <tr> <td>Szlov\u00e1kia<\/td> <td><a href=\"http:\/\/www.uvlf.sk\/en\" target=\"_blank\" rel=\"noopener\" data-replaced=\"true\">University of Veterinary Medicine and Pharmacy in Ko\u0161ice<\/a><\/td> <\/tr> <tr> <td>Szlov\u00e9nia<\/td> <td><a href=\"http:\/\/www.uni-lj.si\/eng\/\" target=\"_blank\" rel=\"noopener\" data-replaced=\"true\">University of Ljubljana<\/a><\/td> <\/tr> <\/tbody> <\/table> <p>&nbsp;<\/p> <p>A CEEPUS keret\u00e9ben utaz\u00f3knak\u00a0<strong>nem kell tand\u00edjat fizetni\u00fck<\/strong>. Az \u00f6szt\u00f6nd\u00edjat a kiutaz\u00f3 a fogad\u00f3 orsz\u00e1gt\u00f3l kapja, melynek m\u00e9rt\u00e9ke ennek megfelel\u0151en v\u00e1ltoz\u00f3, pontos inform\u00e1ci\u00f3 a\u00a0<a href=\"http:\/\/ceepus.info\/\" target=\"_blank\" rel=\"noopener\" data-replaced=\"true\">CEEPUS weboldal\u00e1n<\/a>.<\/p> <p>Az \u00f6szt\u00f6nd\u00edjas peri\u00f3dus lez\u00e1rta ut\u00e1n, a hazautaz\u00e1st k\u00f6vet\u0151 2 h\u00e9ten bel\u00fcl az\u00a0 \u00f6szt\u00f6nd\u00edjasnak k\u00f6telez\u0151en be kell sz\u00e1molnia az \u00f6szt\u00f6nd\u00edjas id\u0151szakr\u00f3l a &#8222;<strong>Letter of Confirmation<\/strong>&#8221;\u00a0 formanyomtatv\u00e1nnyal, amit a k\u00fclf\u00f6ldi fogad\u00f3int\u00e9zm\u00e9ny \u00e1ll\u00edt ki az \u00f6szt\u00f6nd\u00edjasnak a kiutaz\u00e1s v\u00e9g\u00e9n illetve a &#8222;<strong>Mobility Report<\/strong>&#8221; online kit\u00f6lt\u00e9s\u00e9vel\u00a0 a\u00a0<a href=\"http:\/\/ceepus.info\/\" target=\"_blank\" rel=\"noopener\" data-replaced=\"true\">CEEPUS weboldal\u00e1n<\/a>. A &#8222;Letter of Confirmation&#8221;-t hazaj\u00f6vetelt k\u00f6vet\u0151en a Nemzetk\u00f6zi Kapcsolatok Oszt\u00e1ly\u00e1ra kell leadni.<\/p> <p>&nbsp;<\/p> <p><strong>Hallgat\u00f3i mobilit\u00e1s\u00a0<\/strong><\/p> <p>A hallgat\u00f3i mobilit\u00e1s c\u00e9lja:<\/p> <ul> <li>f\u00e9l\u00e9v\u00e1thallgat\u00e1s norm\u00e1l szakos k\u00e9pz\u00e9sben<\/li> <li>ny\u00e1ri egyetemen, intenz\u00edv kurzuson val\u00f3 r\u00e9szv\u00e9tel<\/li> <li>labormunka<\/li> <li>szakmai gyakorlat<\/li> <li>szakdolgozat k\u00e9sz\u00edt\u00e9s<\/li> <\/ul> <p>Az \u00f6szt\u00f6nd\u00edj elnyer\u00e9s\u00e9nek felt\u00e9telei:<\/p> <ul> <li>akt\u00edv hallgat\u00f3i jogviszony \u00e9s 2 lez\u00e1rt f\u00e9l\u00e9v a kiutaz\u00e1sig<\/li> <li>CEEPUS orsz\u00e1gbeli \u00e1llampolg\u00e1rs\u00e1g, illetve &#8222;Equal Status&#8221; dokumentum<\/li> <li>az adott h\u00e1l\u00f3zat int\u00e9zm\u00e9nyi koordin\u00e1tor\u00e1nak \/ partner\u00e9nek t\u00e1mogat\u00e1sa<\/li> <\/ul> <p>&nbsp;<\/p> <p><strong>Oktat\u00f3i mobilit\u00e1s\u00a0<\/strong><\/p> <p>Az oktat\u00f3i mobilit\u00e1s c\u00e9lja:<\/p> <ul> <li>els\u0151sorban oktat\u00e1si tev\u00e9kenys\u00e9g, melyhez t\u00e1rsulhat kutat\u00e1s, konferenci\u00e1n val\u00f3 r\u00e9szv\u00e9tel, de az ut\u00f3bbiak kiz\u00e1r\u00f3lagos c\u00e9lok nem lehetnek<\/li> <li>5 munkanap alatt minimum 6 tan\u00edt\u00e1si \u00f3ra megtart\u00e1sa k\u00f6telez\u0151 a fogad\u00f3 int\u00e9zm\u00e9nyben<\/li> <\/ul> <p>A megp\u00e1ly\u00e1zhat\u00f3 id\u0151szak:<\/p> <ul> <li>Az oktat\u00f3i kiutaz\u00e1s id\u0151tartama minimum 5 munkanap (technikailag 1 h\u00f3nap)<\/li> <\/ul> <p>Az \u00f6szt\u00f6nd\u00edj elnyer\u00e9s\u00e9nek felt\u00e9telei:<\/p> <ul> <li>egy r\u00e9szv\u00e9telre jogosult fels\u0151oktat\u00e1si int\u00e9zm\u00e9ny alkalmazottja, akinek munkak\u00f6ri k\u00f6teless\u00e9gei k\u00f6z\u00e9 tartozik az oktat\u00e1s<\/li> <li>CEEPUS orsz\u00e1gbeli illetve a CEEPUS programban a tematikus h\u00e1l\u00f3zatokban r\u00e9szt vev\u0151 orsz\u00e1gbeli \u00e1llampolg\u00e1rs\u00e1g (ez al\u00f3l kiv\u00e9telt jelentenek a CEEPUS h\u00e1l\u00f3zatok m\u0171k\u00f6d\u00e9s\u00e9ben r\u00e9szt vev\u0151 vend\u00e9goktat\u00f3k, akik \u00e1llampolg\u00e1rs\u00e1gukt\u00f3l f\u00fcggetlen\u00fcl r\u00e9szt vehetnek az oktat\u00f3i mobilit\u00e1sban)<\/li> <li>az adott h\u00e1l\u00f3zat int\u00e9zm\u00e9nyi koordin\u00e1tor\u00e1nak \/ partner\u00e9nek t\u00e1mogat\u00e1sa<\/li> <\/ul>","protected":false},"excerpt":{"rendered":"<p>Central European Exchange Program for University Studies A program c\u00e9lja, hogy lehet\u0151v\u00e9 tegye a r\u00e9sztvev\u0151 orsz\u00e1gok fels\u0151oktat\u00e1si int\u00e9zm\u00e9nyei (egyetemek, f\u0151iskol\u00e1k) sz\u00e1m\u00e1ra vend\u00e9gtan\u00e1rok fogad\u00e1s\u00e1t, a hallgat\u00f3k sz\u00e1m\u00e1ra a k\u00fclf\u00f6ldi r\u00e9szk\u00e9pz\u00e9st, nyelvi \u00e9s szakmai kurzusokon, valamint ny\u00e1ri egyetemeken val\u00f3 k\u00f6z\u00f6s r\u00e9szv\u00e9telt. A CEEPUS meg\u00e1llapod\u00e1st 1993-ban \u00edrta al\u00e1 Ausztria, Bulg\u00e1ria, Lengyelorsz\u00e1g, Magyarorsz\u00e1g, Szlov\u00e1kia \u00e9s Szlov\u00e9nia korm\u00e1nya majd r\u00f6videsen<\/p>\n","protected":false},"author":1,"featured_media":0,"parent":1116,"menu_order":228,"comment_status":"closed","ping_status":"closed","template":"","meta":{"_acf_changed":false,"footnotes":""},"categories":[],"tags":[],"class_list":["post-1125","page","type-page","status-publish","hentry"],"acf":[],"_links":{"self":[{"href":"https:\/\/univet.hu\/hu\/wp-json\/wp\/v2\/pages\/1125","targetHints":{"allow":["GET"]}}],"collection":[{"href":"https:\/\/univet.hu\/hu\/wp-json\/wp\/v2\/pages"}],"about":[{"href":"https:\/\/univet.hu\/hu\/wp-json\/wp\/v2\/types\/page"}],"author":[{"embeddable":true,"href":"https:\/\/univet.hu\/hu\/wp-json\/wp\/v2\/users\/1"}],"replies":[{"embeddable":true,"href":"https:\/\/univet.hu\/hu\/wp-json\/wp\/v2\/comments?post=1125"}],"version-history":[{"count":2,"href":"https:\/\/univet.hu\/hu\/wp-json\/wp\/v2\/pages\/1125\/revisions"}],"predecessor-version":[{"id":181795,"href":"https:\/\/univet.hu\/hu\/wp-json\/wp\/v2\/pages\/1125\/revisions\/181795"}],"up":[{"embeddable":true,"href":"https:\/\/univet.hu\/hu\/wp-json\/wp\/v2\/pages\/1116"}],"wp:attachment":[{"href":"https:\/\/univet.hu\/hu\/wp-json\/wp\/v2\/media?parent=1125"}],"wp:term":[{"taxonomy":"category","embeddable":true,"href":"https:\/\/univet.hu\/hu\/wp-json\/wp\/v2\/categories?post=1125"},{"taxonomy":"post_tag","embeddable":true,"href":"https:\/\/univet.hu\/hu\/wp-json\/wp\/v2\/tags?post=1125"}],"curies":[{"name":"wp","href":"https:\/\/api.w.org\/{rel}","templated":true}]}}