{"id":11255,"date":"2018-04-06T16:08:00","date_gmt":"2018-04-06T14:08:00","guid":{"rendered":"http:\/\/univet.hu\/kutatas\/temak\/allathigieniai-allomany-egeszsegtani-es-allatorvosi-etologiai-kutatocsoport\/"},"modified":"2018-04-06T16:08:00","modified_gmt":"2018-04-06T14:08:00","slug":"allathigieniai-allomany-egeszsegtani-es-allatorvosi-etologiai-kutatocsoport","status":"publish","type":"page","link":"https:\/\/univet.hu\/hu\/kutatas\/temak\/allathigieniai-allomany-egeszsegtani-es-allatorvosi-etologiai-kutatocsoport\/","title":{"rendered":"\u00c1llathigi\u00e9niai, \u00c1llom\u00e1ny-Eg\u00e9szs\u00e9gtani \u00e9s \u00c1llatorvosi Etol\u00f3giai Kutat\u00f3csoport"},"content":{"rendered":"","protected":false},"excerpt":{"rendered":"","protected":false},"author":6022,"featured_media":0,"parent":874,"menu_order":154,"comment_status":"closed","ping_status":"closed","template":"","meta":{"_acf_changed":false,"footnotes":""},"categories":[],"tags":[],"class_list":["post-11255","page","type-page","status-publish","hentry"],"acf":[],"_links":{"self":[{"href":"https:\/\/univet.hu\/hu\/wp-json\/wp\/v2\/pages\/11255","targetHints":{"allow":["GET"]}}],"collection":[{"href":"https:\/\/univet.hu\/hu\/wp-json\/wp\/v2\/pages"}],"about":[{"href":"https:\/\/univet.hu\/hu\/wp-json\/wp\/v2\/types\/page"}],"author":[{"embeddable":true,"href":"https:\/\/univet.hu\/hu\/wp-json\/wp\/v2\/users\/6022"}],"replies":[{"embeddable":true,"href":"https:\/\/univet.hu\/hu\/wp-json\/wp\/v2\/comments?post=11255"}],"version-history":[{"count":0,"href":"https:\/\/univet.hu\/hu\/wp-json\/wp\/v2\/pages\/11255\/revisions"}],"up":[{"embeddable":true,"href":"https:\/\/univet.hu\/hu\/wp-json\/wp\/v2\/pages\/874"}],"wp:attachment":[{"href":"https:\/\/univet.hu\/hu\/wp-json\/wp\/v2\/media?parent=11255"}],"wp:term":[{"taxonomy":"category","embeddable":true,"href":"https:\/\/univet.hu\/hu\/wp-json\/wp\/v2\/categories?post=11255"},{"taxonomy":"post_tag","embeddable":true,"href":"https:\/\/univet.hu\/hu\/wp-json\/wp\/v2\/tags?post=11255"}],"curies":[{"name":"wp","href":"https:\/\/api.w.org\/{rel}","templated":true}]}}