{"id":11259,"date":"2016-02-04T16:00:00","date_gmt":"2016-02-04T15:00:00","guid":{"rendered":"http:\/\/univet.hu\/kutatas\/temak\/alternativ-modszerek-kidolgozasa-campylobacter-jejuni-kolonizacio-csokkentesere2\/"},"modified":"2016-02-04T16:00:00","modified_gmt":"2016-02-04T15:00:00","slug":"alternativ-modszerek-kidolgozasa-campylobacter-jejuni-kolonizacio-csokkentesere2","status":"publish","type":"page","link":"https:\/\/univet.hu\/hu\/kutatas\/temak\/alternativ-modszerek-kidolgozasa-campylobacter-jejuni-kolonizacio-csokkentesere2\/","title":{"rendered":"Alternat\u00edv m\u00f3dszerek kidolgoz\u00e1sa Campylobacter jejuni koloniz\u00e1ci\u00f3 cs\u00f6kkent\u00e9s\u00e9re"},"content":{"rendered":"<p>Az ut\u00f3bbi \u00e9vekben nagy jelent\u0151s\u00e9ggel b\u00edr k\u00fcl\u00f6nb\u00f6z\u0151 alternat\u00edv eradik\u00e1ci\u00f3s strat\u00e9gi\u00e1k kidolgoz\u00e1sa a csirk\u00e9k C. jejuni fert\u0151z\u00f6tts\u00e9g\u00e9nek cs\u00f6kkent\u00e9s\u00e9re. \u00daj hat\u00f3anyagok (pl. butir\u00e1t, bioakt\u00edv n\u00f6v\u00e9nyi kivonatok) antibakteri\u00e1lis hat\u00e9konys\u00e1g\u00e1nak \u00e9s a mucus v\u00e9d\u0151hat\u00e1s\u00e1nak vizsg\u00e1lata in vitro rendszerben. Egy\u00fcttm\u0171k\u00f6d\u00e9s a Pannon Egyetem Georgikon Kar\u00e1val (Prof. Dublecz K\u00e1roly, Dr. Moln\u00e1r Andor) \u00e9s a b\u00e9csi \u00c1llatorvosi Egyetem Baromfiklinik\u00e1j\u00e1val (Dr. Claudia Hess).<\/p> <p>R\u00e9sztvev\u0151k: Kulcs\u00e1r Anna, Kulcs\u00e1rn\u00e9 dr. Petrilla Janka, Dr. M\u00e1tis G\u00e1bor, Dr. Neogr\u00e1dy Zsuzsanna<\/p>","protected":false},"excerpt":{"rendered":"<p>Az ut\u00f3bbi \u00e9vekben nagy jelent\u0151s\u00e9ggel b\u00edr k\u00fcl\u00f6nb\u00f6z\u0151 alternat\u00edv eradik\u00e1ci\u00f3s strat\u00e9gi\u00e1k kidolgoz\u00e1sa a csirk\u00e9k C. jejuni fert\u0151z\u00f6tts\u00e9g\u00e9nek cs\u00f6kkent\u00e9s\u00e9re. \u00daj hat\u00f3anyagok (pl. butir\u00e1t, bioakt\u00edv n\u00f6v\u00e9nyi kivonatok) antibakteri\u00e1lis hat\u00e9konys\u00e1g\u00e1nak \u00e9s a mucus v\u00e9d\u0151hat\u00e1s\u00e1nak vizsg\u00e1lata in vitro rendszerben. Egy\u00fcttm\u0171k\u00f6d\u00e9s a Pannon Egyetem Georgikon Kar\u00e1val (Prof. Dublecz K\u00e1roly, Dr. Moln\u00e1r Andor) \u00e9s a b\u00e9csi \u00c1llatorvosi Egyetem Baromfiklinik\u00e1j\u00e1val (Dr. Claudia Hess).<\/p>\n","protected":false},"author":6022,"featured_media":0,"parent":874,"menu_order":154,"comment_status":"closed","ping_status":"closed","template":"","meta":{"_acf_changed":false,"footnotes":""},"categories":[],"tags":[],"class_list":["post-11259","page","type-page","status-publish","hentry"],"acf":[],"_links":{"self":[{"href":"https:\/\/univet.hu\/hu\/wp-json\/wp\/v2\/pages\/11259","targetHints":{"allow":["GET"]}}],"collection":[{"href":"https:\/\/univet.hu\/hu\/wp-json\/wp\/v2\/pages"}],"about":[{"href":"https:\/\/univet.hu\/hu\/wp-json\/wp\/v2\/types\/page"}],"author":[{"embeddable":true,"href":"https:\/\/univet.hu\/hu\/wp-json\/wp\/v2\/users\/6022"}],"replies":[{"embeddable":true,"href":"https:\/\/univet.hu\/hu\/wp-json\/wp\/v2\/comments?post=11259"}],"version-history":[{"count":0,"href":"https:\/\/univet.hu\/hu\/wp-json\/wp\/v2\/pages\/11259\/revisions"}],"up":[{"embeddable":true,"href":"https:\/\/univet.hu\/hu\/wp-json\/wp\/v2\/pages\/874"}],"wp:attachment":[{"href":"https:\/\/univet.hu\/hu\/wp-json\/wp\/v2\/media?parent=11259"}],"wp:term":[{"taxonomy":"category","embeddable":true,"href":"https:\/\/univet.hu\/hu\/wp-json\/wp\/v2\/categories?post=11259"},{"taxonomy":"post_tag","embeddable":true,"href":"https:\/\/univet.hu\/hu\/wp-json\/wp\/v2\/tags?post=11259"}],"curies":[{"name":"wp","href":"https:\/\/api.w.org\/{rel}","templated":true}]}}