{"id":11260,"date":"2016-02-04T16:00:00","date_gmt":"2016-02-04T15:00:00","guid":{"rendered":"http:\/\/univet.hu\/kutatas\/temak\/antibiotikum-helyettesites-lehetosegei-haszonallatokban-uj-perspektivak-a-takarmany-kiegeszitok-alkalmazasaban\/"},"modified":"2020-11-26T15:32:42","modified_gmt":"2020-11-26T14:32:42","slug":"antibiotikum-helyettesites-lehetosegei-haszonallatokban-uj-perspektivak-a-takarmany-kiegeszitok-alkalmazasaban","status":"publish","type":"page","link":"https:\/\/univet.hu\/hu\/kutatas\/temak\/antibiotikum-helyettesites-lehetosegei-haszonallatokban-uj-perspektivak-a-takarmany-kiegeszitok-alkalmazasaban\/","title":{"rendered":"Antibiotikum helyettes\u00edt\u00e9s lehet\u0151s\u00e9gei haszon\u00e1llatokban, \u00faj perspekt\u00edv\u00e1k a takarm\u00e1ny-kieg\u00e9sz\u00edt\u0151k alkalmaz\u00e1s\u00e1ban"},"content":{"rendered":"<p>Csik\u00f3 Gy\u00f6rgy, Pal\u00f3cz Orsolya<\/p> <p>Kutat\u00e1sunk az antibiotikum haszn\u00e1lat cs\u00f6kkent\u00e9s\u00e9re, illetve lehet\u0151s\u00e9g szerint annak minimaliz\u00e1s\u00e1ra t\u00f6rekszik, olyan hat\u00f3anyagok haszon\u00e1llatokon t\u00f6rt\u00e9n\u0151 tesztel\u00e9s\u00e9vel, amelyek fert\u0151z\u00e9s megel\u0151z\u0151 hat\u00e1s\u00faak.<\/p> <p>Az antibiotikumok hozamfokoz\u00e1sra val\u00f3 haszn\u00e1lat\u00e1nak betilt\u00e1sa, \u00e9s a fert\u0151z\u00e9sek gy\u00f3gyszeres perevenci\u00f3j\u00e1nak korl\u00e1toz\u00e1sa fokozott ig\u00e9nyt teremtett olyan antibiotikum helyettes\u00edt\u0151 szerek bevezet\u00e9s\u00e9re, melyek hat\u00e9konyak a hozamfokoz\u00e1s \u00e9s az eg\u00e9szs\u00e9gmeg\u0151rz\u00e9s ter\u00e9n egyar\u00e1nt.<\/p> <p>Vizsg\u00e1lataink sor\u00e1n immuner\u0151s\u00edt\u0151, illetve eg\u00e9szs\u00e9gmeg\u0151rz\u0151 hat\u00e1s\u00fa anyagokat tesztel\u00fcnk. Ilyenek; a b\u00e9ta-gl\u00fck\u00e1n, amely mind a term\u00e9szetes, mind az adapt\u00edv immunrendszer elemeit stimul\u00e1lja, probiotikus anyagok, amelyek j\u00f3t\u00e9kony em\u00e9szt\u00e9st seg\u00edt\u0151 \u00e9s immunrendszer stimul\u00e1l\u00f3 hat\u00e1s\u00faak, valamint a b\u00e9lbi\u00f3ta egyens\u00faly\u00e1t seg\u00edtik el\u0151, a huminsavak, amelyek em\u00e9szt\u00e9st jav\u00edt\u00f3 \u00e9s antibakteri\u00e1lis hat\u00e1s\u00faak, valamint n\u00f6v\u00e9nyi kivonatok, melyek antibakteri\u00e1lis hat\u00e1s\u00faak.<\/p> <p>A k\u00fcl\u00f6nb\u00f6z\u0151 tesztanyagok adagol\u00e1sa t\u00f6bb koncentr\u00e1ci\u00f3ban nyulaknak illetve csirk\u00e9knek fert\u0151z\u00e9smentes \u00e9s fert\u0151z\u00f6tt \u00e1llom\u00e1nyban egyar\u00e1nt. A kezelt \u00e1llatokat folyamatosan monitorozzuk: testt\u00f6meg m\u00e9r\u00e9s, klinikai vizsg\u00e1lat, felvett t\u00e1p mennyis\u00e9g\u00e9nek m\u00e9r\u00e9se, v\u00e9rk\u00e9p, b\u00e9ls\u00e1rb\u00f3l coliform, tejsavbakt\u00e9rium ar\u00e1ny meghat\u00e1roz\u00e1sa. A fert\u0151z\u00e9ses k\u00eds\u00e9rleti modellben az \u00e1llatokat patol\u00f3giai \u00e9s sz\u00f6vettani vizsg\u00e1latnak is al\u00e1vetj\u00fck.<\/p>","protected":false},"excerpt":{"rendered":"<p>Csik\u00f3 Gy\u00f6rgy, Pal\u00f3cz Orsolya Kutat\u00e1sunk az antibiotikum haszn\u00e1lat cs\u00f6kkent\u00e9s\u00e9re, illetve lehet\u0151s\u00e9g szerint annak minimaliz\u00e1s\u00e1ra t\u00f6rekszik, olyan hat\u00f3anyagok haszon\u00e1llatokon t\u00f6rt\u00e9n\u0151 tesztel\u00e9s\u00e9vel, amelyek fert\u0151z\u00e9s megel\u0151z\u0151 hat\u00e1s\u00faak. Az antibiotikumok hozamfokoz\u00e1sra val\u00f3 haszn\u00e1lat\u00e1nak betilt\u00e1sa, \u00e9s a fert\u0151z\u00e9sek gy\u00f3gyszeres perevenci\u00f3j\u00e1nak korl\u00e1toz\u00e1sa fokozott ig\u00e9nyt teremtett olyan antibiotikum helyettes\u00edt\u0151 szerek bevezet\u00e9s\u00e9re, melyek hat\u00e9konyak a hozamfokoz\u00e1s \u00e9s az eg\u00e9szs\u00e9gmeg\u0151rz\u00e9s ter\u00e9n egyar\u00e1nt. Vizsg\u00e1lataink sor\u00e1n<\/p>\n","protected":false},"author":6022,"featured_media":0,"parent":874,"menu_order":154,"comment_status":"closed","ping_status":"closed","template":"","meta":{"_acf_changed":false,"footnotes":""},"categories":[],"tags":[],"class_list":["post-11260","page","type-page","status-publish","hentry"],"acf":[],"_links":{"self":[{"href":"https:\/\/univet.hu\/hu\/wp-json\/wp\/v2\/pages\/11260","targetHints":{"allow":["GET"]}}],"collection":[{"href":"https:\/\/univet.hu\/hu\/wp-json\/wp\/v2\/pages"}],"about":[{"href":"https:\/\/univet.hu\/hu\/wp-json\/wp\/v2\/types\/page"}],"author":[{"embeddable":true,"href":"https:\/\/univet.hu\/hu\/wp-json\/wp\/v2\/users\/6022"}],"replies":[{"embeddable":true,"href":"https:\/\/univet.hu\/hu\/wp-json\/wp\/v2\/comments?post=11260"}],"version-history":[{"count":0,"href":"https:\/\/univet.hu\/hu\/wp-json\/wp\/v2\/pages\/11260\/revisions"}],"up":[{"embeddable":true,"href":"https:\/\/univet.hu\/hu\/wp-json\/wp\/v2\/pages\/874"}],"wp:attachment":[{"href":"https:\/\/univet.hu\/hu\/wp-json\/wp\/v2\/media?parent=11260"}],"wp:term":[{"taxonomy":"category","embeddable":true,"href":"https:\/\/univet.hu\/hu\/wp-json\/wp\/v2\/categories?post=11260"},{"taxonomy":"post_tag","embeddable":true,"href":"https:\/\/univet.hu\/hu\/wp-json\/wp\/v2\/tags?post=11260"}],"curies":[{"name":"wp","href":"https:\/\/api.w.org\/{rel}","templated":true}]}}