{"id":11269,"date":"2016-02-04T16:00:00","date_gmt":"2016-02-04T15:00:00","guid":{"rendered":"http:\/\/univet.hu\/kutatas\/temak\/citokrom-rendszer-mukodese-haszonallatokban-takarmany-adalekok-hatasa-a-gyogyszer-metabolizmus-cyp-enzimjeinek-mukodesere\/"},"modified":"2020-11-26T15:33:37","modified_gmt":"2020-11-26T14:33:37","slug":"citokrom-rendszer-mukodese-haszonallatokban-takarmany-adalekok-hatasa-a-gyogyszer-metabolizmus-cyp-enzimjeinek-mukodesere","status":"publish","type":"page","link":"https:\/\/univet.hu\/hu\/kutatas\/temak\/citokrom-rendszer-mukodese-haszonallatokban-takarmany-adalekok-hatasa-a-gyogyszer-metabolizmus-cyp-enzimjeinek-mukodesere\/","title":{"rendered":"Citokr\u00f3m rendszer m\u0171k\u00f6d\u00e9se haszon\u00e1llatokban, takarm\u00e1ny-adal\u00e9kok hat\u00e1sa a gy\u00f3gyszer-metabolizmus CYP enzimjeinek m\u0171k\u00f6d\u00e9s\u00e9re"},"content":{"rendered":"<p>Csik\u00f3 Gy\u00f6rgy, Pal\u00f3cz Orsolya<\/p> <p class=\"sorbe\">A citokr\u00f3m P450 (CYP450) enzimek sz\u00e1mos endog\u00e9n \u00e9s exog\u00e9n vegy\u00fclet metabolizmus\u00e1t kataliz\u00e1lj\u00e1k. A CYP1, CYP2 \u00e9s CYP3 csal\u00e1dba tartoz\u00f3 enzimek els\u0151sorban a gy\u00f3gyszerek \u00e9s egy\u00e9b xenobiotikumok \u00e1talak\u00edt\u00e1s\u00e1ban vesznek r\u00e9szt. A CYP450 enzimek aktivit\u00e1s\u00e1ban bek\u00f6vetkez\u0151 b\u00e1rmilyen v\u00e1ltoz\u00e1s befoly\u00e1solja a gy\u00f3gyszermetabolitok keletkez\u00e9s\u00e9nek m\u00e9rt\u00e9k\u00e9t a szervezetben. Ezek a hem tartalm\u00fa, endoplazmatikus retikulumhoz k\u00f6t\u00f6tt enzimek megtal\u00e1lhat\u00f3k valamennyi \u00e9l\u0151l\u00e9nyben, azonban mennyis\u00e9g\u00fck \u00e9s aktivit\u00e1suk jelent\u0151s faji k\u00fcl\u00f6nbs\u00e9geket mutat, legnagyobb mennyis\u00e9gben a m\u00e1jsz\u00f6vetben fordulnak el\u0151.<\/p> <p class=\"sorbe\">J\u00f3t\u00e9kony hat\u00e1s\u00fa takarm\u00e1ny-kieg\u00e9sz\u00edt\u0151ket alkalmazunk, k\u00fcl\u00f6nb\u00f6z\u0151 koncentr\u00e1ci\u00f3ban, melyek hat\u00e1s\u00e1t vizsg\u00e1ljuk a CYP450 enzimrendszerre; enzimaktivit\u00e1s, CYP g\u00e9nexpresszi\u00f3 meghat\u00e1roz\u00e1sa a kemilumineszcencia illetve qRT-PCR m\u00f3dszerrel, h\u00e1ziny\u00falban, h\u00e1zity\u00fakban, sert\u00e9sben in vivo \u00e9s in vitro k\u00f6r\u00fclm\u00e9nyekben.<\/p>","protected":false},"excerpt":{"rendered":"<p>Csik\u00f3 Gy\u00f6rgy, Pal\u00f3cz Orsolya A citokr\u00f3m P450 (CYP450) enzimek sz\u00e1mos endog\u00e9n \u00e9s exog\u00e9n vegy\u00fclet metabolizmus\u00e1t kataliz\u00e1lj\u00e1k. A CYP1, CYP2 \u00e9s CYP3 csal\u00e1dba tartoz\u00f3 enzimek els\u0151sorban a gy\u00f3gyszerek \u00e9s egy\u00e9b xenobiotikumok \u00e1talak\u00edt\u00e1s\u00e1ban vesznek r\u00e9szt. A CYP450 enzimek aktivit\u00e1s\u00e1ban bek\u00f6vetkez\u0151 b\u00e1rmilyen v\u00e1ltoz\u00e1s befoly\u00e1solja a gy\u00f3gyszermetabolitok keletkez\u00e9s\u00e9nek m\u00e9rt\u00e9k\u00e9t a szervezetben. Ezek a hem tartalm\u00fa, endoplazmatikus retikulumhoz k\u00f6t\u00f6tt enzimek<\/p>\n","protected":false},"author":6022,"featured_media":0,"parent":874,"menu_order":154,"comment_status":"closed","ping_status":"closed","template":"","meta":{"_acf_changed":false,"footnotes":""},"categories":[],"tags":[],"class_list":["post-11269","page","type-page","status-publish","hentry"],"acf":[],"_links":{"self":[{"href":"https:\/\/univet.hu\/hu\/wp-json\/wp\/v2\/pages\/11269","targetHints":{"allow":["GET"]}}],"collection":[{"href":"https:\/\/univet.hu\/hu\/wp-json\/wp\/v2\/pages"}],"about":[{"href":"https:\/\/univet.hu\/hu\/wp-json\/wp\/v2\/types\/page"}],"author":[{"embeddable":true,"href":"https:\/\/univet.hu\/hu\/wp-json\/wp\/v2\/users\/6022"}],"replies":[{"embeddable":true,"href":"https:\/\/univet.hu\/hu\/wp-json\/wp\/v2\/comments?post=11269"}],"version-history":[{"count":0,"href":"https:\/\/univet.hu\/hu\/wp-json\/wp\/v2\/pages\/11269\/revisions"}],"up":[{"embeddable":true,"href":"https:\/\/univet.hu\/hu\/wp-json\/wp\/v2\/pages\/874"}],"wp:attachment":[{"href":"https:\/\/univet.hu\/hu\/wp-json\/wp\/v2\/media?parent=11269"}],"wp:term":[{"taxonomy":"category","embeddable":true,"href":"https:\/\/univet.hu\/hu\/wp-json\/wp\/v2\/categories?post=11269"},{"taxonomy":"post_tag","embeddable":true,"href":"https:\/\/univet.hu\/hu\/wp-json\/wp\/v2\/tags?post=11269"}],"curies":[{"name":"wp","href":"https:\/\/api.w.org\/{rel}","templated":true}]}}