{"id":11271,"date":"2016-02-04T16:00:00","date_gmt":"2016-02-04T15:00:00","guid":{"rendered":"http:\/\/univet.hu\/kutatas\/temak\/diagnosztikai-tesztek-statisztikai-tulajdonsagai\/"},"modified":"2016-02-04T16:00:00","modified_gmt":"2016-02-04T15:00:00","slug":"diagnosztikai-tesztek-statisztikai-tulajdonsagai","status":"publish","type":"page","link":"https:\/\/univet.hu\/hu\/kutatas\/temak\/diagnosztikai-tesztek-statisztikai-tulajdonsagai\/","title":{"rendered":"Diagnosztikai tesztek statisztikai tulajdons\u00e1gai"},"content":{"rendered":"<p>Pont- \u00e9s intervallumbecsl\u00e9sek diagnosztikai tesztek szenzitivit\u00e1s\u00e1ra, specificit\u00e1s\u00e1ra, a betegs\u00e9g prevalenci\u00e1j\u00e1ra.<\/p>","protected":false},"excerpt":{"rendered":"<p>Pont- \u00e9s intervallumbecsl\u00e9sek diagnosztikai tesztek szenzitivit\u00e1s\u00e1ra, specificit\u00e1s\u00e1ra, a betegs\u00e9g prevalenci\u00e1j\u00e1ra.<\/p>\n","protected":false},"author":6022,"featured_media":0,"parent":874,"menu_order":154,"comment_status":"closed","ping_status":"closed","template":"","meta":{"_acf_changed":false,"footnotes":""},"categories":[],"tags":[],"class_list":["post-11271","page","type-page","status-publish","hentry"],"acf":[],"_links":{"self":[{"href":"https:\/\/univet.hu\/hu\/wp-json\/wp\/v2\/pages\/11271","targetHints":{"allow":["GET"]}}],"collection":[{"href":"https:\/\/univet.hu\/hu\/wp-json\/wp\/v2\/pages"}],"about":[{"href":"https:\/\/univet.hu\/hu\/wp-json\/wp\/v2\/types\/page"}],"author":[{"embeddable":true,"href":"https:\/\/univet.hu\/hu\/wp-json\/wp\/v2\/users\/6022"}],"replies":[{"embeddable":true,"href":"https:\/\/univet.hu\/hu\/wp-json\/wp\/v2\/comments?post=11271"}],"version-history":[{"count":0,"href":"https:\/\/univet.hu\/hu\/wp-json\/wp\/v2\/pages\/11271\/revisions"}],"up":[{"embeddable":true,"href":"https:\/\/univet.hu\/hu\/wp-json\/wp\/v2\/pages\/874"}],"wp:attachment":[{"href":"https:\/\/univet.hu\/hu\/wp-json\/wp\/v2\/media?parent=11271"}],"wp:term":[{"taxonomy":"category","embeddable":true,"href":"https:\/\/univet.hu\/hu\/wp-json\/wp\/v2\/categories?post=11271"},{"taxonomy":"post_tag","embeddable":true,"href":"https:\/\/univet.hu\/hu\/wp-json\/wp\/v2\/tags?post=11271"}],"curies":[{"name":"wp","href":"https:\/\/api.w.org\/{rel}","templated":true}]}}