{"id":11276,"date":"2016-02-04T16:00:00","date_gmt":"2016-02-04T15:00:00","guid":{"rendered":"http:\/\/univet.hu\/kutatas\/temak\/e-learning-az-allatorvosi-oktatasban\/"},"modified":"2016-02-04T16:00:00","modified_gmt":"2016-02-04T15:00:00","slug":"e-learning-az-allatorvosi-oktatasban","status":"publish","type":"page","link":"https:\/\/univet.hu\/hu\/kutatas\/temak\/e-learning-az-allatorvosi-oktatasban\/","title":{"rendered":"E-learning az \u00e1llatorvosi oktat\u00e1sban"},"content":{"rendered":"<p>A Patol\u00f3giai Tansz\u00e9k k\u00e9t jelenleg foly\u00f3 Eur\u00f3pai Uni\u00f3s e-learning projektben vesz r\u00e9szt.<\/p> <p>A NOVICE egy \u00e1llatorvosi szakmai online k\u00f6z\u00f6ss\u00e9g kialak\u00edt\u00e1s\u00e1t t\u0171zte ki c\u00e9lul.<\/p> <p>A VetVIP az \u00c9lettani tansz\u00e9k k\u00f6ztem\u0171k\u00f6d\u00e9s\u00e9vel virtu\u00e1lis p\u00e1cienseken kereszt\u00fcl hozz\u00e1 k\u00f6zelebb az alaptant\u00e1rgyak oktat\u00e1s\u00e1t, meg\u00e9rt\u00e9s\u00e9t.<\/p>","protected":false},"excerpt":{"rendered":"<p>A Patol\u00f3giai Tansz\u00e9k k\u00e9t jelenleg foly\u00f3 Eur\u00f3pai Uni\u00f3s e-learning projektben vesz r\u00e9szt. A NOVICE egy \u00e1llatorvosi szakmai online k\u00f6z\u00f6ss\u00e9g kialak\u00edt\u00e1s\u00e1t t\u0171zte ki c\u00e9lul. A VetVIP az \u00c9lettani tansz\u00e9k k\u00f6ztem\u0171k\u00f6d\u00e9s\u00e9vel virtu\u00e1lis p\u00e1cienseken kereszt\u00fcl hozz\u00e1 k\u00f6zelebb az alaptant\u00e1rgyak oktat\u00e1s\u00e1t, meg\u00e9rt\u00e9s\u00e9t.<\/p>\n","protected":false},"author":6022,"featured_media":0,"parent":874,"menu_order":154,"comment_status":"closed","ping_status":"closed","template":"","meta":{"_acf_changed":false,"footnotes":""},"categories":[],"tags":[],"class_list":["post-11276","page","type-page","status-publish","hentry"],"acf":[],"_links":{"self":[{"href":"https:\/\/univet.hu\/hu\/wp-json\/wp\/v2\/pages\/11276","targetHints":{"allow":["GET"]}}],"collection":[{"href":"https:\/\/univet.hu\/hu\/wp-json\/wp\/v2\/pages"}],"about":[{"href":"https:\/\/univet.hu\/hu\/wp-json\/wp\/v2\/types\/page"}],"author":[{"embeddable":true,"href":"https:\/\/univet.hu\/hu\/wp-json\/wp\/v2\/users\/6022"}],"replies":[{"embeddable":true,"href":"https:\/\/univet.hu\/hu\/wp-json\/wp\/v2\/comments?post=11276"}],"version-history":[{"count":0,"href":"https:\/\/univet.hu\/hu\/wp-json\/wp\/v2\/pages\/11276\/revisions"}],"up":[{"embeddable":true,"href":"https:\/\/univet.hu\/hu\/wp-json\/wp\/v2\/pages\/874"}],"wp:attachment":[{"href":"https:\/\/univet.hu\/hu\/wp-json\/wp\/v2\/media?parent=11276"}],"wp:term":[{"taxonomy":"category","embeddable":true,"href":"https:\/\/univet.hu\/hu\/wp-json\/wp\/v2\/categories?post=11276"},{"taxonomy":"post_tag","embeddable":true,"href":"https:\/\/univet.hu\/hu\/wp-json\/wp\/v2\/tags?post=11276"}],"curies":[{"name":"wp","href":"https:\/\/api.w.org\/{rel}","templated":true}]}}